{"id":5111,"date":"2025-09-29T20:34:33","date_gmt":"2025-09-29T20:34:33","guid":{"rendered":"https:\/\/hastal.rozklad.dev\/recensioni\/"},"modified":"2026-02-02T19:50:27","modified_gmt":"2026-02-02T19:50:27","slug":"recensioni","status":"publish","type":"page","link":"https:\/\/hastal.rozklad.dev\/it\/recensioni\/","title":{"rendered":"Recensioni"},"content":{"rendered":"\t\t<div data-elementor-type=\"wp-page\" data-elementor-id=\"5111\" class=\"elementor elementor-5111 elementor-2241\" data-elementor-post-type=\"page\">\n\t\t\t\t<div class=\"elementor-element elementor-element-cb6163e e-flex e-con-boxed e-con e-parent\" data-id=\"cb6163e\" data-element_type=\"container\">\n\t\t\t\t\t<div class=\"e-con-inner\">\n\t\t\t\t<div class=\"elementor-element elementor-element-edf7f84 elementor-widget elementor-widget-cs_title\" data-id=\"edf7f84\" data-element_type=\"widget\" data-widget_type=\"cs_title.default\">\n\t\t\t\t<div class=\"elementor-widget-container\">\n\t\t\t\t\t\n        <div class=\"cs-title-wrap text-center\">\t            <div class=\"cs-subtitle-wrap\"><span class=\"cs-subtitle\">Cosa dicono di noi i nostri clienti<\/span><\/div>\t            <h4 class=\"cs-title\">\n\t                Recensioni  \t            <\/h4>        <\/div>\t\t\t\t<\/div>\n\t\t\t\t<\/div>\n\t\t\t\t\t<\/div>\n\t\t\t\t<\/div>\n\t\t<div class=\"elementor-element elementor-element-714fcf0 e-flex e-con-boxed e-con e-parent\" data-id=\"714fcf0\" data-element_type=\"container\">\n\t\t\t\t\t<div class=\"e-con-inner\">\n\t\t\t\t<div class=\"elementor-element elementor-element-84dcf3f elementor-widget elementor-widget-real_testimonial_Pro_shortcode\" data-id=\"84dcf3f\" data-element_type=\"widget\" data-widget_type=\"real_testimonial_Pro_shortcode.default\">\n\t\t\t\t<div class=\"elementor-widget-container\">\n\t\t\t\t\t<style id=\"sp_testimonial_dynamic_css3038\">#sp-testimonial-free-wrapper-3038 .sp-testimonial-free-section ul.sp-tfree-pagination li a, #sp-testimonial-free-wrapper-3038 .sp-testimonial-free-section ul.sp-tfree-pagination li span.current{color: #5e5e5e;background: #ffffff;border: 2px solid #bbbbbb;}#sp-testimonial-free-wrapper-3038 .sp-testimonial-free-section ul.sp-tfree-pagination li span.current, #sp-testimonial-free-wrapper-3038 .sp-testimonial-free-section ul.sp-tfree-pagination li a:hover{background: #b59e7a; color: #ffffff; border-color: #b59e7a;}#sp-testimonial-free-wrapper-3038 .sp-testimonial-free-section ul.sp-tfree-pagination {margin: 20px 0px 20px 0px;padding:0;}#sp-testimonial-free-wrapper-3038 .sp-testimonial-free-section .sp-tfree-pagination-area {text-align: left;margin:0;}#sp-testimonial-free-wrapper-3038 .sp-testimonial-free-section .sp-testimonial-client-image img {background: #ffffff;border: 0px solid #dddddd;padding: 0px;}#sp-testimonial-free-wrapper-3038 .sp-testimonial-free-section .sp-testimonial-client-image {text-align: center;}#sp-testimonial-free-wrapper-3038 .sp-testimonial-free-section .sp-testimonial-client-rating{ display: inline-flex; gap: 2px;}#sp-testimonial-free-wrapper-3038 .sp-testimonial-free-section .sp-testimonial-client-rating i.fa{ color: #bbc2c7; font-size: 19px;}#sp-testimonial-free-wrapper-3038 .sp-testimonial-free-section .sp-testimonial-client-rating i.fa-star{color: #ffb900;}#sp-testimonial-free-wrapper-3038 .sp-testimonial-free-section .sp-testimonial-client-designation{color: #ffffff;}#sp-testimonial-free-wrapper-3038 .sp-testimonial-free-section .sp-testimonial-client-name{color: #ffffff;}#sp-testimonial-free-wrapper-3038 .sp-testimonial-free-section .sp-testimonial-client-testimonial{color: #ffffff;}#sp-testimonial-free-wrapper-3038 .sp-testimonial-free-section .sp-testimonial-title .sp-testimonial-post-title{color: #ffffff;}#sp-testimonial-free-wrapper-3038 .sp-testimonial-free {background : transparent;border: 0px solid #e3e3e3;border-radius: 0px;}#sp-testimonial-free-wrapper-3038 .tfree-grid-items {margin-right: -10px;margin-left: -10px;width: calc(100% + 20px);}#sp-testimonial-free-wrapper-3038 .tfree-layout-grid .sp-testimonial-item {padding-right: 10px;padding-left: 10px;padding-bottom: 20px;}<\/style><div id=\"sp-testimonial-free-wrapper-3038\" class=\"sp-testimonial-free-wrapper\"><div id=\"sp-testimonial-free-3038\" class=\"sp-testimonial-free-section tfree-layout-grid tfree-style-theme-one-v2\" dir=\"ltr\" data-preloader=\"\" ><div class=\"tfree-grid-items\"><div class=\"sp-testimonial-item tfree-col-xl-4 tfree-col-lg-4 tfree-col-md-2 tfree-col-sm-1 tfree-col-xs-1 post-5111 page type-page status-publish hentry\"><div class=\"sp-testimonial-free\"><div class=\"sp-testimonial-details\"><div class=\"sp-testimonial-title\"><h3 class=\"sp-testimonial-post-title\">Didier Defranc<\/h3><\/div><div class=\"sp-testimonial-client-testimonial\"><div class=\"sp-testimonial-content\"><p>Tipo di viaggio &#8211; Vacanza<br \/>Camere: 5<br \/>Servizio: 5<br \/>Posizione: 5<\/p><\/div><\/div><\/div><\/div> <\/div> <div class=\"sp-testimonial-item tfree-col-xl-4 tfree-col-lg-4 tfree-col-md-2 tfree-col-sm-1 tfree-col-xs-1 post-5111 page type-page status-publish hentry\"><div class=\"sp-testimonial-free\"><div class=\"sp-testimonial-details\"><div class=\"sp-testimonial-title\"><h3 class=\"sp-testimonial-post-title\">Iulia Irimia<\/h3><\/div><\/div><\/div> <\/div> <div class=\"sp-testimonial-item tfree-col-xl-4 tfree-col-lg-4 tfree-col-md-2 tfree-col-sm-1 tfree-col-xs-1 post-5111 page type-page status-publish hentry\"><div class=\"sp-testimonial-free\"><div class=\"sp-testimonial-details\"><div class=\"sp-testimonial-title\"><h3 class=\"sp-testimonial-post-title\">Gretel<\/h3><\/div><div class=\"sp-testimonial-client-testimonial\"><div class=\"sp-testimonial-content\"><p>Il mio gruppo ha appena trascorso tre notti in questo hotel (3 coppie) e non avrebbe potuto essere migliore. Mi \u00e8 piaciuto molto l&#8217;atmosfera antica e i comfort moderni. Mi sono sentita a casa. La posizione era perfetta. Abbiamo raggiunto a piedi tutto ci\u00f2 che volevamo fare o abbiamo preso i mezzi pubblici per raggiungere altre localit\u00e0. La colazione era eccezionale, mi mancheranno le sue deliziose selezioni. Il personale \u00e8 stato cos\u00ec disponibile e gentile. Torner\u00f2 sicuramente in questo fermento boutique hotel.<br \/>Tipo di viaggio &#8211; Vacanza<br \/>Gruppo di viaggio &#8211; Amici<br \/>Camere: 5<br \/>Servizio: 5<br \/>Posizione: 5 <\/p><\/div><\/div><\/div><\/div> <\/div> <div class=\"sp-testimonial-item tfree-col-xl-4 tfree-col-lg-4 tfree-col-md-2 tfree-col-sm-1 tfree-col-xs-1 post-5111 page type-page status-publish hentry\"><div class=\"sp-testimonial-free\"><div class=\"sp-testimonial-details\"><div class=\"sp-testimonial-title\"><h3 class=\"sp-testimonial-post-title\">veronikamF7277WE<\/h3><\/div><div class=\"sp-testimonial-client-testimonial\"><div class=\"sp-testimonial-content\"><p>Soggiorno fantastico! Le camere erano bellissime, pulite e decorate in modo autentico. Ogni mattina abbiamo gustato una deliziosa colazione preparata al momento. Il personale era cos\u00ec accogliente e cordiale e la posizione non poteva essere migliore: proprio nel cuore di Praga! Abbiamo anche apprezzato il piccolo tocco del liquore fatto in casa che ci veniva consegnato in camera ogni giorno. Non vedo l&#8217;ora di tornare! <\/p><\/div><\/div><\/div><\/div> <\/div> <div class=\"sp-testimonial-item tfree-col-xl-4 tfree-col-lg-4 tfree-col-md-2 tfree-col-sm-1 tfree-col-xs-1 post-5111 page type-page status-publish hentry\"><div class=\"sp-testimonial-free\"><div class=\"sp-testimonial-details\"><div class=\"sp-testimonial-title\"><h3 class=\"sp-testimonial-post-title\">John Foster<\/h3><\/div><div class=\"sp-testimonial-client-testimonial\"><div class=\"sp-testimonial-content\"><p>Ottimo personale alla reception&#8230; Utile e cordiale. La colazione aveva un&#8217;enorme selezione di gustose prelibatezze. Uno dei posti migliori in cui abbiamo soggiornato.<br \/>Tipo di viaggio &#8211; Vacanza<br \/>Gruppo di viaggio &#8211; Famiglia<br \/>Camere: 5<br \/>Servizio: 5<br \/>Posizione: 5 <\/p><\/div><\/div><\/div><\/div> <\/div> <div class=\"sp-testimonial-item tfree-col-xl-4 tfree-col-lg-4 tfree-col-md-2 tfree-col-sm-1 tfree-col-xs-1 post-5111 page type-page status-publish hentry\"><div class=\"sp-testimonial-free\"><div class=\"sp-testimonial-details\"><div class=\"sp-testimonial-title\"><h3 class=\"sp-testimonial-post-title\">T7146PUpaulat<\/h3><\/div><div class=\"sp-testimonial-client-testimonial\"><div class=\"sp-testimonial-content\"><p>Arredamento incantevole, personale multilingue eccellente e attento, colazione abbondante, posizione fantastica. Soggiornerei sicuramente di nuovo qui. <\/p><\/div><\/div><\/div><\/div> <\/div> <div class=\"sp-testimonial-item tfree-col-xl-4 tfree-col-lg-4 tfree-col-md-2 tfree-col-sm-1 tfree-col-xs-1 post-5111 page type-page status-publish hentry\"><div class=\"sp-testimonial-free\"><div class=\"sp-testimonial-details\"><div class=\"sp-testimonial-title\"><h3 class=\"sp-testimonial-post-title\">clemjey<\/h3><\/div><div class=\"sp-testimonial-client-testimonial\"><div class=\"sp-testimonial-content\"><p>Siamo una famiglia di quattro persone e abbiamo soggiornato nell&#8217;appartamento per famiglie dell&#8217;Hotel Hastal. Per noi \u00e8 stata un&#8217;esperienza fantastica dall&#8217;inizio alla fine. L&#8217;hotel \u00e8 perfettamente mantenuto con un&#8217;atmosfera autentica e classica. La posizione \u00e8 eccellente e abbiamo raggiunto a piedi la maggior parte delle attrazioni principali, il che ha reso facile esplorare Praga con i bambini. La camera dell&#8217;appartamento per famiglie al 6\u00b0 piano era spaziosa, confortevole e silenziosa.||La colazione era molto buona con ampia scelta, ma \u00e8 stata apprezzata soprattutto per le bevande calde gratuite 24 ore su 24, 7 giorni su 7, con caff\u00e8 e cioccolata calda, soprattutto dopo una lunga giornata fuori casa.||In generale, l&#8217;Hotel Hastal Prague offre un valore superbo nel cuore di Praga. Raccomandiamo vivamente l&#8217;Hotel Hastal a tutti i tipi di viaggiatori, soprattutto se desideri carattere, comfort e una base raggiungibile a piedi.<\/p><\/div><\/div><\/div><\/div> <\/div> <div class=\"sp-testimonial-item tfree-col-xl-4 tfree-col-lg-4 tfree-col-md-2 tfree-col-sm-1 tfree-col-xs-1 post-5111 page type-page status-publish hentry\"><div class=\"sp-testimonial-free\"><div class=\"sp-testimonial-details\"><div class=\"sp-testimonial-title\"><h3 class=\"sp-testimonial-post-title\">Clemente Jeyaraj<\/h3><\/div><div class=\"sp-testimonial-client-testimonial\"><div class=\"sp-testimonial-content\"><p>Siamo una famiglia di quattro persone e abbiamo soggiornato nell&#8217;appartamento per famiglie dell&#8217;Hotel Hastal. Per noi \u00e8 stata un&#8217;esperienza fantastica dall&#8217;inizio alla fine. L&#8217;hotel \u00e8 perfettamente mantenuto con un&#8217;atmosfera autentica e classica. La posizione era eccellente e abbiamo raggiunto a piedi la maggior parte delle attrazioni principali, il che ha reso facile esplorare Praga con i bambini. <\/p><p>Il personale della reception \u00e8 stato sempre gentile e disponibile. La camera dell&#8217;appartamento familiare al 6\u00b0 piano era spaziosa, confortevole e tranquilla. <\/p><p>La colazione era molto buona, con un&#8217;ampia scelta, ma l&#8217;hotel ha apprezzato molto le bevande calde gratuite 24 ore su 24, 7 giorni su 7, con caff\u00e8 e cioccolata calda, soprattutto dopo una lunga giornata trascorsa fuori.<\/p><p>Nel complesso, l&#8217;Hotel Hastal Prague offre un valore superbo nel cuore di Praga. Consigliamo vivamente l&#8217;Hotel Hastal a tutti i tipi di viaggiatori, soprattutto se si desidera carattere, comfort e una base raggiungibile a piedi.<br \/>Tipo di viaggio &#8211; Vacanza<br \/>Gruppo di viaggio &#8211; Famiglia<br \/>Camere: 5<br \/>Servizio: 5<br \/>Posizione: 5 <\/p><\/div><\/div><\/div><\/div> <\/div> <\/div><div class=\"tfree-col-xl-1 sp-tfree-pagination-area\"><ul class=\"sp-tfree-pagination\"><li><span aria-current=\"page\" class=\"page-numbers current\">1<\/span><\/li><li><a class=\"page-numbers\" href=\"https:\/\/hastal.rozklad.dev\/it\/wp-json\/wp\/v2\/pages\/5111\/?paged3038=2\">2<\/a><\/li><li><a class=\"next page-numbers\" href=\"https:\/\/hastal.rozklad.dev\/it\/wp-json\/wp\/v2\/pages\/5111\/?paged3038=2\"><i class=\"fa fa-angle-right\"><\/i><\/a><\/li><\/ul><\/div><\/div><\/div>\t\t\t\t<\/div>\n\t\t\t\t<\/div>\n\t\t\t\t\t<\/div>\n\t\t\t\t<\/div>\n\t\t<div class=\"elementor-element elementor-element-b58875f e-flex e-con-boxed e-con e-parent\" data-id=\"b58875f\" data-element_type=\"container\">\n\t\t\t\t\t<div class=\"e-con-inner\">\n\t\t\t\t\t<\/div>\n\t\t\t\t<\/div>\n\t\t\t\t<\/div>\n\t\t","protected":false},"excerpt":{"rendered":"<p>Cosa dicono di noi i nostri clienti Recensioni Sarah Trip type &#8211; VacationTravel group &#8211; Family Ferenczi Aniella Before Christmas, we spent four beautiful days in Prague and stayed in Hotel Hastal. The atmosphere of this unique hotel, the kindness and professionalism of the staff, and the great location (it is literally 5 minutes walking &#8230;<\/p>\n","protected":false},"author":1,"featured_media":0,"parent":0,"menu_order":0,"comment_status":"closed","ping_status":"closed","template":"elementor_header_footer","meta":{"cozystay_single_page_hide_site_header":"","cozystay_single_page_site_header_source":"","cozystay_single_page_custom_site_header":"0","cozystay_single_page_custom_sticky_site_header":"0","cozystay_single_page_hide_page_title":"","cozystay_single_page_header_section_size":"","cozystay_single_page_header_background_color":"","cozystay_single_page_header_background_position_x":"center","cozystay_single_page_header_background_position_y":"center","cozystay_single_page_header_background_size":"cover","cozystay_single_page_header_background_repeat":"off","cozystay_single_page_header_background_scroll":"on","cozystay_single_page_header_text_color":"","cozystay_single_page_header_show_breadcrumb":"","cozystay_single_page_site_footer_hide_main":"","cozystay_single_custom_site_footer_main_source":"","cozystay_single_custom_site_footer_main":"0","cozystay_single_page_site_footer_hide_above":"","cozystay_single_custom_site_footer_above_source":"","cozystay_single_custom_site_footer_above":"0","cozystay_single_page_site_footer_hide_instagram":"","cozystay_single_page_site_footer_hide_bottom":"","cozystay_single_custom_mobile_menu_source":"","cozystay_single_custom_mobile_menu":"0","cozystay_single_custom_mobile_menu_animation":"","cozystay_single_custom_mobile_menu_width":"","cozystay_single_custom_mobile_menu_custom_width":375,"footnotes":""},"class_list":["post-5111","page","type-page","status-publish","hentry"],"aioseo_notices":[],"_hostinger_reach_plugin_has_subscription_block":false,"_hostinger_reach_plugin_is_elementor":false,"_links":{"self":[{"href":"https:\/\/hastal.rozklad.dev\/it\/wp-json\/wp\/v2\/pages\/5111","targetHints":{"allow":["GET"]}}],"collection":[{"href":"https:\/\/hastal.rozklad.dev\/it\/wp-json\/wp\/v2\/pages"}],"about":[{"href":"https:\/\/hastal.rozklad.dev\/it\/wp-json\/wp\/v2\/types\/page"}],"author":[{"embeddable":true,"href":"https:\/\/hastal.rozklad.dev\/it\/wp-json\/wp\/v2\/users\/1"}],"replies":[{"embeddable":true,"href":"https:\/\/hastal.rozklad.dev\/it\/wp-json\/wp\/v2\/comments?post=5111"}],"version-history":[{"count":1,"href":"https:\/\/hastal.rozklad.dev\/it\/wp-json\/wp\/v2\/pages\/5111\/revisions"}],"predecessor-version":[{"id":5112,"href":"https:\/\/hastal.rozklad.dev\/it\/wp-json\/wp\/v2\/pages\/5111\/revisions\/5112"}],"wp:attachment":[{"href":"https:\/\/hastal.rozklad.dev\/it\/wp-json\/wp\/v2\/media?parent=5111"}],"curies":[{"name":"wp","href":"https:\/\/api.w.org\/{rel}","templated":true}]}}