{"id":4607,"date":"2023-04-22T07:58:56","date_gmt":"2023-04-22T07:58:56","guid":{"rendered":"https:\/\/hastal.rozklad.dev\/il-nostro-blog\/"},"modified":"2026-02-02T19:48:22","modified_gmt":"2026-02-02T19:48:22","slug":"il-nostro-blog","status":"publish","type":"page","link":"https:\/\/hastal.rozklad.dev\/it\/il-nostro-blog\/","title":{"rendered":"Il nostro blog"},"content":{"rendered":"\t\t<div data-elementor-type=\"wp-page\" data-elementor-id=\"4607\" class=\"elementor elementor-4607 elementor-1002\" data-elementor-post-type=\"page\">\n\t\t\t\t\t\t<section class=\"elementor-section elementor-top-section elementor-element elementor-element-df19b59 elementor-section-height-min-height cs-section-content-fullwidth cs-parallax-on-scroll cs_scroll_y_80 elementor-section-boxed elementor-section-height-default elementor-section-items-middle\" data-id=\"df19b59\" data-element_type=\"section\" data-settings=\"{&quot;background_background&quot;:&quot;classic&quot;}\" data-cs-parallax-y=\"80\" style=\"background-image: none;\" data-cs-background-image=\"https:\/\/hastal.rozklad.dev\/wp-content\/uploads\/2025\/09\/Untitled-design-16.png\" data-cs-background-image-alt-text=\"\">\n\t\t\t\t\t\t\t<div class=\"elementor-background-overlay\"><\/div>\n\t\t\t\t\t\t\t<div class=\"elementor-container elementor-column-gap-no\">\n\t\t\t\t\t<div class=\"elementor-column elementor-col-100 elementor-top-column elementor-element elementor-element-398db92 dark-color\" data-id=\"398db92\" data-element_type=\"column\">\n\t\t\t<div class=\"elementor-widget-wrap elementor-element-populated\">\n\t\t\t\t\t\t<div class=\"elementor-element elementor-element-768b25f elementor-widget elementor-widget-cs_title\" data-id=\"768b25f\" data-element_type=\"widget\" data-widget_type=\"cs_title.default\">\n\t\t\t\t<div class=\"elementor-widget-container\">\n\t\t\t\t\t\n        <div class=\"cs-title-wrap text-center\">\t            <h1 class=\"cs-title\">\n\t                Il nostro blog\t            <\/h1>\t            <div class=\"cs-title-text\">\n\t                <p>Scopri le ultime novit\u00e0 e gli eventi dell&#8217;hotel<\/p>\t            <\/div>        <\/div>\t\t\t\t<\/div>\n\t\t\t\t<\/div>\n\t\t\t\t\t<\/div>\n\t\t<\/div>\n\t\t\t\t\t<\/div>\n\t\t<\/section>\n\t\t\t\t<section class=\"elementor-section elementor-top-section elementor-element elementor-element-fe1806c elementor-section-boxed elementor-section-height-default elementor-section-height-default\" data-id=\"fe1806c\" data-element_type=\"section\">\n\t\t\t\t\t\t<div class=\"elementor-container elementor-column-gap-no\">\n\t\t\t\t\t<div class=\"elementor-column elementor-col-100 elementor-top-column elementor-element elementor-element-9c076c5\" data-id=\"9c076c5\" data-element_type=\"column\">\n\t\t\t<div class=\"elementor-widget-wrap elementor-element-populated\">\n\t\t\t\t\t\t<div class=\"elementor-element elementor-element-1c8288f cs-animation-small-offset elementor-invisible elementor-widget elementor-widget-cs_blog\" data-id=\"1c8288f\" data-element_type=\"widget\" data-settings=\"{&quot;_animation&quot;:&quot;fadeInUp&quot;,&quot;_animation_delay&quot;:150}\" data-widget_type=\"cs_blog.default\">\n\t\t\t\t<div class=\"elementor-widget-container\">\n\t\t\t\t\t\t\t\t\t<div class=\"posts layout-grid column-2 img-ratio-3-2\" data-settings='{\"query\":{\"paged\":1,\"posts_per_page\":4,\"ignore_sticky_posts\":true,\"post_type\":\"post\",\"post_status\":\"publish\"},\"settings\":{\"layout\":\"grid\",\"columns\":\"2\",\"post_meta\":[\"excerpt\",\"read_more_btn\",\"category\",\"date\"],\"page_layout\":\"\",\"pagination\":\"ajax-manual\",\"archive_page\":\"elementor\"}}'>\n\t\t\t\t\t\t\t\t\t<div class=\"posts-wrapper\">\n<article class=\"post-5128 post type-post status-publish format-standard has-post-thumbnail hentry category-benessere category-visite-turistiche tag-benessere tag-eventi-speciali\">\n            <div class=\"featured-img\">\n        \t<a href=\"https:\/\/hastal.rozklad.dev\/it\/le-migliori-esperienze-di-benessere-e-spa-vicino-allhotel-hastal\/\"><img fetchpriority=\"high\" decoding=\"async\" width=\"780\" height=\"780\" src=\"https:\/\/hastal.rozklad.dev\/wp-content\/uploads\/2025\/10\/pexels-karola-g-4202325-edited-780x780.jpg\" class=\"attachment-cozystay_780x9999 size-cozystay_780x9999 wp-post-image image-layout-grid-column-2\" alt=\"Elementi essenziali per la spa e il benessere - prodotti naturali per la cura della pelle e l&#039;aromaterapia vicino all&#039;Hotel Ha\u0161tal di Praga\" srcset=\"https:\/\/hastal.rozklad.dev\/wp-content\/uploads\/2025\/10\/pexels-karola-g-4202325-edited-780x780.jpg 780w, https:\/\/hastal.rozklad.dev\/wp-content\/uploads\/2025\/10\/pexels-karola-g-4202325-edited-300x300.jpg 300w, https:\/\/hastal.rozklad.dev\/wp-content\/uploads\/2025\/10\/pexels-karola-g-4202325-edited-1024x1024.jpg 1024w, https:\/\/hastal.rozklad.dev\/wp-content\/uploads\/2025\/10\/pexels-karola-g-4202325-edited-150x150.jpg 150w, https:\/\/hastal.rozklad.dev\/wp-content\/uploads\/2025\/10\/pexels-karola-g-4202325-edited-768x768.jpg 768w, https:\/\/hastal.rozklad.dev\/wp-content\/uploads\/2025\/10\/pexels-karola-g-4202325-edited-120x120.jpg 120w, https:\/\/hastal.rozklad.dev\/wp-content\/uploads\/2025\/10\/pexels-karola-g-4202325-edited-1536x1536.jpg 1536w, https:\/\/hastal.rozklad.dev\/wp-content\/uploads\/2025\/10\/pexels-karola-g-4202325-edited-2048x2048.jpg 2048w, https:\/\/hastal.rozklad.dev\/wp-content\/uploads\/2025\/10\/pexels-karola-g-4202325-edited-1920x1921.jpg 1920w, https:\/\/hastal.rozklad.dev\/wp-content\/uploads\/2025\/10\/pexels-karola-g-4202325-edited-1440x1441.jpg 1440w, https:\/\/hastal.rozklad.dev\/wp-content\/uploads\/2025\/10\/pexels-karola-g-4202325-edited-1200x1201.jpg 1200w, https:\/\/hastal.rozklad.dev\/wp-content\/uploads\/2025\/10\/pexels-karola-g-4202325-edited-600x600.jpg 600w, https:\/\/hastal.rozklad.dev\/wp-content\/uploads\/2025\/10\/pexels-karola-g-4202325-edited-550x550.jpg 550w, https:\/\/hastal.rozklad.dev\/wp-content\/uploads\/2025\/10\/pexels-karola-g-4202325-edited-370x370.jpg 370w, https:\/\/hastal.rozklad.dev\/wp-content\/uploads\/2025\/10\/pexels-karola-g-4202325-edited-255x255.jpg 255w\" sizes=\"(max-width: 780px) 100vw, 780px\" title=\"Prodotti Spa e Benessere - Hotel Ha\u0161tal Praga - hastal.rozklad.dev\" \/><\/a>            <div class=\"overlay-label time-label featured-style\">\n                <div class=\"meta-item time\">\n                    <time class=\"published\" datetime=\"2025-10-20T06:46:00+00:00\">\n                        <span class=\"month\">Ott<\/span> <span class=\"day\">20<\/span>\n                    <\/time>\n                <\/div>\n            <\/div>        <\/div>\n    <div class=\"post-content\">\n        <header class=\"post-header\">            <div class=\"meta-wrap\">\t\t\t<div class=\"cat-links\"><a href=\"https:\/\/hastal.rozklad.dev\/it\/category\/benessere\/\" rel=\"tag\">Benessere<\/a> <a href=\"https:\/\/hastal.rozklad.dev\/it\/category\/visite-turistiche\/\" rel=\"tag\">Visite turistiche<\/a><\/div>            <\/div>    <h2 class=\"post-title\">\n        <a href=\"https:\/\/hastal.rozklad.dev\/it\/le-migliori-esperienze-di-benessere-e-spa-vicino-allhotel-hastal\/\">Le migliori esperienze di benessere e spa vicino all&#8217;Hotel Ha\u0161tal<\/a>\n    <\/h2>        <\/header>\t\t<div class=\"post-excerpt\"><p>Dopo aver esplorato le strade acciottolate, le piazze storiche e i vivaci caff\u00e8 di Praga, non c&#8217;\u00e8 niente di meglio di un momento di riposo &#8230;<\/p>\n<\/div>             <footer class=\"post-footer\">        <div class=\"more-btn\">\n            <a class=\"read-more-btn button cs-btn-underline\" href=\"https:\/\/hastal.rozklad.dev\/it\/le-migliori-esperienze-di-benessere-e-spa-vicino-allhotel-hastal\/\"><span>Read More<\/span><\/a>\n        <\/div>            <\/footer>    <\/div>\n<\/article>\n\n<article class=\"post-5150 post type-post status-publish format-standard has-post-thumbnail hentry category-benessere category-notizie category-pranzo tag-estate tag-eventi-speciali tag-inverno tag-montagna\">\n            <div class=\"featured-img\">\n        \t<a href=\"https:\/\/hastal.rozklad.dev\/it\/le-10-cose-da-fare-nel-centro-storico-di-praga-vicino-allhotel-hastal\/\"><img decoding=\"async\" width=\"780\" height=\"521\" src=\"https:\/\/hastal.rozklad.dev\/wp-content\/uploads\/2023\/03\/pexels-olgalioncat-7245230-780x521.jpg\" class=\"attachment-cozystay_780x9999 size-cozystay_780x9999 wp-post-image image-layout-grid-column-2\" alt=\"\" srcset=\"https:\/\/hastal.rozklad.dev\/wp-content\/uploads\/2023\/03\/pexels-olgalioncat-7245230-780x521.jpg 780w, https:\/\/hastal.rozklad.dev\/wp-content\/uploads\/2023\/03\/pexels-olgalioncat-7245230-300x200.jpg 300w, https:\/\/hastal.rozklad.dev\/wp-content\/uploads\/2023\/03\/pexels-olgalioncat-7245230-1024x683.jpg 1024w, https:\/\/hastal.rozklad.dev\/wp-content\/uploads\/2023\/03\/pexels-olgalioncat-7245230-768x513.jpg 768w, https:\/\/hastal.rozklad.dev\/wp-content\/uploads\/2023\/03\/pexels-olgalioncat-7245230-1536x1025.jpg 1536w, https:\/\/hastal.rozklad.dev\/wp-content\/uploads\/2023\/03\/pexels-olgalioncat-7245230-2048x1367.jpg 2048w, https:\/\/hastal.rozklad.dev\/wp-content\/uploads\/2023\/03\/pexels-olgalioncat-7245230-1920x1281.jpg 1920w, https:\/\/hastal.rozklad.dev\/wp-content\/uploads\/2023\/03\/pexels-olgalioncat-7245230-1440x961.jpg 1440w, https:\/\/hastal.rozklad.dev\/wp-content\/uploads\/2023\/03\/pexels-olgalioncat-7245230-1200x801.jpg 1200w, https:\/\/hastal.rozklad.dev\/wp-content\/uploads\/2023\/03\/pexels-olgalioncat-7245230-600x400.jpg 600w, https:\/\/hastal.rozklad.dev\/wp-content\/uploads\/2023\/03\/pexels-olgalioncat-7245230-550x367.jpg 550w, https:\/\/hastal.rozklad.dev\/wp-content\/uploads\/2023\/03\/pexels-olgalioncat-7245230-370x247.jpg 370w, https:\/\/hastal.rozklad.dev\/wp-content\/uploads\/2023\/03\/pexels-olgalioncat-7245230-255x170.jpg 255w, https:\/\/hastal.rozklad.dev\/wp-content\/uploads\/2023\/03\/pexels-olgalioncat-7245230-150x100.jpg 150w\" sizes=\"(max-width: 780px) 100vw, 780px\" title=\"pexels-olgalioncat-7245230 - hastal.rozklad.dev\" \/><\/a>            <div class=\"overlay-label time-label featured-style\">\n                <div class=\"meta-item time\">\n                    <time class=\"published\" datetime=\"2025-10-19T07:00:00+00:00\">\n                        <span class=\"month\">Ott<\/span> <span class=\"day\">19<\/span>\n                    <\/time>\n                <\/div>\n            <\/div>        <\/div>\n    <div class=\"post-content\">\n        <header class=\"post-header\">            <div class=\"meta-wrap\">\t\t\t<div class=\"cat-links\"><a href=\"https:\/\/hastal.rozklad.dev\/it\/category\/benessere\/\" rel=\"tag\">Benessere<\/a> <a href=\"https:\/\/hastal.rozklad.dev\/it\/category\/notizie\/\" rel=\"tag\">Notizie<\/a> <a href=\"https:\/\/hastal.rozklad.dev\/it\/category\/pranzo\/\" rel=\"tag\">Pranzo<\/a><\/div>            <\/div>    <h2 class=\"post-title\">\n        <a href=\"https:\/\/hastal.rozklad.dev\/it\/le-10-cose-da-fare-nel-centro-storico-di-praga-vicino-allhotel-hastal\/\">Le 10 cose da fare nel centro storico di Praga vicino all&#8217;Hotel Hastal<\/a>\n    <\/h2>        <\/header>\t\t<div class=\"post-excerpt\"><p>La guida a piedi di Praga per eccellenza per chi la visita per la prima volta e per chi ci torna. Se sei alla ricerca &#8230;<\/p>\n<\/div>             <footer class=\"post-footer\">        <div class=\"more-btn\">\n            <a class=\"read-more-btn button cs-btn-underline\" href=\"https:\/\/hastal.rozklad.dev\/it\/le-10-cose-da-fare-nel-centro-storico-di-praga-vicino-allhotel-hastal\/\"><span>Read More<\/span><\/a>\n        <\/div>            <\/footer>    <\/div>\n<\/article>\n\n<article class=\"post-5178 post type-post status-publish format-standard has-post-thumbnail hentry category-notizie category-pranzo tag-cibo tag-esperienza-culinaria tag-estate tag-eventi-speciali\">\n            <div class=\"featured-img\">\n        \t<a href=\"https:\/\/hastal.rozklad.dev\/it\/i-10-migliori-ristoranti-da-provare-a-pochi-passi-dallhotel-hastal\/\"><img decoding=\"async\" width=\"780\" height=\"586\" src=\"https:\/\/hastal.rozklad.dev\/wp-content\/uploads\/2023\/04\/eaters-collective-ESmxug33C0c-unsplash-780x586.jpg\" class=\"attachment-cozystay_780x9999 size-cozystay_780x9999 wp-post-image image-layout-grid-column-2\" alt=\"\" srcset=\"https:\/\/hastal.rozklad.dev\/wp-content\/uploads\/2023\/04\/eaters-collective-ESmxug33C0c-unsplash-780x586.jpg 780w, https:\/\/hastal.rozklad.dev\/wp-content\/uploads\/2023\/04\/eaters-collective-ESmxug33C0c-unsplash-150x113.jpg 150w, https:\/\/hastal.rozklad.dev\/wp-content\/uploads\/2023\/04\/eaters-collective-ESmxug33C0c-unsplash-600x451.jpg 600w, https:\/\/hastal.rozklad.dev\/wp-content\/uploads\/2023\/04\/eaters-collective-ESmxug33C0c-unsplash-300x225.jpg 300w, https:\/\/hastal.rozklad.dev\/wp-content\/uploads\/2023\/04\/eaters-collective-ESmxug33C0c-unsplash-1024x769.jpg 1024w, https:\/\/hastal.rozklad.dev\/wp-content\/uploads\/2023\/04\/eaters-collective-ESmxug33C0c-unsplash-768x577.jpg 768w, https:\/\/hastal.rozklad.dev\/wp-content\/uploads\/2023\/04\/eaters-collective-ESmxug33C0c-unsplash-1536x1154.jpg 1536w, https:\/\/hastal.rozklad.dev\/wp-content\/uploads\/2023\/04\/eaters-collective-ESmxug33C0c-unsplash-1440x1082.jpg 1440w, https:\/\/hastal.rozklad.dev\/wp-content\/uploads\/2023\/04\/eaters-collective-ESmxug33C0c-unsplash-1200x901.jpg 1200w, https:\/\/hastal.rozklad.dev\/wp-content\/uploads\/2023\/04\/eaters-collective-ESmxug33C0c-unsplash-550x413.jpg 550w, https:\/\/hastal.rozklad.dev\/wp-content\/uploads\/2023\/04\/eaters-collective-ESmxug33C0c-unsplash-370x278.jpg 370w, https:\/\/hastal.rozklad.dev\/wp-content\/uploads\/2023\/04\/eaters-collective-ESmxug33C0c-unsplash-255x192.jpg 255w, https:\/\/hastal.rozklad.dev\/wp-content\/uploads\/2023\/04\/eaters-collective-ESmxug33C0c-unsplash.jpg 1920w\" sizes=\"(max-width: 780px) 100vw, 780px\" title=\"eaters-collective-ESmxug33C0c-unsplash - hastal.rozklad.dev\" \/><\/a>            <div class=\"overlay-label time-label featured-style\">\n                <div class=\"meta-item time\">\n                    <time class=\"published\" datetime=\"2025-10-18T07:08:00+00:00\">\n                        <span class=\"month\">Ott<\/span> <span class=\"day\">18<\/span>\n                    <\/time>\n                <\/div>\n            <\/div>        <\/div>\n    <div class=\"post-content\">\n        <header class=\"post-header\">            <div class=\"meta-wrap\">\t\t\t<div class=\"cat-links\"><a href=\"https:\/\/hastal.rozklad.dev\/it\/category\/notizie\/\" rel=\"tag\">Notizie<\/a> <a href=\"https:\/\/hastal.rozklad.dev\/it\/category\/pranzo\/\" rel=\"tag\">Pranzo<\/a><\/div>            <\/div>    <h2 class=\"post-title\">\n        <a href=\"https:\/\/hastal.rozklad.dev\/it\/i-10-migliori-ristoranti-da-provare-a-pochi-passi-dallhotel-hastal\/\">I 10 migliori ristoranti da provare a pochi passi dall&#8217;Hotel Ha\u0161tal<\/a>\n    <\/h2>        <\/header>\t\t<div class=\"post-excerpt\"><p>Soggiornare all&#8217;Hotel Ha\u0161tal significa trovarsi in una posizione perfetta nel centro storico di Praga per esplorare alcuni dei migliori punti di ristoro della citt\u00e0, senza &#8230;<\/p>\n<\/div>             <footer class=\"post-footer\">        <div class=\"more-btn\">\n            <a class=\"read-more-btn button cs-btn-underline\" href=\"https:\/\/hastal.rozklad.dev\/it\/i-10-migliori-ristoranti-da-provare-a-pochi-passi-dallhotel-hastal\/\"><span>Read More<\/span><\/a>\n        <\/div>            <\/footer>    <\/div>\n<\/article>\n\n<article class=\"post-5136 post type-post status-publish format-gallery has-post-thumbnail hentry category-benessere category-visite-turistiche tag-estate tag-eventi-speciali tag-montagna tag-natura post_format-post-format-gallery\">\n            <div class=\"featured-img\">\n        \t<a href=\"https:\/\/hastal.rozklad.dev\/it\/hotel-hastal-il-miglior-hotel-nel-centro-storico-di-praga-con-fascino-storico-e-recensioni-eccellenti\/\"><img loading=\"lazy\" decoding=\"async\" width=\"780\" height=\"520\" src=\"https:\/\/hastal.rozklad.dev\/wp-content\/uploads\/2025\/09\/dsc01530_17400572647904_1280x768_fft_90-780x520.jpg\" class=\"attachment-cozystay_780x9999 size-cozystay_780x9999 wp-post-image image-layout-grid-column-2\" alt=\"Elegante camera d&#039;albergo dell&#039;Hotel Hastal Prague Old Town con balcone, fiori e decorazioni classiche\" srcset=\"https:\/\/hastal.rozklad.dev\/wp-content\/uploads\/2025\/09\/dsc01530_17400572647904_1280x768_fft_90-780x520.jpg 780w, https:\/\/hastal.rozklad.dev\/wp-content\/uploads\/2025\/09\/dsc01530_17400572647904_1280x768_fft_90-150x100.jpg 150w, https:\/\/hastal.rozklad.dev\/wp-content\/uploads\/2025\/09\/dsc01530_17400572647904_1280x768_fft_90-600x400.jpg 600w, https:\/\/hastal.rozklad.dev\/wp-content\/uploads\/2025\/09\/dsc01530_17400572647904_1280x768_fft_90-300x200.jpg 300w, https:\/\/hastal.rozklad.dev\/wp-content\/uploads\/2025\/09\/dsc01530_17400572647904_1280x768_fft_90-1024x683.jpg 1024w, https:\/\/hastal.rozklad.dev\/wp-content\/uploads\/2025\/09\/dsc01530_17400572647904_1280x768_fft_90-768x512.jpg 768w, https:\/\/hastal.rozklad.dev\/wp-content\/uploads\/2025\/09\/dsc01530_17400572647904_1280x768_fft_90-550x367.jpg 550w, https:\/\/hastal.rozklad.dev\/wp-content\/uploads\/2025\/09\/dsc01530_17400572647904_1280x768_fft_90-370x247.jpg 370w, https:\/\/hastal.rozklad.dev\/wp-content\/uploads\/2025\/09\/dsc01530_17400572647904_1280x768_fft_90-255x170.jpg 255w, https:\/\/hastal.rozklad.dev\/wp-content\/uploads\/2025\/09\/dsc01530_17400572647904_1280x768_fft_90.jpg 1152w\" sizes=\"(max-width: 780px) 100vw, 780px\" title=\"dsc01530_17400572647904_1280x768_fft_90 - hastal.rozklad.dev\" \/><\/a>            <div class=\"overlay-label time-label featured-style\">\n                <div class=\"meta-item time\">\n                    <time class=\"published\" datetime=\"2025-10-17T08:50:00+00:00\">\n                        <span class=\"month\">Ott<\/span> <span class=\"day\">17<\/span>\n                    <\/time>\n                <\/div>\n            <\/div>        <\/div>\n    <div class=\"post-content\">\n        <header class=\"post-header\">            <div class=\"meta-wrap\">\t\t\t<div class=\"cat-links\"><a href=\"https:\/\/hastal.rozklad.dev\/it\/category\/benessere\/\" rel=\"tag\">Benessere<\/a> <a href=\"https:\/\/hastal.rozklad.dev\/it\/category\/visite-turistiche\/\" rel=\"tag\">Visite turistiche<\/a><\/div>            <\/div>    <h2 class=\"post-title\">\n        <a href=\"https:\/\/hastal.rozklad.dev\/it\/hotel-hastal-il-miglior-hotel-nel-centro-storico-di-praga-con-fascino-storico-e-recensioni-eccellenti\/\">Hotel Hastal: il miglior hotel nel centro storico di Praga con fascino storico e recensioni eccellenti<\/a>\n    <\/h2>        <\/header>\t\t<div class=\"post-excerpt\"><p>Pu\u00f2 essere molto difficile scegliere un hotel a Praga. Come si fa a sceglierne uno nella Citt\u00e0 Vecchia che unisca storia, comfort e vera ospitalit\u00e0 &#8230;<\/p>\n<\/div>             <footer class=\"post-footer\">        <div class=\"more-btn\">\n            <a class=\"read-more-btn button cs-btn-underline\" href=\"https:\/\/hastal.rozklad.dev\/it\/hotel-hastal-il-miglior-hotel-nel-centro-storico-di-praga-con-fascino-storico-e-recensioni-eccellenti\/\"><span>Read More<\/span><\/a>\n        <\/div>            <\/footer>    <\/div>\n<\/article>\n\t\t\t\t<\/div>\t\t\t\t<\/div>\t\t\t\t<\/div>\n\t\t\t\t<\/div>\n\t\t\t\t\t<\/div>\n\t\t<\/div>\n\t\t\t\t\t<\/div>\n\t\t<\/section>\n\t\t\t\t<\/div>\n\t\t","protected":false},"excerpt":{"rendered":"<p>Il nostro blog Scopri le ultime novit\u00e0 e gli eventi dell&#8217;hotel Oct 20 Sightseeing Wellness Best Wellness &amp; Spa Experiences Near Hotel Ha\u0161tal After exploring Prague\u2019s cobblestone streets, historic squares, and lively caf\u00e9s, there\u2019s nothing better than a moment of rest and rejuvenation. Guests staying at Hotel Ha\u0161tal &#8230; Read More Oct 19 Dining News &#8230;<\/p>\n","protected":false},"author":1,"featured_media":0,"parent":0,"menu_order":0,"comment_status":"closed","ping_status":"closed","template":"template-wide-content.php","meta":{"cozystay_single_page_hide_site_header":"","cozystay_single_page_site_header_source":"","cozystay_single_page_custom_site_header":"0","cozystay_single_page_custom_sticky_site_header":"0","cozystay_single_page_hide_page_title":"","cozystay_single_page_header_section_size":"","cozystay_single_page_header_background_color":"","cozystay_single_page_header_background_position_x":"center","cozystay_single_page_header_background_position_y":"center","cozystay_single_page_header_background_size":"cover","cozystay_single_page_header_background_repeat":"off","cozystay_single_page_header_background_scroll":"on","cozystay_single_page_header_text_color":"","cozystay_single_page_header_show_breadcrumb":"","cozystay_single_page_site_footer_hide_main":"","cozystay_single_custom_site_footer_main_source":"","cozystay_single_custom_site_footer_main":"0","cozystay_single_page_site_footer_hide_above":"","cozystay_single_custom_site_footer_above_source":"","cozystay_single_custom_site_footer_above":"0","cozystay_single_page_site_footer_hide_instagram":"","cozystay_single_page_site_footer_hide_bottom":"","cozystay_single_custom_mobile_menu_source":"","cozystay_single_custom_mobile_menu":"0","cozystay_single_custom_mobile_menu_animation":"","cozystay_single_custom_mobile_menu_width":"","cozystay_single_custom_mobile_menu_custom_width":375,"footnotes":""},"class_list":["post-4607","page","type-page","status-publish","hentry"],"aioseo_notices":[],"_hostinger_reach_plugin_has_subscription_block":false,"_hostinger_reach_plugin_is_elementor":false,"_links":{"self":[{"href":"https:\/\/hastal.rozklad.dev\/it\/wp-json\/wp\/v2\/pages\/4607","targetHints":{"allow":["GET"]}}],"collection":[{"href":"https:\/\/hastal.rozklad.dev\/it\/wp-json\/wp\/v2\/pages"}],"about":[{"href":"https:\/\/hastal.rozklad.dev\/it\/wp-json\/wp\/v2\/types\/page"}],"author":[{"embeddable":true,"href":"https:\/\/hastal.rozklad.dev\/it\/wp-json\/wp\/v2\/users\/1"}],"replies":[{"embeddable":true,"href":"https:\/\/hastal.rozklad.dev\/it\/wp-json\/wp\/v2\/comments?post=4607"}],"version-history":[{"count":1,"href":"https:\/\/hastal.rozklad.dev\/it\/wp-json\/wp\/v2\/pages\/4607\/revisions"}],"predecessor-version":[{"id":4609,"href":"https:\/\/hastal.rozklad.dev\/it\/wp-json\/wp\/v2\/pages\/4607\/revisions\/4609"}],"wp:attachment":[{"href":"https:\/\/hastal.rozklad.dev\/it\/wp-json\/wp\/v2\/media?parent=4607"}],"curies":[{"name":"wp","href":"https:\/\/api.w.org\/{rel}","templated":true}]}}