{"id":5107,"date":"2025-09-29T20:34:33","date_gmt":"2025-09-29T20:34:33","guid":{"rendered":"https:\/\/hastal.rozklad.dev\/commentaires\/"},"modified":"2026-02-02T19:50:18","modified_gmt":"2026-02-02T19:50:18","slug":"commentaires","status":"publish","type":"page","link":"https:\/\/hastal.rozklad.dev\/fr\/commentaires\/","title":{"rendered":"Commentaires"},"content":{"rendered":"\t\t<div data-elementor-type=\"wp-page\" data-elementor-id=\"5107\" class=\"elementor elementor-5107 elementor-2241\" data-elementor-post-type=\"page\">\n\t\t\t\t<div class=\"elementor-element elementor-element-cb6163e e-flex e-con-boxed e-con e-parent\" data-id=\"cb6163e\" data-element_type=\"container\">\n\t\t\t\t\t<div class=\"e-con-inner\">\n\t\t\t\t<div class=\"elementor-element elementor-element-edf7f84 elementor-widget elementor-widget-cs_title\" data-id=\"edf7f84\" data-element_type=\"widget\" data-widget_type=\"cs_title.default\">\n\t\t\t\t<div class=\"elementor-widget-container\">\n\t\t\t\t\t\n        <div class=\"cs-title-wrap text-center\">\t            <div class=\"cs-subtitle-wrap\"><span class=\"cs-subtitle\">Ce que nos clients disent de nous<\/span><\/div>\t            <h4 class=\"cs-title\">\n\t                Commentaires  \t            <\/h4>        <\/div>\t\t\t\t<\/div>\n\t\t\t\t<\/div>\n\t\t\t\t\t<\/div>\n\t\t\t\t<\/div>\n\t\t<div class=\"elementor-element elementor-element-714fcf0 e-flex e-con-boxed e-con e-parent\" data-id=\"714fcf0\" data-element_type=\"container\">\n\t\t\t\t\t<div class=\"e-con-inner\">\n\t\t\t\t<div class=\"elementor-element elementor-element-84dcf3f elementor-widget elementor-widget-real_testimonial_Pro_shortcode\" data-id=\"84dcf3f\" data-element_type=\"widget\" data-widget_type=\"real_testimonial_Pro_shortcode.default\">\n\t\t\t\t<div class=\"elementor-widget-container\">\n\t\t\t\t\t<style id=\"sp_testimonial_dynamic_css3038\">#sp-testimonial-free-wrapper-3038 .sp-testimonial-free-section ul.sp-tfree-pagination li a, #sp-testimonial-free-wrapper-3038 .sp-testimonial-free-section ul.sp-tfree-pagination li span.current{color: #5e5e5e;background: #ffffff;border: 2px solid #bbbbbb;}#sp-testimonial-free-wrapper-3038 .sp-testimonial-free-section ul.sp-tfree-pagination li span.current, #sp-testimonial-free-wrapper-3038 .sp-testimonial-free-section ul.sp-tfree-pagination li a:hover{background: #b59e7a; color: #ffffff; border-color: #b59e7a;}#sp-testimonial-free-wrapper-3038 .sp-testimonial-free-section ul.sp-tfree-pagination {margin: 20px 0px 20px 0px;padding:0;}#sp-testimonial-free-wrapper-3038 .sp-testimonial-free-section .sp-tfree-pagination-area {text-align: left;margin:0;}#sp-testimonial-free-wrapper-3038 .sp-testimonial-free-section .sp-testimonial-client-image img {background: #ffffff;border: 0px solid #dddddd;padding: 0px;}#sp-testimonial-free-wrapper-3038 .sp-testimonial-free-section .sp-testimonial-client-image {text-align: center;}#sp-testimonial-free-wrapper-3038 .sp-testimonial-free-section .sp-testimonial-client-rating{ display: inline-flex; gap: 2px;}#sp-testimonial-free-wrapper-3038 .sp-testimonial-free-section .sp-testimonial-client-rating i.fa{ color: #bbc2c7; font-size: 19px;}#sp-testimonial-free-wrapper-3038 .sp-testimonial-free-section .sp-testimonial-client-rating i.fa-star{color: #ffb900;}#sp-testimonial-free-wrapper-3038 .sp-testimonial-free-section .sp-testimonial-client-designation{color: #ffffff;}#sp-testimonial-free-wrapper-3038 .sp-testimonial-free-section .sp-testimonial-client-name{color: #ffffff;}#sp-testimonial-free-wrapper-3038 .sp-testimonial-free-section .sp-testimonial-client-testimonial{color: #ffffff;}#sp-testimonial-free-wrapper-3038 .sp-testimonial-free-section .sp-testimonial-title .sp-testimonial-post-title{color: #ffffff;}#sp-testimonial-free-wrapper-3038 .sp-testimonial-free {background : transparent;border: 0px solid #e3e3e3;border-radius: 0px;}#sp-testimonial-free-wrapper-3038 .tfree-grid-items {margin-right: -10px;margin-left: -10px;width: calc(100% + 20px);}#sp-testimonial-free-wrapper-3038 .tfree-layout-grid .sp-testimonial-item {padding-right: 10px;padding-left: 10px;padding-bottom: 20px;}<\/style><div id=\"sp-testimonial-free-wrapper-3038\" class=\"sp-testimonial-free-wrapper\"><div id=\"sp-testimonial-free-3038\" class=\"sp-testimonial-free-section tfree-layout-grid tfree-style-theme-one-v2\" dir=\"ltr\" data-preloader=\"\" ><div class=\"tfree-grid-items\"><div class=\"sp-testimonial-item tfree-col-xl-4 tfree-col-lg-4 tfree-col-md-2 tfree-col-sm-1 tfree-col-xs-1 post-5107 page type-page status-publish hentry\"><div class=\"sp-testimonial-free\"><div class=\"sp-testimonial-details\"><div class=\"sp-testimonial-title\"><h3 class=\"sp-testimonial-post-title\">Sorin Sarla<\/h3><\/div><div class=\"sp-testimonial-client-testimonial\"><div class=\"sp-testimonial-content\"><p>Chambres : 5<br \/>Service : 5<br \/>Emplacement : 5<\/p><\/div><\/div><\/div><\/div> <\/div> <div class=\"sp-testimonial-item tfree-col-xl-4 tfree-col-lg-4 tfree-col-md-2 tfree-col-sm-1 tfree-col-xs-1 post-5107 page type-page status-publish hentry\"><div class=\"sp-testimonial-free\"><div class=\"sp-testimonial-details\"><div class=\"sp-testimonial-title\"><h3 class=\"sp-testimonial-post-title\">Didier Defranc<\/h3><\/div><div class=\"sp-testimonial-client-testimonial\"><div class=\"sp-testimonial-content\"><p>Type de voyage &#8211; Vacances<br \/>Chambres : 5<br \/>Service : 5<br \/>Emplacement : 5<\/p><\/div><\/div><\/div><\/div> <\/div> <div class=\"sp-testimonial-item tfree-col-xl-4 tfree-col-lg-4 tfree-col-md-2 tfree-col-sm-1 tfree-col-xs-1 post-5107 page type-page status-publish hentry\"><div class=\"sp-testimonial-free\"><div class=\"sp-testimonial-details\"><div class=\"sp-testimonial-title\"><h3 class=\"sp-testimonial-post-title\">Iulia Irimia<\/h3><\/div><\/div><\/div> <\/div> <div class=\"sp-testimonial-item tfree-col-xl-4 tfree-col-lg-4 tfree-col-md-2 tfree-col-sm-1 tfree-col-xs-1 post-5107 page type-page status-publish hentry\"><div class=\"sp-testimonial-free\"><div class=\"sp-testimonial-details\"><div class=\"sp-testimonial-title\"><h3 class=\"sp-testimonial-post-title\">Veronika Macurova<\/h3><\/div><div class=\"sp-testimonial-client-testimonial\"><div class=\"sp-testimonial-content\"><p>Un s\u00e9jour extraordinaire ! Les chambres \u00e9taient belles, propres et d\u00e9cor\u00e9es de fa\u00e7on authentique. Chaque matin, nous avons d\u00e9gust\u00e9 un d\u00e9licieux petit-d\u00e9jeuner fra\u00eechement pr\u00e9par\u00e9. Le personnel \u00e9tait tr\u00e8s accueillant et sympathique, et l&#8217;emplacement ne pouvait pas \u00eatre meilleur &#8211; en plein c\u0153ur de Prague ! Nous avons \u00e9galement ador\u00e9 la petite touche de liqueur maison livr\u00e9e dans notre chambre tous les jours. Nous avons h\u00e2te de revenir !<br \/>Chambres : 5<br \/>Service : 5<br \/>Emplacement : 5 <\/p><\/div><\/div><\/div><\/div> <\/div> <div class=\"sp-testimonial-item tfree-col-xl-4 tfree-col-lg-4 tfree-col-md-2 tfree-col-sm-1 tfree-col-xs-1 post-5107 page type-page status-publish hentry\"><div class=\"sp-testimonial-free\"><div class=\"sp-testimonial-details\"><div class=\"sp-testimonial-title\"><h3 class=\"sp-testimonial-post-title\">veronikamF7277WE<\/h3><\/div><div class=\"sp-testimonial-client-testimonial\"><div class=\"sp-testimonial-content\"><p>Un s\u00e9jour extraordinaire ! Les chambres \u00e9taient belles, propres et d\u00e9cor\u00e9es de fa\u00e7on authentique. Chaque matin, nous avons d\u00e9gust\u00e9 un d\u00e9licieux petit-d\u00e9jeuner fra\u00eechement pr\u00e9par\u00e9. Le personnel \u00e9tait tr\u00e8s accueillant et sympathique, et l&#8217;emplacement ne pouvait pas \u00eatre meilleur &#8211; en plein c\u0153ur de Prague ! Nous avons \u00e9galement ador\u00e9 la petite touche de liqueur maison livr\u00e9e dans notre chambre tous les jours. Nous avons h\u00e2te de revenir ! <\/p><\/div><\/div><\/div><\/div> <\/div> <div class=\"sp-testimonial-item tfree-col-xl-4 tfree-col-lg-4 tfree-col-md-2 tfree-col-sm-1 tfree-col-xs-1 post-5107 page type-page status-publish hentry\"><div class=\"sp-testimonial-free\"><div class=\"sp-testimonial-details\"><div class=\"sp-testimonial-title\"><h3 class=\"sp-testimonial-post-title\">T7146PUpaulat<\/h3><\/div><div class=\"sp-testimonial-client-testimonial\"><div class=\"sp-testimonial-content\"><p>D\u00e9cor charmant, personnel multilingue excellent et attentif, petit d\u00e9jeuner copieux, emplacement formidable. Je reviendrai certainement ici. <\/p><\/div><\/div><\/div><\/div> <\/div> <div class=\"sp-testimonial-item tfree-col-xl-4 tfree-col-lg-4 tfree-col-md-2 tfree-col-sm-1 tfree-col-xs-1 post-5107 page type-page status-publish hentry\"><div class=\"sp-testimonial-free\"><div class=\"sp-testimonial-details\"><div class=\"sp-testimonial-title\"><h3 class=\"sp-testimonial-post-title\">John Foster<\/h3><\/div><div class=\"sp-testimonial-client-testimonial\"><div class=\"sp-testimonial-content\"><p>Personnel d&rsquo;accueil formidable&#8230; Serviable et amical. Le petit d\u00e9jeuner offrait un grand choix de d\u00e9lices. L&rsquo;un des meilleurs endroits o\u00f9 nous ayons s\u00e9journ\u00e9.<br \/>Type de voyage &#8211; Vacances<br \/>Groupe de voyageurs &#8211; Famille<br \/>Chambres : 5<br \/>Service : 5<br \/>Emplacement : 5 <\/p><\/div><\/div><\/div><\/div> <\/div> <div class=\"sp-testimonial-item tfree-col-xl-4 tfree-col-lg-4 tfree-col-md-2 tfree-col-sm-1 tfree-col-xs-1 post-5107 page type-page status-publish hentry\"><div class=\"sp-testimonial-free\"><div class=\"sp-testimonial-details\"><div class=\"sp-testimonial-title\"><h3 class=\"sp-testimonial-post-title\">Uriel Avron<\/h3><\/div><div class=\"sp-testimonial-client-testimonial\"><div class=\"sp-testimonial-content\"><p>L&rsquo;h\u00f4tel Hastal Old Town Prague est un h\u00f4tel de charme situ\u00e9 dans le centre de la vieille ville. En raison de son emplacement, les chambres sont naturellement un peu plus petites que d&rsquo;habitude.<br \/>Cet inconv\u00e9nient est compens\u00e9 par l&rsquo;excellente serviabilit\u00e9 du personnel, le petit d\u00e9jeuner parfait et l&#8217;emplacement superbe.<br \/>Type de voyage &#8211; Vacances<br \/>Groupe de voyage &#8211; Couple<br \/>Chambres : 3<br \/>Service : 5<br \/>Emplacement : 5 <\/p><\/div><\/div><\/div><\/div> <\/div> <\/div><div class=\"tfree-col-xl-1 sp-tfree-pagination-area\"><ul class=\"sp-tfree-pagination\"><li><span aria-current=\"page\" class=\"page-numbers current\">1<\/span><\/li><li><a class=\"page-numbers\" href=\"https:\/\/hastal.rozklad.dev\/fr\/wp-json\/wp\/v2\/pages\/5107\/?paged3038=2\">2<\/a><\/li><li><a class=\"next page-numbers\" href=\"https:\/\/hastal.rozklad.dev\/fr\/wp-json\/wp\/v2\/pages\/5107\/?paged3038=2\"><i class=\"fa fa-angle-right\"><\/i><\/a><\/li><\/ul><\/div><\/div><\/div>\t\t\t\t<\/div>\n\t\t\t\t<\/div>\n\t\t\t\t\t<\/div>\n\t\t\t\t<\/div>\n\t\t<div class=\"elementor-element elementor-element-b58875f e-flex e-con-boxed e-con e-parent\" data-id=\"b58875f\" data-element_type=\"container\">\n\t\t\t\t\t<div class=\"e-con-inner\">\n\t\t\t\t\t<\/div>\n\t\t\t\t<\/div>\n\t\t\t\t<\/div>\n\t\t","protected":false},"excerpt":{"rendered":"<p>Ce que nos clients disent de nous Commentaires Sarah Trip type &#8211; VacationTravel group &#8211; Family Ferenczi Aniella Before Christmas, we spent four beautiful days in Prague and stayed in Hotel Hastal. The atmosphere of this unique hotel, the kindness and professionalism of the staff, and the great location (it is literally 5 minutes walking &#8230;<\/p>\n","protected":false},"author":1,"featured_media":0,"parent":0,"menu_order":0,"comment_status":"closed","ping_status":"closed","template":"elementor_header_footer","meta":{"cozystay_single_page_hide_site_header":"","cozystay_single_page_site_header_source":"","cozystay_single_page_custom_site_header":"0","cozystay_single_page_custom_sticky_site_header":"0","cozystay_single_page_hide_page_title":"","cozystay_single_page_header_section_size":"","cozystay_single_page_header_background_color":"","cozystay_single_page_header_background_position_x":"center","cozystay_single_page_header_background_position_y":"center","cozystay_single_page_header_background_size":"cover","cozystay_single_page_header_background_repeat":"off","cozystay_single_page_header_background_scroll":"on","cozystay_single_page_header_text_color":"","cozystay_single_page_header_show_breadcrumb":"","cozystay_single_page_site_footer_hide_main":"","cozystay_single_custom_site_footer_main_source":"","cozystay_single_custom_site_footer_main":"0","cozystay_single_page_site_footer_hide_above":"","cozystay_single_custom_site_footer_above_source":"","cozystay_single_custom_site_footer_above":"0","cozystay_single_page_site_footer_hide_instagram":"","cozystay_single_page_site_footer_hide_bottom":"","cozystay_single_custom_mobile_menu_source":"","cozystay_single_custom_mobile_menu":"0","cozystay_single_custom_mobile_menu_animation":"","cozystay_single_custom_mobile_menu_width":"","cozystay_single_custom_mobile_menu_custom_width":375,"footnotes":""},"class_list":["post-5107","page","type-page","status-publish","hentry"],"aioseo_notices":[],"_hostinger_reach_plugin_has_subscription_block":false,"_hostinger_reach_plugin_is_elementor":false,"_links":{"self":[{"href":"https:\/\/hastal.rozklad.dev\/fr\/wp-json\/wp\/v2\/pages\/5107","targetHints":{"allow":["GET"]}}],"collection":[{"href":"https:\/\/hastal.rozklad.dev\/fr\/wp-json\/wp\/v2\/pages"}],"about":[{"href":"https:\/\/hastal.rozklad.dev\/fr\/wp-json\/wp\/v2\/types\/page"}],"author":[{"embeddable":true,"href":"https:\/\/hastal.rozklad.dev\/fr\/wp-json\/wp\/v2\/users\/1"}],"replies":[{"embeddable":true,"href":"https:\/\/hastal.rozklad.dev\/fr\/wp-json\/wp\/v2\/comments?post=5107"}],"version-history":[{"count":1,"href":"https:\/\/hastal.rozklad.dev\/fr\/wp-json\/wp\/v2\/pages\/5107\/revisions"}],"predecessor-version":[{"id":5109,"href":"https:\/\/hastal.rozklad.dev\/fr\/wp-json\/wp\/v2\/pages\/5107\/revisions\/5109"}],"wp:attachment":[{"href":"https:\/\/hastal.rozklad.dev\/fr\/wp-json\/wp\/v2\/media?parent=5107"}],"curies":[{"name":"wp","href":"https:\/\/api.w.org\/{rel}","templated":true}]}}