{"id":4610,"date":"2023-04-22T07:58:56","date_gmt":"2023-04-22T07:58:56","guid":{"rendered":"https:\/\/hastal.rozklad.dev\/notre-blog\/"},"modified":"2026-02-02T19:48:23","modified_gmt":"2026-02-02T19:48:23","slug":"notre-blog","status":"publish","type":"page","link":"https:\/\/hastal.rozklad.dev\/fr\/notre-blog\/","title":{"rendered":"Notre blog"},"content":{"rendered":"\t\t<div data-elementor-type=\"wp-page\" data-elementor-id=\"4610\" class=\"elementor elementor-4610 elementor-1002\" data-elementor-post-type=\"page\">\n\t\t\t\t\t\t<section class=\"elementor-section elementor-top-section elementor-element elementor-element-df19b59 elementor-section-height-min-height cs-section-content-fullwidth cs-parallax-on-scroll cs_scroll_y_80 elementor-section-boxed elementor-section-height-default elementor-section-items-middle\" data-id=\"df19b59\" data-element_type=\"section\" data-settings=\"{&quot;background_background&quot;:&quot;classic&quot;}\" data-cs-parallax-y=\"80\" style=\"background-image: none;\" data-cs-background-image=\"https:\/\/hastal.rozklad.dev\/wp-content\/uploads\/2025\/09\/Untitled-design-16.png\" data-cs-background-image-alt-text=\"\">\n\t\t\t\t\t\t\t<div class=\"elementor-background-overlay\"><\/div>\n\t\t\t\t\t\t\t<div class=\"elementor-container elementor-column-gap-no\">\n\t\t\t\t\t<div class=\"elementor-column elementor-col-100 elementor-top-column elementor-element elementor-element-398db92 dark-color\" data-id=\"398db92\" data-element_type=\"column\">\n\t\t\t<div class=\"elementor-widget-wrap elementor-element-populated\">\n\t\t\t\t\t\t<div class=\"elementor-element elementor-element-768b25f elementor-widget elementor-widget-cs_title\" data-id=\"768b25f\" data-element_type=\"widget\" data-widget_type=\"cs_title.default\">\n\t\t\t\t<div class=\"elementor-widget-container\">\n\t\t\t\t\t\n        <div class=\"cs-title-wrap text-center\">\t            <h1 class=\"cs-title\">\n\t                Notre blog\t            <\/h1>\t            <div class=\"cs-title-text\">\n\t                <p>D\u00e9couvrez les derni\u00e8res nouvelles et les \u00e9v\u00e9nements de l&rsquo;h\u00f4tel.<\/p>\t            <\/div>        <\/div>\t\t\t\t<\/div>\n\t\t\t\t<\/div>\n\t\t\t\t\t<\/div>\n\t\t<\/div>\n\t\t\t\t\t<\/div>\n\t\t<\/section>\n\t\t\t\t<section class=\"elementor-section elementor-top-section elementor-element elementor-element-fe1806c elementor-section-boxed elementor-section-height-default elementor-section-height-default\" data-id=\"fe1806c\" data-element_type=\"section\">\n\t\t\t\t\t\t<div class=\"elementor-container elementor-column-gap-no\">\n\t\t\t\t\t<div class=\"elementor-column elementor-col-100 elementor-top-column elementor-element elementor-element-9c076c5\" data-id=\"9c076c5\" data-element_type=\"column\">\n\t\t\t<div class=\"elementor-widget-wrap elementor-element-populated\">\n\t\t\t\t\t\t<div class=\"elementor-element elementor-element-1c8288f cs-animation-small-offset elementor-invisible elementor-widget elementor-widget-cs_blog\" data-id=\"1c8288f\" data-element_type=\"widget\" data-settings=\"{&quot;_animation&quot;:&quot;fadeInUp&quot;,&quot;_animation_delay&quot;:150}\" data-widget_type=\"cs_blog.default\">\n\t\t\t\t<div class=\"elementor-widget-container\">\n\t\t\t\t\t\t\t\t\t<div class=\"posts layout-grid column-2 img-ratio-3-2\" data-settings='{\"query\":{\"paged\":1,\"posts_per_page\":4,\"ignore_sticky_posts\":true,\"post_type\":\"post\",\"post_status\":\"publish\"},\"settings\":{\"layout\":\"grid\",\"columns\":\"2\",\"post_meta\":[\"excerpt\",\"read_more_btn\",\"category\",\"date\"],\"page_layout\":\"\",\"pagination\":\"ajax-manual\",\"archive_page\":\"elementor\"}}'>\n\t\t\t\t\t\t\t\t\t<div class=\"posts-wrapper\">\n<article class=\"post-5126 post type-post status-publish format-standard has-post-thumbnail hentry category-bien-etre category-visites-guidees tag-bien-etre tag-evenements-speciaux\">\n            <div class=\"featured-img\">\n        \t<a href=\"https:\/\/hastal.rozklad.dev\/fr\/meilleures-experiences-de-bien-etre-et-de-spa-pres-de-lhotel-hastal\/\"><img fetchpriority=\"high\" decoding=\"async\" width=\"780\" height=\"780\" src=\"https:\/\/hastal.rozklad.dev\/wp-content\/uploads\/2025\/10\/pexels-karola-g-4202325-edited-780x780.jpg\" class=\"attachment-cozystay_780x9999 size-cozystay_780x9999 wp-post-image image-layout-grid-column-2\" alt=\"Spa et bien-\u00eatre - produits naturels de soins de la peau et d&#039;aromath\u00e9rapie pr\u00e8s de l&#039;h\u00f4tel Ha\u0161tal Prague\" srcset=\"https:\/\/hastal.rozklad.dev\/wp-content\/uploads\/2025\/10\/pexels-karola-g-4202325-edited-780x780.jpg 780w, https:\/\/hastal.rozklad.dev\/wp-content\/uploads\/2025\/10\/pexels-karola-g-4202325-edited-300x300.jpg 300w, https:\/\/hastal.rozklad.dev\/wp-content\/uploads\/2025\/10\/pexels-karola-g-4202325-edited-1024x1024.jpg 1024w, https:\/\/hastal.rozklad.dev\/wp-content\/uploads\/2025\/10\/pexels-karola-g-4202325-edited-150x150.jpg 150w, https:\/\/hastal.rozklad.dev\/wp-content\/uploads\/2025\/10\/pexels-karola-g-4202325-edited-768x768.jpg 768w, https:\/\/hastal.rozklad.dev\/wp-content\/uploads\/2025\/10\/pexels-karola-g-4202325-edited-120x120.jpg 120w, https:\/\/hastal.rozklad.dev\/wp-content\/uploads\/2025\/10\/pexels-karola-g-4202325-edited-1536x1536.jpg 1536w, https:\/\/hastal.rozklad.dev\/wp-content\/uploads\/2025\/10\/pexels-karola-g-4202325-edited-2048x2048.jpg 2048w, https:\/\/hastal.rozklad.dev\/wp-content\/uploads\/2025\/10\/pexels-karola-g-4202325-edited-1920x1921.jpg 1920w, https:\/\/hastal.rozklad.dev\/wp-content\/uploads\/2025\/10\/pexels-karola-g-4202325-edited-1440x1441.jpg 1440w, https:\/\/hastal.rozklad.dev\/wp-content\/uploads\/2025\/10\/pexels-karola-g-4202325-edited-1200x1201.jpg 1200w, https:\/\/hastal.rozklad.dev\/wp-content\/uploads\/2025\/10\/pexels-karola-g-4202325-edited-600x600.jpg 600w, https:\/\/hastal.rozklad.dev\/wp-content\/uploads\/2025\/10\/pexels-karola-g-4202325-edited-550x550.jpg 550w, https:\/\/hastal.rozklad.dev\/wp-content\/uploads\/2025\/10\/pexels-karola-g-4202325-edited-370x370.jpg 370w, https:\/\/hastal.rozklad.dev\/wp-content\/uploads\/2025\/10\/pexels-karola-g-4202325-edited-255x255.jpg 255w\" sizes=\"(max-width: 780px) 100vw, 780px\" title=\"Produits de spa et de bien-\u00eatre - Hotel Ha\u0161tal Prague - hastal.rozklad.dev\" \/><\/a>            <div class=\"overlay-label time-label featured-style\">\n                <div class=\"meta-item time\">\n                    <time class=\"published\" datetime=\"2025-10-20T06:46:00+00:00\">\n                        <span class=\"month\">Oct<\/span> <span class=\"day\">20<\/span>\n                    <\/time>\n                <\/div>\n            <\/div>        <\/div>\n    <div class=\"post-content\">\n        <header class=\"post-header\">            <div class=\"meta-wrap\">\t\t\t<div class=\"cat-links\"><a href=\"https:\/\/hastal.rozklad.dev\/fr\/category\/bien-etre\/\" rel=\"tag\">Bien-\u00eatre<\/a> <a href=\"https:\/\/hastal.rozklad.dev\/fr\/category\/visites-guidees\/\" rel=\"tag\">Visites guid\u00e9es<\/a><\/div>            <\/div>    <h2 class=\"post-title\">\n        <a href=\"https:\/\/hastal.rozklad.dev\/fr\/meilleures-experiences-de-bien-etre-et-de-spa-pres-de-lhotel-hastal\/\">Meilleures exp\u00e9riences de bien-\u00eatre et de spa pr\u00e8s de l&rsquo;h\u00f4tel Ha\u0161tal<\/a>\n    <\/h2>        <\/header>\t\t<div class=\"post-excerpt\"><p>Apr\u00e8s avoir explor\u00e9 les rues pav\u00e9es, les places historiques et les caf\u00e9s anim\u00e9s de Prague, il n&rsquo;y a rien de mieux qu&rsquo;un moment de repos &#8230;<\/p>\n<\/div>             <footer class=\"post-footer\">        <div class=\"more-btn\">\n            <a class=\"read-more-btn button cs-btn-underline\" href=\"https:\/\/hastal.rozklad.dev\/fr\/meilleures-experiences-de-bien-etre-et-de-spa-pres-de-lhotel-hastal\/\"><span>Read More<\/span><\/a>\n        <\/div>            <\/footer>    <\/div>\n<\/article>\n\n<article class=\"post-5142 post type-post status-publish format-standard has-post-thumbnail hentry category-actualites category-bien-etre category-restauration tag-evenements-speciaux tag-lete tag-lhiver tag-montagne\">\n            <div class=\"featured-img\">\n        \t<a href=\"https:\/\/hastal.rozklad.dev\/fr\/top-10-des-choses-a-faire-dans-la-vieille-ville-de-prague-pres-de-lhotel-hastal\/\"><img decoding=\"async\" width=\"780\" height=\"521\" src=\"https:\/\/hastal.rozklad.dev\/wp-content\/uploads\/2023\/03\/pexels-olgalioncat-7245230-780x521.jpg\" class=\"attachment-cozystay_780x9999 size-cozystay_780x9999 wp-post-image image-layout-grid-column-2\" alt=\"\" srcset=\"https:\/\/hastal.rozklad.dev\/wp-content\/uploads\/2023\/03\/pexels-olgalioncat-7245230-780x521.jpg 780w, https:\/\/hastal.rozklad.dev\/wp-content\/uploads\/2023\/03\/pexels-olgalioncat-7245230-300x200.jpg 300w, https:\/\/hastal.rozklad.dev\/wp-content\/uploads\/2023\/03\/pexels-olgalioncat-7245230-1024x683.jpg 1024w, https:\/\/hastal.rozklad.dev\/wp-content\/uploads\/2023\/03\/pexels-olgalioncat-7245230-768x513.jpg 768w, https:\/\/hastal.rozklad.dev\/wp-content\/uploads\/2023\/03\/pexels-olgalioncat-7245230-1536x1025.jpg 1536w, https:\/\/hastal.rozklad.dev\/wp-content\/uploads\/2023\/03\/pexels-olgalioncat-7245230-2048x1367.jpg 2048w, https:\/\/hastal.rozklad.dev\/wp-content\/uploads\/2023\/03\/pexels-olgalioncat-7245230-1920x1281.jpg 1920w, https:\/\/hastal.rozklad.dev\/wp-content\/uploads\/2023\/03\/pexels-olgalioncat-7245230-1440x961.jpg 1440w, https:\/\/hastal.rozklad.dev\/wp-content\/uploads\/2023\/03\/pexels-olgalioncat-7245230-1200x801.jpg 1200w, https:\/\/hastal.rozklad.dev\/wp-content\/uploads\/2023\/03\/pexels-olgalioncat-7245230-600x400.jpg 600w, https:\/\/hastal.rozklad.dev\/wp-content\/uploads\/2023\/03\/pexels-olgalioncat-7245230-550x367.jpg 550w, https:\/\/hastal.rozklad.dev\/wp-content\/uploads\/2023\/03\/pexels-olgalioncat-7245230-370x247.jpg 370w, https:\/\/hastal.rozklad.dev\/wp-content\/uploads\/2023\/03\/pexels-olgalioncat-7245230-255x170.jpg 255w, https:\/\/hastal.rozklad.dev\/wp-content\/uploads\/2023\/03\/pexels-olgalioncat-7245230-150x100.jpg 150w\" sizes=\"(max-width: 780px) 100vw, 780px\" title=\"pexels-olgalioncat-7245230 - hastal.rozklad.dev\" \/><\/a>            <div class=\"overlay-label time-label featured-style\">\n                <div class=\"meta-item time\">\n                    <time class=\"published\" datetime=\"2025-10-19T07:00:00+00:00\">\n                        <span class=\"month\">Oct<\/span> <span class=\"day\">19<\/span>\n                    <\/time>\n                <\/div>\n            <\/div>        <\/div>\n    <div class=\"post-content\">\n        <header class=\"post-header\">            <div class=\"meta-wrap\">\t\t\t<div class=\"cat-links\"><a href=\"https:\/\/hastal.rozklad.dev\/fr\/category\/actualites\/\" rel=\"tag\">Actualit\u00e9s<\/a> <a href=\"https:\/\/hastal.rozklad.dev\/fr\/category\/bien-etre\/\" rel=\"tag\">Bien-\u00eatre<\/a> <a href=\"https:\/\/hastal.rozklad.dev\/fr\/category\/restauration\/\" rel=\"tag\">Restauration<\/a><\/div>            <\/div>    <h2 class=\"post-title\">\n        <a href=\"https:\/\/hastal.rozklad.dev\/fr\/top-10-des-choses-a-faire-dans-la-vieille-ville-de-prague-pres-de-lhotel-hastal\/\">Top 10 des choses \u00e0 faire dans la Vieille Ville de Prague pr\u00e8s de l&rsquo;H\u00f4tel Hastal<\/a>\n    <\/h2>        <\/header>\t\t<div class=\"post-excerpt\"><p>Le guide ultime de la marche \u00e0 Prague pour les nouveaux visiteurs et ceux qui reviennent. Si vous cherchez des choses \u00e0 faire dans la &#8230;<\/p>\n<\/div>             <footer class=\"post-footer\">        <div class=\"more-btn\">\n            <a class=\"read-more-btn button cs-btn-underline\" href=\"https:\/\/hastal.rozklad.dev\/fr\/top-10-des-choses-a-faire-dans-la-vieille-ville-de-prague-pres-de-lhotel-hastal\/\"><span>Read More<\/span><\/a>\n        <\/div>            <\/footer>    <\/div>\n<\/article>\n\n<article class=\"post-5182 post type-post status-publish format-standard has-post-thumbnail hentry category-actualites category-restauration tag-alimentation tag-evenements-speciaux tag-experience-gastronomique tag-lete\">\n            <div class=\"featured-img\">\n        \t<a href=\"https:\/\/hastal.rozklad.dev\/fr\/les-10-restaurants-incontournables-a-proximite-de-lhotel-hastal\/\"><img decoding=\"async\" width=\"780\" height=\"586\" src=\"https:\/\/hastal.rozklad.dev\/wp-content\/uploads\/2023\/04\/eaters-collective-ESmxug33C0c-unsplash-780x586.jpg\" class=\"attachment-cozystay_780x9999 size-cozystay_780x9999 wp-post-image image-layout-grid-column-2\" alt=\"\" srcset=\"https:\/\/hastal.rozklad.dev\/wp-content\/uploads\/2023\/04\/eaters-collective-ESmxug33C0c-unsplash-780x586.jpg 780w, https:\/\/hastal.rozklad.dev\/wp-content\/uploads\/2023\/04\/eaters-collective-ESmxug33C0c-unsplash-150x113.jpg 150w, https:\/\/hastal.rozklad.dev\/wp-content\/uploads\/2023\/04\/eaters-collective-ESmxug33C0c-unsplash-600x451.jpg 600w, https:\/\/hastal.rozklad.dev\/wp-content\/uploads\/2023\/04\/eaters-collective-ESmxug33C0c-unsplash-300x225.jpg 300w, https:\/\/hastal.rozklad.dev\/wp-content\/uploads\/2023\/04\/eaters-collective-ESmxug33C0c-unsplash-1024x769.jpg 1024w, https:\/\/hastal.rozklad.dev\/wp-content\/uploads\/2023\/04\/eaters-collective-ESmxug33C0c-unsplash-768x577.jpg 768w, https:\/\/hastal.rozklad.dev\/wp-content\/uploads\/2023\/04\/eaters-collective-ESmxug33C0c-unsplash-1536x1154.jpg 1536w, https:\/\/hastal.rozklad.dev\/wp-content\/uploads\/2023\/04\/eaters-collective-ESmxug33C0c-unsplash-1440x1082.jpg 1440w, https:\/\/hastal.rozklad.dev\/wp-content\/uploads\/2023\/04\/eaters-collective-ESmxug33C0c-unsplash-1200x901.jpg 1200w, https:\/\/hastal.rozklad.dev\/wp-content\/uploads\/2023\/04\/eaters-collective-ESmxug33C0c-unsplash-550x413.jpg 550w, https:\/\/hastal.rozklad.dev\/wp-content\/uploads\/2023\/04\/eaters-collective-ESmxug33C0c-unsplash-370x278.jpg 370w, https:\/\/hastal.rozklad.dev\/wp-content\/uploads\/2023\/04\/eaters-collective-ESmxug33C0c-unsplash-255x192.jpg 255w, https:\/\/hastal.rozklad.dev\/wp-content\/uploads\/2023\/04\/eaters-collective-ESmxug33C0c-unsplash.jpg 1920w\" sizes=\"(max-width: 780px) 100vw, 780px\" title=\"eaters-collective-ESmxug33C0c-unsplash - hastal.rozklad.dev\" \/><\/a>            <div class=\"overlay-label time-label featured-style\">\n                <div class=\"meta-item time\">\n                    <time class=\"published\" datetime=\"2025-10-18T07:08:00+00:00\">\n                        <span class=\"month\">Oct<\/span> <span class=\"day\">18<\/span>\n                    <\/time>\n                <\/div>\n            <\/div>        <\/div>\n    <div class=\"post-content\">\n        <header class=\"post-header\">            <div class=\"meta-wrap\">\t\t\t<div class=\"cat-links\"><a href=\"https:\/\/hastal.rozklad.dev\/fr\/category\/actualites\/\" rel=\"tag\">Actualit\u00e9s<\/a> <a href=\"https:\/\/hastal.rozklad.dev\/fr\/category\/restauration\/\" rel=\"tag\">Restauration<\/a><\/div>            <\/div>    <h2 class=\"post-title\">\n        <a href=\"https:\/\/hastal.rozklad.dev\/fr\/les-10-restaurants-incontournables-a-proximite-de-lhotel-hastal\/\">Les 10 restaurants incontournables \u00e0 proximit\u00e9 de l&rsquo;h\u00f4tel Ha\u0161tal<\/a>\n    <\/h2>        <\/header>\t\t<div class=\"post-excerpt\"><p>En s\u00e9journant \u00e0 l&rsquo;h\u00f4tel Ha\u0161tal, vous b\u00e9n\u00e9ficiez d&rsquo;un emplacement id\u00e9al dans la vieille ville historique de Prague pour d\u00e9couvrir certains des meilleurs restaurants de la &#8230;<\/p>\n<\/div>             <footer class=\"post-footer\">        <div class=\"more-btn\">\n            <a class=\"read-more-btn button cs-btn-underline\" href=\"https:\/\/hastal.rozklad.dev\/fr\/les-10-restaurants-incontournables-a-proximite-de-lhotel-hastal\/\"><span>Read More<\/span><\/a>\n        <\/div>            <\/footer>    <\/div>\n<\/article>\n\n<article class=\"post-5134 post type-post status-publish format-gallery has-post-thumbnail hentry category-bien-etre category-visites-guidees tag-evenements-speciaux tag-lete tag-montagne tag-nature post_format-post-format-gallery\">\n            <div class=\"featured-img\">\n        \t<a href=\"https:\/\/hastal.rozklad.dev\/fr\/hotel-hastal-meilleur-hotel-de-la-vieille-ville-de-prague-avec-un-charme-historique-et-des-commentaires-elogieux\/\"><img loading=\"lazy\" decoding=\"async\" width=\"780\" height=\"520\" src=\"https:\/\/hastal.rozklad.dev\/wp-content\/uploads\/2025\/09\/dsc01530_17400572647904_1280x768_fft_90-780x520.jpg\" class=\"attachment-cozystay_780x9999 size-cozystay_780x9999 wp-post-image image-layout-grid-column-2\" alt=\"Chambre \u00e9l\u00e9gante de l&#039;h\u00f4tel Hastal Prague Old Town avec balcon, fleurs et d\u00e9coration classique.\" srcset=\"https:\/\/hastal.rozklad.dev\/wp-content\/uploads\/2025\/09\/dsc01530_17400572647904_1280x768_fft_90-780x520.jpg 780w, https:\/\/hastal.rozklad.dev\/wp-content\/uploads\/2025\/09\/dsc01530_17400572647904_1280x768_fft_90-150x100.jpg 150w, https:\/\/hastal.rozklad.dev\/wp-content\/uploads\/2025\/09\/dsc01530_17400572647904_1280x768_fft_90-600x400.jpg 600w, https:\/\/hastal.rozklad.dev\/wp-content\/uploads\/2025\/09\/dsc01530_17400572647904_1280x768_fft_90-300x200.jpg 300w, https:\/\/hastal.rozklad.dev\/wp-content\/uploads\/2025\/09\/dsc01530_17400572647904_1280x768_fft_90-1024x683.jpg 1024w, https:\/\/hastal.rozklad.dev\/wp-content\/uploads\/2025\/09\/dsc01530_17400572647904_1280x768_fft_90-768x512.jpg 768w, https:\/\/hastal.rozklad.dev\/wp-content\/uploads\/2025\/09\/dsc01530_17400572647904_1280x768_fft_90-550x367.jpg 550w, https:\/\/hastal.rozklad.dev\/wp-content\/uploads\/2025\/09\/dsc01530_17400572647904_1280x768_fft_90-370x247.jpg 370w, https:\/\/hastal.rozklad.dev\/wp-content\/uploads\/2025\/09\/dsc01530_17400572647904_1280x768_fft_90-255x170.jpg 255w, https:\/\/hastal.rozklad.dev\/wp-content\/uploads\/2025\/09\/dsc01530_17400572647904_1280x768_fft_90.jpg 1152w\" sizes=\"(max-width: 780px) 100vw, 780px\" title=\"dsc01530_17400572647904_1280x768_fft_90 - hastal.rozklad.dev\" \/><\/a>            <div class=\"overlay-label time-label featured-style\">\n                <div class=\"meta-item time\">\n                    <time class=\"published\" datetime=\"2025-10-17T08:50:00+00:00\">\n                        <span class=\"month\">Oct<\/span> <span class=\"day\">17<\/span>\n                    <\/time>\n                <\/div>\n            <\/div>        <\/div>\n    <div class=\"post-content\">\n        <header class=\"post-header\">            <div class=\"meta-wrap\">\t\t\t<div class=\"cat-links\"><a href=\"https:\/\/hastal.rozklad.dev\/fr\/category\/bien-etre\/\" rel=\"tag\">Bien-\u00eatre<\/a> <a href=\"https:\/\/hastal.rozklad.dev\/fr\/category\/visites-guidees\/\" rel=\"tag\">Visites guid\u00e9es<\/a><\/div>            <\/div>    <h2 class=\"post-title\">\n        <a href=\"https:\/\/hastal.rozklad.dev\/fr\/hotel-hastal-meilleur-hotel-de-la-vieille-ville-de-prague-avec-un-charme-historique-et-des-commentaires-elogieux\/\">Hotel Hastal : Meilleur h\u00f4tel de la Vieille Ville de Prague avec un charme historique et des commentaires \u00e9logieux<\/a>\n    <\/h2>        <\/header>\t\t<div class=\"post-excerpt\"><p>Il peut \u00eatre tr\u00e8s difficile de choisir un h\u00f4tel \u00e0 Prague. Comment choisir un h\u00f4tel dans la Vieille Ville qui allie histoire, confort et v\u00e9ritable &#8230;<\/p>\n<\/div>             <footer class=\"post-footer\">        <div class=\"more-btn\">\n            <a class=\"read-more-btn button cs-btn-underline\" href=\"https:\/\/hastal.rozklad.dev\/fr\/hotel-hastal-meilleur-hotel-de-la-vieille-ville-de-prague-avec-un-charme-historique-et-des-commentaires-elogieux\/\"><span>Read More<\/span><\/a>\n        <\/div>            <\/footer>    <\/div>\n<\/article>\n\t\t\t\t<\/div>\t\t\t\t<\/div>\t\t\t\t<\/div>\n\t\t\t\t<\/div>\n\t\t\t\t\t<\/div>\n\t\t<\/div>\n\t\t\t\t\t<\/div>\n\t\t<\/section>\n\t\t\t\t<\/div>\n\t\t","protected":false},"excerpt":{"rendered":"<p>Notre blog D\u00e9couvrez les derni\u00e8res nouvelles et les \u00e9v\u00e9nements de l&#8217;h\u00f4tel. Oct 20 Sightseeing Wellness Best Wellness &amp; Spa Experiences Near Hotel Ha\u0161tal After exploring Prague\u2019s cobblestone streets, historic squares, and lively caf\u00e9s, there\u2019s nothing better than a moment of rest and rejuvenation. Guests staying at Hotel Ha\u0161tal &#8230; Read More Oct 19 Dining News &#8230;<\/p>\n","protected":false},"author":1,"featured_media":0,"parent":0,"menu_order":0,"comment_status":"closed","ping_status":"closed","template":"template-wide-content.php","meta":{"cozystay_single_page_hide_site_header":"","cozystay_single_page_site_header_source":"","cozystay_single_page_custom_site_header":"0","cozystay_single_page_custom_sticky_site_header":"0","cozystay_single_page_hide_page_title":"","cozystay_single_page_header_section_size":"","cozystay_single_page_header_background_color":"","cozystay_single_page_header_background_position_x":"center","cozystay_single_page_header_background_position_y":"center","cozystay_single_page_header_background_size":"cover","cozystay_single_page_header_background_repeat":"off","cozystay_single_page_header_background_scroll":"on","cozystay_single_page_header_text_color":"","cozystay_single_page_header_show_breadcrumb":"","cozystay_single_page_site_footer_hide_main":"","cozystay_single_custom_site_footer_main_source":"","cozystay_single_custom_site_footer_main":"0","cozystay_single_page_site_footer_hide_above":"","cozystay_single_custom_site_footer_above_source":"","cozystay_single_custom_site_footer_above":"0","cozystay_single_page_site_footer_hide_instagram":"","cozystay_single_page_site_footer_hide_bottom":"","cozystay_single_custom_mobile_menu_source":"","cozystay_single_custom_mobile_menu":"0","cozystay_single_custom_mobile_menu_animation":"","cozystay_single_custom_mobile_menu_width":"","cozystay_single_custom_mobile_menu_custom_width":375,"footnotes":""},"class_list":["post-4610","page","type-page","status-publish","hentry"],"aioseo_notices":[],"_hostinger_reach_plugin_has_subscription_block":false,"_hostinger_reach_plugin_is_elementor":false,"_links":{"self":[{"href":"https:\/\/hastal.rozklad.dev\/fr\/wp-json\/wp\/v2\/pages\/4610","targetHints":{"allow":["GET"]}}],"collection":[{"href":"https:\/\/hastal.rozklad.dev\/fr\/wp-json\/wp\/v2\/pages"}],"about":[{"href":"https:\/\/hastal.rozklad.dev\/fr\/wp-json\/wp\/v2\/types\/page"}],"author":[{"embeddable":true,"href":"https:\/\/hastal.rozklad.dev\/fr\/wp-json\/wp\/v2\/users\/1"}],"replies":[{"embeddable":true,"href":"https:\/\/hastal.rozklad.dev\/fr\/wp-json\/wp\/v2\/comments?post=4610"}],"version-history":[{"count":1,"href":"https:\/\/hastal.rozklad.dev\/fr\/wp-json\/wp\/v2\/pages\/4610\/revisions"}],"predecessor-version":[{"id":4612,"href":"https:\/\/hastal.rozklad.dev\/fr\/wp-json\/wp\/v2\/pages\/4610\/revisions\/4612"}],"wp:attachment":[{"href":"https:\/\/hastal.rozklad.dev\/fr\/wp-json\/wp\/v2\/media?parent=4610"}],"curies":[{"name":"wp","href":"https:\/\/api.w.org\/{rel}","templated":true}]}}