{"id":4462,"date":"2023-03-28T04:41:51","date_gmt":"2023-03-28T04:41:51","guid":{"rendered":"https:\/\/hastal.rozklad.dev\/offres-speciales\/"},"modified":"2026-03-17T22:34:59","modified_gmt":"2026-03-17T22:34:59","slug":"offres-speciales","status":"publish","type":"page","link":"https:\/\/hastal.rozklad.dev\/fr\/offres-speciales\/","title":{"rendered":"Offres sp\u00e9ciales"},"content":{"rendered":"\t\t<div data-elementor-type=\"wp-page\" data-elementor-id=\"4462\" class=\"elementor elementor-4462 elementor-271\" data-elementor-post-type=\"page\">\n\t\t\t\t\t\t<section class=\"elementor-section elementor-top-section elementor-element elementor-element-6e1c050c elementor-section-height-min-height cs-section-content-fullwidth cs-parallax-on-scroll cs_scroll_y_80 elementor-section-boxed elementor-section-height-default elementor-section-items-middle\" data-id=\"6e1c050c\" data-element_type=\"section\" data-settings=\"{&quot;background_background&quot;:&quot;classic&quot;}\" data-cs-parallax-y=\"80\" style=\"background-image: none;\" data-cs-background-image=\"https:\/\/hastal.rozklad.dev\/wp-content\/uploads\/2025\/10\/pexels-edocoledoco-3811515-scaled.jpg\" data-cs-background-image-alt-text=\"\">\n\t\t\t\t\t\t\t<div class=\"elementor-background-overlay\"><\/div>\n\t\t\t\t\t\t\t<div class=\"elementor-container elementor-column-gap-no\">\n\t\t\t\t\t<div class=\"elementor-column elementor-col-100 elementor-top-column elementor-element elementor-element-a3b7434 dark-color\" data-id=\"a3b7434\" data-element_type=\"column\">\n\t\t\t<div class=\"elementor-widget-wrap elementor-element-populated\">\n\t\t\t\t\t\t<div class=\"elementor-element elementor-element-fc08beb elementor-widget elementor-widget-cs_title\" data-id=\"fc08beb\" data-element_type=\"widget\" data-widget_type=\"cs_title.default\">\n\t\t\t\t<div class=\"elementor-widget-container\">\n\t\t\t\t\t\n        <div class=\"cs-title-wrap text-center\">\t            <div class=\"cs-subtitle-wrap\"><span class=\"cs-subtitle color-white\">R\u00e9servez d\u00e8s maintenant avec une r\u00e9duction !<\/span><\/div>\t            <h1 class=\"cs-title\">\n\t                Offres sp\u00e9ciales\t            <\/h1>\t            <div class=\"cs-title-text\">\n\t                <p>Que vous pr\u00e9voyiez un week-end romantique, des vacances en famille ou une escapade plus longue, l&rsquo;h\u00f4tel Hastal r\u00e9compense les r\u00e9servations anticip\u00e9es et les s\u00e9jours prolong\u00e9s par des \u00e9conomies imbattables. R\u00e9servez directement sur notre site web pour b\u00e9n\u00e9ficier des meilleurs prix, d&rsquo;avantages sp\u00e9ciaux et d&rsquo;un service personnalis\u00e9 de la part de notre \u00e9quipe familiale. <\/p>\t            <\/div>        <\/div>\t\t\t\t<\/div>\n\t\t\t\t<\/div>\n\t\t\t\t\t<\/div>\n\t\t<\/div>\n\t\t\t\t\t<\/div>\n\t\t<\/section>\n\t\t<div class=\"elementor-element elementor-element-2fa3871 e-grid e-con-boxed e-con e-parent\" data-id=\"2fa3871\" data-element_type=\"container\">\n\t\t\t\t\t<div class=\"e-con-inner\">\n\t\t\t\t<div class=\"elementor-element elementor-element-a83dbcb elementor-widget elementor-widget-cs_fancy_card\" data-id=\"a83dbcb\" data-element_type=\"widget\" data-widget_type=\"cs_fancy_card.default\">\n\t\t\t\t<div class=\"elementor-widget-container\">\n\t\t\t\t\t\n\t\t<div class=\"cs-fancy-card style-1 text-center cs-hover-img-zoom\">\n            <div class=\"cs-fc-wrap\">\t                <a class=\"cs-fc-link\" href=\"https:\/\/www.hastal.com\/booking\/\" aria-label=\"Fancy Card Link\"><\/a>\t               \t<div class=\"cs-fc-img\">\n\t                    <img fetchpriority=\"high\" decoding=\"async\" width=\"768\" height=\"576\" src=\"https:\/\/hastal.rozklad.dev\/wp-content\/uploads\/2025\/09\/15_17115479704627_768x576_ttt_90.webp\" class=\"attachment-full size-full wp-image-1838\" alt=\"\" srcset=\"https:\/\/hastal.rozklad.dev\/wp-content\/uploads\/2025\/09\/15_17115479704627_768x576_ttt_90.webp 768w, https:\/\/hastal.rozklad.dev\/wp-content\/uploads\/2025\/09\/15_17115479704627_768x576_ttt_90-150x113.webp 150w, https:\/\/hastal.rozklad.dev\/wp-content\/uploads\/2025\/09\/15_17115479704627_768x576_ttt_90-600x450.webp 600w, https:\/\/hastal.rozklad.dev\/wp-content\/uploads\/2025\/09\/15_17115479704627_768x576_ttt_90-300x225.webp 300w, https:\/\/hastal.rozklad.dev\/wp-content\/uploads\/2025\/09\/15_17115479704627_768x576_ttt_90-550x413.webp 550w, https:\/\/hastal.rozklad.dev\/wp-content\/uploads\/2025\/09\/15_17115479704627_768x576_ttt_90-370x278.webp 370w, https:\/\/hastal.rozklad.dev\/wp-content\/uploads\/2025\/09\/15_17115479704627_768x576_ttt_90-255x191.webp 255w\" sizes=\"(max-width: 768px) 100vw, 768px\" \/>\t                <\/div>\n                <div class=\"cs-fc-content\">\t\t\t\t\t\t<div class=\"cs-subtitle-wrap\"><span class=\"cs-subtitle\">R\u00e9servez d\u00e8s maintenant et b\u00e9n\u00e9ficiez d'une r\u00e9duction de 5 % !<\/span><\/div>\t\t\t            <h4 class=\"cs-fc-title cs-title\">\n\t\t\t                Restez 2 nuits et \u00e9conomisez 5%.\t\t\t            <\/h4>\t\t\t            <div class=\"cs-fc-text\">\n\t\t\t                <p data-start=\"283\" data-end=\"456\">Profitez au maximum de votre s\u00e9jour au c\u0153ur de la vieille ville de Prague. En r\u00e9servant<strong> deux nuits \u00e0 l&rsquo;h\u00f4tel Hastal<\/strong>, vous b\u00e9n\u00e9ficierez d&rsquo;une r\u00e9duction <strong>exclusive de 5 %<\/strong> sur votre s\u00e9jour. <\/p>\t\t\t            <\/div>\t\t                <div class=\"cs-fc-btn\">\n\t\t                    <a class=\"button cs-btn-underline\" role=\"button\" href=\"https:\/\/www.hastal.com\/booking\/\">\n\t\t                        <span class=\"cs-btn-text\">R\u00e9servez d\u00e8s maintenant<\/span>\t\t                    <\/a>\n\t\t                <\/div>\t\t\t\t<\/div>\n            <\/div>\n        <\/div>\t\t\t\t<\/div>\n\t\t\t\t<\/div>\n\t\t\t\t<div class=\"elementor-element elementor-element-30fd210 elementor-widget elementor-widget-cs_fancy_card\" data-id=\"30fd210\" data-element_type=\"widget\" data-widget_type=\"cs_fancy_card.default\">\n\t\t\t\t<div class=\"elementor-widget-container\">\n\t\t\t\t\t\n\t\t<div class=\"cs-fancy-card style-1 text-center cs-hover-img-zoom\">\n            <div class=\"cs-fc-wrap\">\t                <a class=\"cs-fc-link\" href=\"https:\/\/www.hastal.com\/booking\/\" aria-label=\"Fancy Card Link\"><\/a>\t               \t<div class=\"cs-fc-img\">\n\t                    <img decoding=\"async\" width=\"768\" height=\"576\" src=\"https:\/\/hastal.rozklad.dev\/wp-content\/uploads\/2025\/09\/20_17115479683032_768x576_ttt_90.webp\" class=\"attachment-full size-full wp-image-1839\" alt=\"\" srcset=\"https:\/\/hastal.rozklad.dev\/wp-content\/uploads\/2025\/09\/20_17115479683032_768x576_ttt_90.webp 768w, https:\/\/hastal.rozklad.dev\/wp-content\/uploads\/2025\/09\/20_17115479683032_768x576_ttt_90-150x113.webp 150w, https:\/\/hastal.rozklad.dev\/wp-content\/uploads\/2025\/09\/20_17115479683032_768x576_ttt_90-600x450.webp 600w, https:\/\/hastal.rozklad.dev\/wp-content\/uploads\/2025\/09\/20_17115479683032_768x576_ttt_90-300x225.webp 300w, https:\/\/hastal.rozklad.dev\/wp-content\/uploads\/2025\/09\/20_17115479683032_768x576_ttt_90-550x413.webp 550w, https:\/\/hastal.rozklad.dev\/wp-content\/uploads\/2025\/09\/20_17115479683032_768x576_ttt_90-370x278.webp 370w, https:\/\/hastal.rozklad.dev\/wp-content\/uploads\/2025\/09\/20_17115479683032_768x576_ttt_90-255x191.webp 255w\" sizes=\"(max-width: 768px) 100vw, 768px\" \/>\t                <\/div>\n                <div class=\"cs-fc-content\">\t\t\t\t\t\t<div class=\"cs-subtitle-wrap\"><span class=\"cs-subtitle\">R\u00e9servez d\u00e8s maintenant avec une r\u00e9duction de 13 % !<\/span><\/div>\t\t\t            <h4 class=\"cs-fc-title cs-title\">\n\t\t\t                Restez 3 nuits et \u00e9conomisez 13%.\n\t\t\t            <\/h4>\t\t\t            <div class=\"cs-fc-text\">\n\t\t\t                <p>D\u00e9couvrez davantage Prague tout en profitant d&rsquo;\u00e9conomies suppl\u00e9mentaires. Si vous s\u00e9journez <strong>trois nuits \u00e0 l&rsquo;h\u00f4tel Hastal<\/strong>, vous b\u00e9n\u00e9ficierez d&rsquo;une <strong>r\u00e9duction de 13 %<\/strong> sur l&rsquo;ensemble de votre s\u00e9jour. <\/p>\t\t\t            <\/div>\t\t                <div class=\"cs-fc-btn\">\n\t\t                    <a class=\"button cs-btn-underline\" role=\"button\" href=\"https:\/\/www.hastal.com\/booking\/\">\n\t\t                        <span class=\"cs-btn-text\">R\u00e9servez d\u00e8s maintenant  <\/span>\t\t                    <\/a>\n\t\t                <\/div>\t\t\t\t<\/div>\n            <\/div>\n        <\/div>\t\t\t\t<\/div>\n\t\t\t\t<\/div>\n\t\t\t\t<div class=\"elementor-element elementor-element-da6ddab elementor-widget elementor-widget-cs_fancy_card\" data-id=\"da6ddab\" data-element_type=\"widget\" data-widget_type=\"cs_fancy_card.default\">\n\t\t\t\t<div class=\"elementor-widget-container\">\n\t\t\t\t\t\n\t\t<div class=\"cs-fancy-card style-1 text-center cs-hover-img-zoom\">\n            <div class=\"cs-fc-wrap\">\t                <a class=\"cs-fc-link\" href=\"https:\/\/www.hastal.com\/booking\/\" aria-label=\"Fancy Card Link\"><\/a>\t               \t<div class=\"cs-fc-img\">\n\t                    <img decoding=\"async\" width=\"768\" height=\"576\" src=\"https:\/\/hastal.rozklad.dev\/wp-content\/uploads\/2025\/09\/28-2_17115479700702_768x576_ttt_90.webp\" class=\"attachment-full size-full wp-image-1840\" alt=\"\" srcset=\"https:\/\/hastal.rozklad.dev\/wp-content\/uploads\/2025\/09\/28-2_17115479700702_768x576_ttt_90.webp 768w, https:\/\/hastal.rozklad.dev\/wp-content\/uploads\/2025\/09\/28-2_17115479700702_768x576_ttt_90-150x113.webp 150w, https:\/\/hastal.rozklad.dev\/wp-content\/uploads\/2025\/09\/28-2_17115479700702_768x576_ttt_90-600x450.webp 600w, https:\/\/hastal.rozklad.dev\/wp-content\/uploads\/2025\/09\/28-2_17115479700702_768x576_ttt_90-300x225.webp 300w, https:\/\/hastal.rozklad.dev\/wp-content\/uploads\/2025\/09\/28-2_17115479700702_768x576_ttt_90-550x413.webp 550w, https:\/\/hastal.rozklad.dev\/wp-content\/uploads\/2025\/09\/28-2_17115479700702_768x576_ttt_90-370x278.webp 370w, https:\/\/hastal.rozklad.dev\/wp-content\/uploads\/2025\/09\/28-2_17115479700702_768x576_ttt_90-255x191.webp 255w\" sizes=\"(max-width: 768px) 100vw, 768px\" \/>\t                <\/div>\n                <div class=\"cs-fc-content\">\t\t\t\t\t\t<div class=\"cs-subtitle-wrap\"><span class=\"cs-subtitle\">R\u00e9servez d\u00e8s maintenant avec une r\u00e9duction de 15 % !<\/span><\/div>\t\t\t            <h4 class=\"cs-fc-title cs-title\">\n\t\t\t                Restez 4 nuits et \u00e9conomisez 15%.\t\t\t            <\/h4>\t\t\t            <div class=\"cs-fc-text\">\n\t\t\t                <p data-start=\"185\" data-end=\"345\">Transformez votre escapade \u00e0 Prague en v\u00e9ritables vacances. Lorsque vous r\u00e9servez au moins &nbsp;<strong>quatre nuits \u00e0 l&rsquo;h\u00f4tel Hastal<\/strong>, vous b\u00e9n\u00e9ficierez d&rsquo;une <strong>r\u00e9duction exclusive de 15 %<\/strong> sur votre s\u00e9jour.<\/p>\t\t\t            <\/div>\t\t                <div class=\"cs-fc-btn\">\n\t\t                    <a class=\"button cs-btn-underline\" role=\"button\" href=\"https:\/\/www.hastal.com\/booking\/\">\n\t\t                        <span class=\"cs-btn-text\">R\u00e9servez d\u00e8s maintenant<\/span>\t\t                    <\/a>\n\t\t                <\/div>\t\t\t\t<\/div>\n            <\/div>\n        <\/div>\t\t\t\t<\/div>\n\t\t\t\t<\/div>\n\t\t\t\t<div class=\"elementor-element elementor-element-4fd12a1 elementor-widget elementor-widget-cs_fancy_card\" data-id=\"4fd12a1\" data-element_type=\"widget\" data-widget_type=\"cs_fancy_card.default\">\n\t\t\t\t<div class=\"elementor-widget-container\">\n\t\t\t\t\t\n\t\t<div class=\"cs-fancy-card style-1 text-center cs-hover-img-zoom\">\n            <div class=\"cs-fc-wrap\">\t                <a class=\"cs-fc-link\" href=\"https:\/\/www.hastal.com\/booking\/\" aria-label=\"Fancy Card Link\"><\/a>\t               \t<div class=\"cs-fc-img\">\n\t                    <img loading=\"lazy\" decoding=\"async\" width=\"768\" height=\"576\" src=\"https:\/\/hastal.rozklad.dev\/wp-content\/uploads\/2025\/09\/sleva-5_1711547967504_768x576_ttt_90.webp\" class=\"attachment-full size-full wp-image-1841\" alt=\"\" srcset=\"https:\/\/hastal.rozklad.dev\/wp-content\/uploads\/2025\/09\/sleva-5_1711547967504_768x576_ttt_90.webp 768w, https:\/\/hastal.rozklad.dev\/wp-content\/uploads\/2025\/09\/sleva-5_1711547967504_768x576_ttt_90-150x113.webp 150w, https:\/\/hastal.rozklad.dev\/wp-content\/uploads\/2025\/09\/sleva-5_1711547967504_768x576_ttt_90-600x450.webp 600w, https:\/\/hastal.rozklad.dev\/wp-content\/uploads\/2025\/09\/sleva-5_1711547967504_768x576_ttt_90-300x225.webp 300w, https:\/\/hastal.rozklad.dev\/wp-content\/uploads\/2025\/09\/sleva-5_1711547967504_768x576_ttt_90-550x413.webp 550w, https:\/\/hastal.rozklad.dev\/wp-content\/uploads\/2025\/09\/sleva-5_1711547967504_768x576_ttt_90-370x278.webp 370w, https:\/\/hastal.rozklad.dev\/wp-content\/uploads\/2025\/09\/sleva-5_1711547967504_768x576_ttt_90-255x191.webp 255w\" sizes=\"(max-width: 768px) 100vw, 768px\" \/>\t                <\/div>\n                <div class=\"cs-fc-content\">\t\t\t\t\t\t<div class=\"cs-subtitle-wrap\"><span class=\"cs-subtitle\">R\u00e9servez d\u00e8s maintenant avec une r\u00e9duction de 18% !<\/span><\/div>\t\t\t            <h4 class=\"cs-fc-title cs-title\">\n\t\t\t                Min. 5 nuits \u00e9conomisez 18%\n\t\t\t            <\/h4>\t\t\t            <div class=\"cs-fc-text\">\n\t\t\t                <p>Offrez-vous du temps \u00e0 Prague. En r\u00e9servant un <strong data-start=\"222\" data-end=\"264\">minimum de cinq nuits \u00e0 l&rsquo;h\u00f4tel Hastal<\/strong>, vous b\u00e9n\u00e9ficierez d&rsquo;une <strong data-start=\"283\" data-end=\"309\">r\u00e9duction exclusive de 18 %<\/strong> sur votre s\u00e9jour. <\/p>\t\t\t            <\/div>\t\t                <div class=\"cs-fc-btn\">\n\t\t                    <a class=\"button cs-btn-underline\" role=\"button\" href=\"https:\/\/www.hastal.com\/booking\/\">\n\t\t                        <span class=\"cs-btn-text\">R\u00e9servez d\u00e8s maintenant  <\/span>\t\t                    <\/a>\n\t\t                <\/div>\t\t\t\t<\/div>\n            <\/div>\n        <\/div>\t\t\t\t<\/div>\n\t\t\t\t<\/div>\n\t\t\t\t\t<\/div>\n\t\t\t\t<\/div>\n\t\t\t\t<\/div>\n\t\t","protected":false},"excerpt":{"rendered":"<p>R\u00e9servez d\u00e8s maintenant avec une r\u00e9duction ! Offres sp\u00e9ciales Que vous pr\u00e9voyiez un week-end romantique, des vacances en famille ou une escapade plus longue, l&#8217;h\u00f4tel Hastal r\u00e9compense les r\u00e9servations anticip\u00e9es et les s\u00e9jours prolong\u00e9s par des \u00e9conomies imbattables. R\u00e9servez directement sur notre site web pour b\u00e9n\u00e9ficier des meilleurs prix, d&#8217;avantages sp\u00e9ciaux et d&#8217;un service personnalis\u00e9 &#8230;<\/p>\n","protected":false},"author":1,"featured_media":0,"parent":0,"menu_order":0,"comment_status":"closed","ping_status":"closed","template":"template-wide-content.php","meta":{"cozystay_single_page_hide_site_header":"","cozystay_single_page_site_header_source":"","cozystay_single_page_custom_site_header":"0","cozystay_single_page_custom_sticky_site_header":"0","cozystay_single_page_hide_page_title":"","cozystay_single_page_header_section_size":"","cozystay_single_page_header_background_color":"","cozystay_single_page_header_background_position_x":"center","cozystay_single_page_header_background_position_y":"center","cozystay_single_page_header_background_size":"cover","cozystay_single_page_header_background_repeat":"off","cozystay_single_page_header_background_scroll":"on","cozystay_single_page_header_text_color":"","cozystay_single_page_header_show_breadcrumb":"","cozystay_single_page_site_footer_hide_main":"","cozystay_single_custom_site_footer_main_source":"","cozystay_single_custom_site_footer_main":"0","cozystay_single_page_site_footer_hide_above":"","cozystay_single_custom_site_footer_above_source":"","cozystay_single_custom_site_footer_above":"0","cozystay_single_page_site_footer_hide_instagram":"","cozystay_single_page_site_footer_hide_bottom":"","cozystay_single_custom_mobile_menu_source":"","cozystay_single_custom_mobile_menu":"0","cozystay_single_custom_mobile_menu_animation":"","cozystay_single_custom_mobile_menu_width":"","cozystay_single_custom_mobile_menu_custom_width":375,"footnotes":""},"class_list":["post-4462","page","type-page","status-publish","hentry"],"aioseo_notices":[],"_hostinger_reach_plugin_has_subscription_block":false,"_hostinger_reach_plugin_is_elementor":false,"_links":{"self":[{"href":"https:\/\/hastal.rozklad.dev\/fr\/wp-json\/wp\/v2\/pages\/4462","targetHints":{"allow":["GET"]}}],"collection":[{"href":"https:\/\/hastal.rozklad.dev\/fr\/wp-json\/wp\/v2\/pages"}],"about":[{"href":"https:\/\/hastal.rozklad.dev\/fr\/wp-json\/wp\/v2\/types\/page"}],"author":[{"embeddable":true,"href":"https:\/\/hastal.rozklad.dev\/fr\/wp-json\/wp\/v2\/users\/1"}],"replies":[{"embeddable":true,"href":"https:\/\/hastal.rozklad.dev\/fr\/wp-json\/wp\/v2\/comments?post=4462"}],"version-history":[{"count":4,"href":"https:\/\/hastal.rozklad.dev\/fr\/wp-json\/wp\/v2\/pages\/4462\/revisions"}],"predecessor-version":[{"id":6560,"href":"https:\/\/hastal.rozklad.dev\/fr\/wp-json\/wp\/v2\/pages\/4462\/revisions\/6560"}],"wp:attachment":[{"href":"https:\/\/hastal.rozklad.dev\/fr\/wp-json\/wp\/v2\/media?parent=4462"}],"curies":[{"name":"wp","href":"https:\/\/api.w.org\/{rel}","templated":true}]}}