{"id":5185,"date":"2025-10-24T19:19:10","date_gmt":"2025-10-24T19:19:10","guid":{"rendered":"https:\/\/hastal.rozklad.dev\/politica-de-privacidad\/terminos-y-condiciones\/"},"modified":"2026-02-09T20:08:29","modified_gmt":"2026-02-09T20:08:29","slug":"terminos-y-condiciones","status":"publish","type":"page","link":"https:\/\/hastal.rozklad.dev\/es\/terminos-y-condiciones\/","title":{"rendered":"T\u00e9rminos y condiciones"},"content":{"rendered":"\t\t<div data-elementor-type=\"wp-page\" data-elementor-id=\"5185\" class=\"elementor elementor-5185 elementor-3472\" data-elementor-post-type=\"page\">\n\t\t\t\t<div class=\"elementor-element elementor-element-4242781 e-flex e-con-boxed e-con e-parent\" data-id=\"4242781\" data-element_type=\"container\">\n\t\t\t\t\t<div class=\"e-con-inner\">\n\t\t\t\t<div class=\"elementor-element elementor-element-596817d elementor-widget elementor-widget-text-editor\" data-id=\"596817d\" data-element_type=\"widget\" data-widget_type=\"text-editor.default\">\n\t\t\t\t\t\t\t\t\t<header class=\"elm_comp_head\"><\/header>\n<div class=\"part_ui_wsw\" data-controller=\"part_ui_wsw\">\n<div class=\"wrp_s_head mb-8\">\n<h5><span style=\"font-size: 16px;\"><span dir=\"auto\">1. Condiciones generales del Hotel Hastal<\/span><\/span><\/h5>\n<\/div>\n<div class=\"wrp_s_body\">\n<div class=\"ui-text\" data-controller=\"ui-text\">\n<p><span dir=\"auto\">1.1. Estas condiciones generales rigen las reservas a trav\u00e9s de los sitios web de los hoteles<\/span><br><span dir=\"auto\">de LH Hotels &amp; resorts sro&#8230;..<\/span><\/p>\n<p><span dir=\"auto\">1.2. Visitando y navegando por nuestro sitio web, utiliz\u00e1ndolo y haciendo una reserva<\/span><br><span dir=\"auto\">confirmas que has le\u00eddo, comprendido y<\/span><br><span dir=\"auto\">aceptas los t\u00e9rminos y condiciones que se establecen a continuaci\u00f3n.<\/span><\/p>\n<p><span dir=\"auto\">1.3. El Hotel Hastal est\u00e1 registrado en Hastalska&nbsp;<\/span><br><span dir=\"auto\">103\/12, 110 00 Praga 1. Toda la correspondencia debe enviarse a la direcci\u00f3n arriba indicada <\/span><br><span dir=\"auto\">direcci\u00f3n.<\/span><\/p>\n<p><span dir=\"auto\">1.4. Al hacer una reserva a trav\u00e9s de la p\u00e1gina web del Hotel Hastal, entras en una relaci\u00f3n directa (legalmente<\/span><br><span dir=\"auto\">vinculante) relaci\u00f3n contractual. Por este motivo, confirmas y declaras que eres <\/span><br><span dir=\"auto\">legalmente competente y mayor de 18 a\u00f1os, que aceptas la responsabilidad de todos los pagos efectuados<\/span><br><span dir=\"auto\">en tu nombre o mediante tarjeta de cr\u00e9dito\/d\u00e9bito, y confirma que la informaci\u00f3n que has facilitado<\/span><br><span dir=\"auto\">es verdadera y correcta.<\/span><\/p>\n<p><span dir=\"auto\">1.5. Todos los pedidos que realices se considerar\u00e1n una expresi\u00f3n de tu libre voluntad<\/span><br><span dir=\"auto\">para adquirir los servicios solicitados que est\u00e1n disponibles en la oferta hotelera de Hastal. Tu <\/span><br><span dir=\"auto\">el pedido no estar\u00e1 vinculado contractualmente hasta que sea confirmado por el hotel o<\/span><br><span dir=\"auto\">el departamento de ventas del hotel Hastal y hasta que se haya abonado la factura anticipada o la garant\u00eda de las necesidades de alojamiento<\/span><br><span dir=\"auto\">con tarjeta de cr\u00e9dito.<\/span><\/p>\n<h3><span dir=\"auto\">2. Tipos de reservas<\/span><\/h3>\n<p><span dir=\"auto\">2.1. Hay dos tipos de reservas que se pueden hacer en los sitios web de los hoteles:<\/span><\/p>\n<p><span dir=\"auto\">a) reserva est\u00e1ndar con posibilidad de cancelaci\u00f3n gratuita 24 horas antes de la llegada<\/span><br><span dir=\"auto\">b) tarifa no reembolsable, denominada reserva no reembolsable sin posibilidad de cancelaci\u00f3n y reembolso.<\/span><\/p>\n<p><span dir=\"auto\">2.2. Una reserva est\u00e1ndar con opci\u00f3n de cancelaci\u00f3n puede modificarse o cancelarse seg\u00fan las condiciones de cancelaci\u00f3n aplicables<\/span><br><span dir=\"auto\">dependiendo de la fecha seleccionada.<\/span><\/p>\n<p><span dir=\"auto\">2.3. Para las reservas no reembolsables, se pueden hacer cambios o cancelaciones sin posibilidad de<\/span><br><span dir=\"auto\">de reembolsar el precio de la reserva ya pagado. Estas reservas son siempre <\/span><br><span dir=\"auto\">con descuento en comparaci\u00f3n con las reservas est\u00e1ndar y el precio con descuento est\u00e1 sujeto al pago inmediato por adelantado<\/span><br><span dir=\"auto\">de la tarjeta de cr\u00e9dito\/d\u00e9bito del cliente y en el momento de hacer la reserva.<\/span><\/p>\n<h3><span dir=\"auto\">3. Hacer una reserva online<\/span><\/h3>\n<p><span dir=\"auto\">3.1. Al hacer una reserva en l\u00ednea a trav\u00e9s del sitio web del hotel Hastal, debes rellenar<\/span><br><span dir=\"auto\">el formulario de reserva con toda la informaci\u00f3n necesaria sobre el alojamiento (elecci\u00f3n del<\/span><br><span dir=\"auto\">hotel, fecha de la estancia, n\u00famero de personas, n\u00famero de habitaciones y, en su caso, c\u00f3digo de descuento) y luego pulsa<\/span><br><span dir=\"auto\">RESERVAR. A continuaci\u00f3n, acceder\u00e1s a una p\u00e1gina en la que podr\u00e1s reservar un tipo de habitaci\u00f3n concreto, <\/span><br><span dir=\"auto\">seg\u00fan el precio y las condiciones de pago. En el siguiente paso, se te redirige a una p\u00e1gina en la que debes rellenar <\/span><br><span dir=\"auto\">el formulario de reserva y deber\u00e1s introducir los datos de tu tarjeta de cr\u00e9dito\/d\u00e9bito.<\/span><\/p>\n<p><span dir=\"auto\">Puedes elegir entre dos condiciones de pago:<\/span><\/p>\n<p><span dir=\"auto\">a) un precio de reserva con descuento para las reservas no reembolsables<\/span><br><span dir=\"auto\">con prepago inmediato a trav\u00e9s de tu tarjeta de cr\u00e9dito\/d\u00e9bito<\/span><\/p>\n<p><span dir=\"auto\">b) reserva est\u00e1ndar &#8211; pago en la recepci\u00f3n del hotel y datos de la tarjeta de cr\u00e9dito\/d\u00e9bito en<\/span><br><span dir=\"auto\">el formulario s\u00f3lo a efectos de garantizar el alojamiento. Tras la aprobaci\u00f3n definitiva y el env\u00edo <\/span><br><span dir=\"auto\">la reserva, recibir\u00e1s una confirmaci\u00f3n de reserva, que muestra todos los detalles<\/span><br><span dir=\"auto\">informaci\u00f3n sobre tu reserva.<\/span><\/p>\n<p><span dir=\"auto\">3.2. Si eliges el prepago inmediato mediante<\/span><br><span dir=\"auto\">tarjeta de cr\u00e9dito\/d\u00e9bito como forma de pago, el hotel cargar\u00e1 el importe de la reserva a<\/span><br><span dir=\"auto\">la tarjeta de cr\u00e9dito\/d\u00e9bito especificada en la reserva al recibir el pedido. Si la reserva debe pagarse <\/span><br><span dir=\"auto\">mediante tarjeta de cr\u00e9dito\/d\u00e9bito de un tercero, es decir, los clientes que se alojar\u00e1n en el hotel no dispondr\u00e1n de una tarjeta de cr\u00e9dito\/d\u00e9bito<\/span><br><span dir=\"auto\">tarjeta con la que se realizar\u00e1 el pago, ponte en contacto con la recepci\u00f3n del hotel por correo electr\u00f3nico para que podamos<\/span><br><span dir=\"auto\">enviarte un enlace a la pasarela de pago seguro donde se realizar\u00e1 el pago.<\/span><\/p>\n<p><span dir=\"auto\">3.3. Si la autorizaci\u00f3n del pago se realiza correctamente, recibir\u00e1s un correo electr\u00f3nico de confirmaci\u00f3n con<\/span><br><span dir=\"auto\">la confirmaci\u00f3n de tu reserva y la factura. Si no recibes un correo electr\u00f3nico de confirmaci\u00f3n o si tienes alguna pregunta, <\/span><br><span dir=\"auto\">ponte en contacto con nuestro departamento de reservas o con la recepci\u00f3n en la direcci\u00f3n de correo electr\u00f3nico del hotel correspondiente.<\/span><br><span dir=\"auto\">Puedes encontrar todos los datos de contacto en las p\u00e1ginas web de cada hotel.<\/span><\/p>\n<h3><span dir=\"auto\">4. Cambios en las reservas<\/span><\/h3>\n<p><span dir=\"auto\">4.1. Todos los cambios en las reservas (cambio de nombre, fecha de reserva, cambio de hotel, tipo de habitaci\u00f3n, etc.)<\/span><br><span dir=\"auto\">debe hacerse por escrito a la direcci\u00f3n de correo electr\u00f3nico de la recepci\u00f3n del hotel, los contactos se pueden encontrar en las p\u00e1ginas web<\/span><br><span dir=\"auto\">de los hoteles individuales. Los cambios solicitados te ser\u00e1n confirmados a cambio. Si  <\/span><br><span dir=\"auto\">la solicitud de cambio no puede realizarse, se te informar\u00e1 de ello<\/span><br><span dir=\"auto\">por correo electr\u00f3nico.<\/span><\/p>\n<h3><span dir=\"auto\">5. Precios<\/span><\/h3>\n<p><span dir=\"auto\">5.1. En nuestro sitio web siempre indicamos el precio medio por habitaci\u00f3n\/noche y el precio total<\/span><br><span dir=\"auto\">para la estancia. En el formulario de reserva, al hacer una reserva, es posible editar la moneda en la que <\/span><br><span dir=\"auto\">que deseas pagar. Aceptamos pagos en CZK y EUR, para cualquier otra moneda, por favor <\/span><br><span dir=\"auto\">ponte en contacto con la recepci\u00f3n del hotel.<\/span><\/p>\n<p><span dir=\"auto\">5.2. El pago con tarjeta de cr\u00e9dito\/d\u00e9bito puede hacerse en CZK y EUR, para otros<\/span><br><span dir=\"auto\">divisas, ponte en contacto con la recepci\u00f3n del hotel.<\/span><\/p>\n<p><span dir=\"auto\">5.3. Los tipos de cambio se fijan diariamente y se basan en los tipos del CNB. Informaci\u00f3n sobre el tipo y el total <\/span><br><span dir=\"auto\">El precio en CZK que se carg\u00f3 a tu tarjeta de cr\u00e9dito\/d\u00e9bito siempre se incluye en la factura que<\/span><br><span dir=\"auto\">que recibir\u00e1s como archivo adjunto al correo electr\u00f3nico de confirmaci\u00f3n.<\/span><\/p>\n<h3><span dir=\"auto\">6. Condiciones de pago<\/span><\/h3>\n<p><span dir=\"auto\">6.1. La forma de pago depende del tipo de reserva elegida y siempre se indican las condiciones de pago<\/span><br><span dir=\"auto\">en el formulario de reserva.<\/span><\/p>\n<p><span dir=\"auto\">6.2. Para las reservas est\u00e1ndar con posibilidad de cancelaci\u00f3n 1 d\u00eda antes de la llegada, la forma de pago es directamente<\/span><br><span dir=\"auto\">en la recepci\u00f3n del hotel. Al pagar en la recepci\u00f3n del hotel, exigimos a los clientes, a efectos de garant\u00eda <\/span><br><span dir=\"auto\">alojamiento, su n\u00famero de tarjeta de cr\u00e9dito\/d\u00e9bito, incluida la validez de la tarjeta. S\u00f3lo comprobamos esta tarjeta <\/span><br><span dir=\"auto\">y llevar a cabo la llamada preautorizaci\u00f3n de la tarjeta de cr\u00e9dito\/d\u00e9bito.  &nbsp;<\/span><\/p>\n<p><span dir=\"auto\">6.3. Para las reservas sin posibilidad de cancelaci\u00f3n y reembolso, la condici\u00f3n de prepago inmediato<\/span><br><span dir=\"auto\">de la tarjeta de cr\u00e9dito\/d\u00e9bito del cliente. El importe del alojamiento se carga en la tarjeta de cr\u00e9dito\/d\u00e9bito especificada. <\/span><br><span dir=\"auto\">en el pedido por la recepci\u00f3n del hotel dado directamente en el terminal de pago del hotel.<\/span><\/p>\n<h3><span dir=\"auto\">7. Pol\u00edtica de cancelaci\u00f3n<\/span><\/h3>\n<p><span dir=\"auto\">7.1. Al hacer una reserva, aceptas las condiciones de cancelaci\u00f3n aplicables en caso de no presentarte<\/span><br><span dir=\"auto\">o cancelaci\u00f3n tard\u00eda de la reserva.<\/span><\/p>\n<p><span dir=\"auto\">7.2. Todas las cancelaciones o modificaciones de la reserva deben hacerse por escrito mediante correo electr\u00f3nico y<\/span><br><span dir=\"auto\">enviada a la direcci\u00f3n de recepci\u00f3n del hotel correspondiente. Tu cancelaci\u00f3n o modificaci\u00f3n de la reserva ser\u00e1 <\/span><br><span dir=\"auto\">confirmada por escrito. Esta confirmaci\u00f3n tambi\u00e9n indicar\u00e1 el posible importe de la penalizaci\u00f3n contractual, seg\u00fan <\/span><br><span dir=\"auto\">las condiciones de cancelaci\u00f3n v\u00e1lidas.<\/span><\/p>\n<p><span dir=\"auto\">7.3. Para reservas est\u00e1ndar con opci\u00f3n de cancelaci\u00f3n gratuita 24 horas antes de la llegada y pago<\/span><br><span dir=\"auto\">en la recepci\u00f3n del hotel, si la reserva se cancela a m\u00e1s tardar a las 18.00 h. 24 horas antes de<\/span><br><span dir=\"auto\">llegada, no se te cobrar\u00e1 ninguna penalizaci\u00f3n contractual. En caso de cancelaci\u00f3n fuera de plazo <\/span><br><span dir=\"auto\">o en caso de no presentarte, se te cobrar\u00e1 una penalizaci\u00f3n contractual del 100% del precio del alojamiento y<\/span><br><span dir=\"auto\">cualquier otro servicio solicitado para la primera noche.<\/span><\/p>\n<p><span dir=\"auto\">7.4. Para reservas sin posibilidad de cancelaci\u00f3n y reembolso y con prepago inmediato en el d\u00eda<\/span><br><span dir=\"auto\">de hacer la reserva, en caso de cambio, anulaci\u00f3n de la reserva o en caso de no presentarse, ser\u00e1s<\/span><br><span dir=\"auto\">se le cobrar\u00e1 una penalizaci\u00f3n contractual del 100% del precio total de la reserva.<\/span><\/p>\n<h4><span dir=\"auto\">CONDICIONES DE CANCELACI\u00d3N:<\/span><\/h4>\n<p><span dir=\"auto\">&#8211; 1 d\u00eda antes de la llegada &#8211; penalizaci\u00f3n contractual del 100% del precio total de la primera noche<\/span><br><span dir=\"auto\">&#8211; no presentarse &#8211; penalizaci\u00f3n contractual del 100% del precio total de la reserva<\/span><\/p>\n<h3><span dir=\"auto\">8. Reclamaciones e indemnizaciones<\/span><\/h3>\n<p><span dir=\"auto\">8.1. Si tienes alguna queja sobre la calidad del alojamiento o reservas sobre los servicios prestados, intenta<\/span><br><span dir=\"auto\">resolverlo todo inmediatamente in situ con la recepci\u00f3n o la direcci\u00f3n del hotel y permitirles<\/span><br><span dir=\"auto\">rectificar la situaci\u00f3n lo antes posible.<\/span><\/p>\n<p><span dir=\"auto\">8.2. Si no es posible resolver el problema in situ, env\u00edanos tu reclamaci\u00f3n a<\/span><br><span dir=\"auto\">recepce@hastal.cz a m\u00e1s tardar 10 d\u00edas despu\u00e9s de la fecha de tu devoluci\u00f3n. Tu reclamaci\u00f3n ser\u00e1 <\/span><br><span dir=\"auto\">investigado y se propondr\u00e1 cualquier compensaci\u00f3n basada en las normas aplicables establecidas<\/span><br><span dir=\"auto\">en la normativa legal pertinente.<\/span><\/p>\n<p><span dir=\"auto\">Hastal <\/span><strong><span dir=\"auto\">se reserva el derecho de modificar estas condiciones.<\/span><\/strong><span dir=\"auto\"> Es responsabilidad<\/span><br><span dir=\"auto\">tu responsabilidad comprobar regularmente estas condiciones antes de cada reserva<\/span><br><span dir=\"auto\">y familiarizarte con cualquier cambio.<\/span><\/p>\n<p><span dir=\"auto\">En Praga el 17 de mayo de 2024<\/span><\/p>\n<\/div>\n<\/div>\n<\/div>\t\t\t\t\t\t\t\t<\/div>\n\t\t\t\t\t<\/div>\n\t\t\t\t<\/div>\n\t\t\t\t<\/div>\n\t\t","protected":false},"excerpt":{"rendered":"<p>1. Condiciones generales del Hotel Hastal 1.1. Estas condiciones generales rigen las reservas a trav\u00e9s de los sitios web de los hotelesde LH Hotels &amp; resorts sro&#8230;.. 1.2. Visitando y navegando por nuestro sitio web, utiliz\u00e1ndolo y haciendo una reservaconfirmas que has le\u00eddo, comprendido yaceptas los t\u00e9rminos y condiciones que se establecen a continuaci\u00f3n. 1.3. &#8230;<\/p>\n","protected":false},"author":1,"featured_media":0,"parent":0,"menu_order":0,"comment_status":"closed","ping_status":"closed","template":"elementor_header_footer","meta":{"cozystay_single_page_hide_site_header":"","cozystay_single_page_site_header_source":"","cozystay_single_page_custom_site_header":"0","cozystay_single_page_custom_sticky_site_header":"0","cozystay_single_page_hide_page_title":"","cozystay_single_page_header_section_size":"","cozystay_single_page_header_background_color":"","cozystay_single_page_header_background_position_x":"center","cozystay_single_page_header_background_position_y":"center","cozystay_single_page_header_background_size":"cover","cozystay_single_page_header_background_repeat":"off","cozystay_single_page_header_background_scroll":"on","cozystay_single_page_header_text_color":"","cozystay_single_page_header_show_breadcrumb":"","cozystay_single_page_site_footer_hide_main":"","cozystay_single_custom_site_footer_main_source":"","cozystay_single_custom_site_footer_main":"0","cozystay_single_page_site_footer_hide_above":"","cozystay_single_custom_site_footer_above_source":"","cozystay_single_custom_site_footer_above":"0","cozystay_single_page_site_footer_hide_instagram":"","cozystay_single_page_site_footer_hide_bottom":"","cozystay_single_custom_mobile_menu_source":"","cozystay_single_custom_mobile_menu":"0","cozystay_single_custom_mobile_menu_animation":"","cozystay_single_custom_mobile_menu_width":"","cozystay_single_custom_mobile_menu_custom_width":375,"footnotes":""},"class_list":["post-5185","page","type-page","status-publish","hentry"],"aioseo_notices":[],"_hostinger_reach_plugin_has_subscription_block":false,"_hostinger_reach_plugin_is_elementor":false,"_links":{"self":[{"href":"https:\/\/hastal.rozklad.dev\/es\/wp-json\/wp\/v2\/pages\/5185","targetHints":{"allow":["GET"]}}],"collection":[{"href":"https:\/\/hastal.rozklad.dev\/es\/wp-json\/wp\/v2\/pages"}],"about":[{"href":"https:\/\/hastal.rozklad.dev\/es\/wp-json\/wp\/v2\/types\/page"}],"author":[{"embeddable":true,"href":"https:\/\/hastal.rozklad.dev\/es\/wp-json\/wp\/v2\/users\/1"}],"replies":[{"embeddable":true,"href":"https:\/\/hastal.rozklad.dev\/es\/wp-json\/wp\/v2\/comments?post=5185"}],"version-history":[{"count":1,"href":"https:\/\/hastal.rozklad.dev\/es\/wp-json\/wp\/v2\/pages\/5185\/revisions"}],"predecessor-version":[{"id":5186,"href":"https:\/\/hastal.rozklad.dev\/es\/wp-json\/wp\/v2\/pages\/5185\/revisions\/5186"}],"wp:attachment":[{"href":"https:\/\/hastal.rozklad.dev\/es\/wp-json\/wp\/v2\/media?parent=5185"}],"curies":[{"name":"wp","href":"https:\/\/api.w.org\/{rel}","templated":true}]}}