{"id":4523,"date":"2025-09-29T20:34:33","date_gmt":"2025-09-29T20:34:33","guid":{"rendered":"https:\/\/hastal.rozklad.dev\/comentarios\/"},"modified":"2026-02-02T19:35:12","modified_gmt":"2026-02-02T19:35:12","slug":"comentarios","status":"publish","type":"page","link":"https:\/\/hastal.rozklad.dev\/es\/comentarios\/","title":{"rendered":"Comentarios"},"content":{"rendered":"\t\t<div data-elementor-type=\"wp-page\" data-elementor-id=\"4523\" class=\"elementor elementor-4523 elementor-2241\" data-elementor-post-type=\"page\">\n\t\t\t\t<div class=\"elementor-element elementor-element-cb6163e e-flex e-con-boxed e-con e-parent\" data-id=\"cb6163e\" data-element_type=\"container\">\n\t\t\t\t\t<div class=\"e-con-inner\">\n\t\t\t\t<div class=\"elementor-element elementor-element-edf7f84 elementor-widget elementor-widget-cs_title\" data-id=\"edf7f84\" data-element_type=\"widget\" data-widget_type=\"cs_title.default\">\n\t\t\t\t<div class=\"elementor-widget-container\">\n\t\t\t\t\t\n        <div class=\"cs-title-wrap text-center\">\t            <div class=\"cs-subtitle-wrap\"><span class=\"cs-subtitle\">Lo que nuestros clientes dicen de nosotros<\/span><\/div>\t            <h4 class=\"cs-title\">\n\t                Comentarios  \t            <\/h4>        <\/div>\t\t\t\t<\/div>\n\t\t\t\t<\/div>\n\t\t\t\t\t<\/div>\n\t\t\t\t<\/div>\n\t\t<div class=\"elementor-element elementor-element-714fcf0 e-flex e-con-boxed e-con e-parent\" data-id=\"714fcf0\" data-element_type=\"container\">\n\t\t\t\t\t<div class=\"e-con-inner\">\n\t\t\t\t<div class=\"elementor-element elementor-element-84dcf3f elementor-widget elementor-widget-real_testimonial_Pro_shortcode\" data-id=\"84dcf3f\" data-element_type=\"widget\" data-widget_type=\"real_testimonial_Pro_shortcode.default\">\n\t\t\t\t<div class=\"elementor-widget-container\">\n\t\t\t\t\t<style id=\"sp_testimonial_dynamic_css3038\">#sp-testimonial-free-wrapper-3038 .sp-testimonial-free-section ul.sp-tfree-pagination li a, #sp-testimonial-free-wrapper-3038 .sp-testimonial-free-section ul.sp-tfree-pagination li span.current{color: #5e5e5e;background: #ffffff;border: 2px solid #bbbbbb;}#sp-testimonial-free-wrapper-3038 .sp-testimonial-free-section ul.sp-tfree-pagination li span.current, #sp-testimonial-free-wrapper-3038 .sp-testimonial-free-section ul.sp-tfree-pagination li a:hover{background: #b59e7a; color: #ffffff; border-color: #b59e7a;}#sp-testimonial-free-wrapper-3038 .sp-testimonial-free-section ul.sp-tfree-pagination {margin: 20px 0px 20px 0px;padding:0;}#sp-testimonial-free-wrapper-3038 .sp-testimonial-free-section .sp-tfree-pagination-area {text-align: left;margin:0;}#sp-testimonial-free-wrapper-3038 .sp-testimonial-free-section .sp-testimonial-client-image img {background: #ffffff;border: 0px solid #dddddd;padding: 0px;}#sp-testimonial-free-wrapper-3038 .sp-testimonial-free-section .sp-testimonial-client-image {text-align: center;}#sp-testimonial-free-wrapper-3038 .sp-testimonial-free-section .sp-testimonial-client-rating{ display: inline-flex; gap: 2px;}#sp-testimonial-free-wrapper-3038 .sp-testimonial-free-section .sp-testimonial-client-rating i.fa{ color: #bbc2c7; font-size: 19px;}#sp-testimonial-free-wrapper-3038 .sp-testimonial-free-section .sp-testimonial-client-rating i.fa-star{color: #ffb900;}#sp-testimonial-free-wrapper-3038 .sp-testimonial-free-section .sp-testimonial-client-designation{color: #ffffff;}#sp-testimonial-free-wrapper-3038 .sp-testimonial-free-section .sp-testimonial-client-name{color: #ffffff;}#sp-testimonial-free-wrapper-3038 .sp-testimonial-free-section .sp-testimonial-client-testimonial{color: #ffffff;}#sp-testimonial-free-wrapper-3038 .sp-testimonial-free-section .sp-testimonial-title .sp-testimonial-post-title{color: #ffffff;}#sp-testimonial-free-wrapper-3038 .sp-testimonial-free {background : transparent;border: 0px solid #e3e3e3;border-radius: 0px;}#sp-testimonial-free-wrapper-3038 .tfree-grid-items {margin-right: -10px;margin-left: -10px;width: calc(100% + 20px);}#sp-testimonial-free-wrapper-3038 .tfree-layout-grid .sp-testimonial-item {padding-right: 10px;padding-left: 10px;padding-bottom: 20px;}<\/style><div id=\"sp-testimonial-free-wrapper-3038\" class=\"sp-testimonial-free-wrapper\"><div id=\"sp-testimonial-free-3038\" class=\"sp-testimonial-free-section tfree-layout-grid tfree-style-theme-one-v2\" dir=\"ltr\" data-preloader=\"\" ><div class=\"tfree-grid-items\"><div class=\"sp-testimonial-item tfree-col-xl-4 tfree-col-lg-4 tfree-col-md-2 tfree-col-sm-1 tfree-col-xs-1 post-4523 page type-page status-publish hentry\"><div class=\"sp-testimonial-free\"><div class=\"sp-testimonial-details\"><div class=\"sp-testimonial-title\"><h3 class=\"sp-testimonial-post-title\">Sorin Sarla<\/h3><\/div><div class=\"sp-testimonial-client-testimonial\"><div class=\"sp-testimonial-content\"><p>Habitaciones: 5<br \/>Servicio: 5<br \/>Ubicaci\u00f3n: 5<\/p><\/div><\/div><\/div><\/div> <\/div> <div class=\"sp-testimonial-item tfree-col-xl-4 tfree-col-lg-4 tfree-col-md-2 tfree-col-sm-1 tfree-col-xs-1 post-4523 page type-page status-publish hentry\"><div class=\"sp-testimonial-free\"><div class=\"sp-testimonial-details\"><div class=\"sp-testimonial-title\"><h3 class=\"sp-testimonial-post-title\">veronikamF7277WE<\/h3><\/div><div class=\"sp-testimonial-client-testimonial\"><div class=\"sp-testimonial-content\"><p>\u00a1Una estancia incre\u00edble! Las habitaciones eran preciosas, estaban limpias y decoradas con autenticidad. Todas las ma\u00f1anas disfrut\u00e1bamos de un delicioso desayuno reci\u00e9n hecho. El personal era muy acogedor y amable, y la ubicaci\u00f3n no pod\u00eda ser mejor: \u00a1en pleno centro de Praga! Tambi\u00e9n nos encant\u00f3 el peque\u00f1o detalle del licor casero que nos llevaban a la habitaci\u00f3n todos los d\u00edas. \u00a1Estamos deseando volver! <\/p><\/div><\/div><\/div><\/div> <\/div> <div class=\"sp-testimonial-item tfree-col-xl-4 tfree-col-lg-4 tfree-col-md-2 tfree-col-sm-1 tfree-col-xs-1 post-4523 page type-page status-publish hentry\"><div class=\"sp-testimonial-free\"><div class=\"sp-testimonial-details\"><div class=\"sp-testimonial-title\"><h3 class=\"sp-testimonial-post-title\">T7146PUpaulat<\/h3><\/div><div class=\"sp-testimonial-client-testimonial\"><div class=\"sp-testimonial-content\"><p>Decoraci\u00f3n encantadora, personal multiling\u00fce excelente y atento, desayuno abundante, ubicaci\u00f3n estupenda. Sin duda volver\u00eda a alojarme aqu\u00ed. <\/p><\/div><\/div><\/div><\/div> <\/div> <div class=\"sp-testimonial-item tfree-col-xl-4 tfree-col-lg-4 tfree-col-md-2 tfree-col-sm-1 tfree-col-xs-1 post-4523 page type-page status-publish hentry\"><div class=\"sp-testimonial-free\"><div class=\"sp-testimonial-details\"><div class=\"sp-testimonial-title\"><h3 class=\"sp-testimonial-post-title\">John Foster<\/h3><\/div><div class=\"sp-testimonial-client-testimonial\"><div class=\"sp-testimonial-content\"><p>Gran personal de recepci\u00f3n&#8230; Servicial y amable. El desayuno ten\u00eda una enorme selecci\u00f3n de sabrosos manjares. Uno de los mejores lugares en los que nos hemos alojado.<br \/>Tipo de viaje &#8211; Vacaciones<br \/>Grupo de viaje &#8211; Familia<br \/>Habitaciones: 5<br \/>Servicio: 5<br \/>Ubicaci\u00f3n: 5 <\/p><\/div><\/div><\/div><\/div> <\/div> <div class=\"sp-testimonial-item tfree-col-xl-4 tfree-col-lg-4 tfree-col-md-2 tfree-col-sm-1 tfree-col-xs-1 post-4523 page type-page status-publish hentry\"><div class=\"sp-testimonial-free\"><div class=\"sp-testimonial-details\"><div class=\"sp-testimonial-title\"><h3 class=\"sp-testimonial-post-title\">clemjey<\/h3><\/div><div class=\"sp-testimonial-client-testimonial\"><div class=\"sp-testimonial-content\"><p>Somos una familia de cuatro miembros y nos alojamos en el apartamento familiar del Hotel Hastal. Para nosotros fue una experiencia incre\u00edble de principio a fin. El hotel est\u00e1 perfectamente mantenido, con un ambiente aut\u00e9ntico y cl\u00e1sico. La ubicaci\u00f3n era excelente y fuimos andando a la mayor\u00eda de los principales lugares de inter\u00e9s, lo que facilit\u00f3 la exploraci\u00f3n de Praga con ni\u00f1os.||El personal de recepci\u00f3n fue siempre amable y servicial. La habitaci\u00f3n del apartamento familiar de la 6\u00aa planta era espaciosa, c\u00f3moda y tranquila.||El desayuno era muy bueno y variado, pero lo que realmente apreciamos fueron las bebidas calientes gratuitas del hotel, con caf\u00e9 y chocolate caliente las 24 horas del d\u00eda, especialmente despu\u00e9s de un largo d\u00eda fuera.|En general, el Hotel Hastal Praga ofrece una magn\u00edfica relaci\u00f3n calidad-precio en el coraz\u00f3n de Praga. Recomendamos encarecidamente el Hotel Hastal a todo tipo de viajeros, especialmente si buscan car\u00e1cter, comodidad y una base accesible a pie.<\/p><\/div><\/div><\/div><\/div> <\/div> <div class=\"sp-testimonial-item tfree-col-xl-4 tfree-col-lg-4 tfree-col-md-2 tfree-col-sm-1 tfree-col-xs-1 post-4523 page type-page status-publish hentry\"><div class=\"sp-testimonial-free\"><div class=\"sp-testimonial-details\"><div class=\"sp-testimonial-title\"><h3 class=\"sp-testimonial-post-title\">Clemente Jeyaraj<\/h3><\/div><div class=\"sp-testimonial-client-testimonial\"><div class=\"sp-testimonial-content\"><p>Somos una familia de cuatro miembros y nos alojamos en el apartamento familiar del Hotel Hastal. Para nosotros fue una experiencia incre\u00edble de principio a fin. El hotel est\u00e1 perfectamente mantenido, con un ambiente aut\u00e9ntico y cl\u00e1sico. La ubicaci\u00f3n era excelente y fuimos andando a la mayor\u00eda de los principales lugares de inter\u00e9s, lo que facilit\u00f3 la exploraci\u00f3n de Praga con ni\u00f1os. <\/p><p>El personal de recepci\u00f3n fue siempre amable y servicial. La habitaci\u00f3n del apartamento familiar de la 6\u00aa planta era espaciosa, c\u00f3moda y tranquila. <\/p><p>El desayuno estaba muy bien y hab\u00eda mucho donde elegir, pero lo que realmente apreciamos fueron las bebidas calientes gratuitas del hotel las 24 horas del d\u00eda, con caf\u00e9 y chocolate caliente, sobre todo despu\u00e9s de un largo d\u00eda fuera.<\/p><p>En general, el Hotel Hastal Praga ofrece una magn\u00edfica relaci\u00f3n calidad-precio en el coraz\u00f3n de Praga. Recomendamos encarecidamente el Hotel Hastal a todo tipo de viajeros, especialmente si buscan car\u00e1cter, comodidad y una base accesible a pie.<br \/>Tipo de viaje &#8211; Vacaciones<br \/>Grupo de viaje &#8211; Familia<br \/>Habitaciones: 5<br \/>Servicio: 5<br \/>Ubicaci\u00f3n: 5 <\/p><\/div><\/div><\/div><\/div> <\/div> <div class=\"sp-testimonial-item tfree-col-xl-4 tfree-col-lg-4 tfree-col-md-2 tfree-col-sm-1 tfree-col-xs-1 post-4523 page type-page status-publish hentry\"><div class=\"sp-testimonial-free\"><div class=\"sp-testimonial-details\"><div class=\"sp-testimonial-title\"><h3 class=\"sp-testimonial-post-title\">Veronika Macurova<\/h3><\/div><div class=\"sp-testimonial-client-testimonial\"><div class=\"sp-testimonial-content\"><p>\u00a1Una estancia incre\u00edble! Las habitaciones eran preciosas, estaban limpias y decoradas con autenticidad. Todas las ma\u00f1anas disfrut\u00e1bamos de un delicioso desayuno reci\u00e9n hecho. El personal era muy acogedor y amable, y la ubicaci\u00f3n no pod\u00eda ser mejor: \u00a1en pleno centro de Praga! Tambi\u00e9n nos encant\u00f3 el peque\u00f1o detalle del licor casero que nos llevaban a la habitaci\u00f3n todos los d\u00edas. Estamos deseando volver!<br \/>Habitaciones: 5<br \/>Servicio: 5<br \/>Ubicaci\u00f3n: 5 <\/p><\/div><\/div><\/div><\/div> <\/div> <div class=\"sp-testimonial-item tfree-col-xl-4 tfree-col-lg-4 tfree-col-md-2 tfree-col-sm-1 tfree-col-xs-1 post-4523 page type-page status-publish hentry\"><div class=\"sp-testimonial-free\"><div class=\"sp-testimonial-details\"><div class=\"sp-testimonial-title\"><h3 class=\"sp-testimonial-post-title\">Gretel<\/h3><\/div><div class=\"sp-testimonial-client-testimonial\"><div class=\"sp-testimonial-content\"><p>Mi grupo acaba de pasar tres noches en este hotel (3 parejas) y no podr\u00eda haber sido mejor. Me encant\u00f3 el ambiente del viejo mundo y las comodidades modernas. Me sent\u00ed como en casa. La ubicaci\u00f3n era perfecta. Fuimos andando a todo lo que quer\u00edamos hacer o cogimos el transporte p\u00fablico para ir a otros sitios. El desayuno era excepcional, echar\u00e9 de menos las deliciosas selecciones. El personal fue muy servicial y amable. Sin duda volver\u00e9 a este fermental hotel boutique.<br \/>Tipo de viaje &#8211; Vacaciones<br \/>Grupo de viaje &#8211; Amigos<br \/>Habitaciones: 5<br \/>Servicio: 5<br \/>Ubicaci\u00f3n: 5 <\/p><\/div><\/div><\/div><\/div> <\/div> <\/div><\/div><\/div>\t\t\t\t<\/div>\n\t\t\t\t<\/div>\n\t\t\t\t\t<\/div>\n\t\t\t\t<\/div>\n\t\t<div class=\"elementor-element elementor-element-b58875f e-flex e-con-boxed e-con e-parent\" data-id=\"b58875f\" data-element_type=\"container\">\n\t\t\t\t\t<div class=\"e-con-inner\">\n\t\t\t\t\t<\/div>\n\t\t\t\t<\/div>\n\t\t\t\t<\/div>\n\t\t","protected":false},"excerpt":{"rendered":"<p>Lo que nuestros clientes dicen de nosotros Comentarios Sarah Trip type &#8211; VacationTravel group &#8211; Family Ferenczi Aniella Before Christmas, we spent four beautiful days in Prague and stayed in Hotel Hastal. The atmosphere of this unique hotel, the kindness and professionalism of the staff, and the great location (it is literally 5 minutes walking &#8230;<\/p>\n","protected":false},"author":1,"featured_media":0,"parent":0,"menu_order":0,"comment_status":"closed","ping_status":"closed","template":"elementor_header_footer","meta":{"cozystay_single_page_hide_site_header":"","cozystay_single_page_site_header_source":"","cozystay_single_page_custom_site_header":"0","cozystay_single_page_custom_sticky_site_header":"0","cozystay_single_page_hide_page_title":"","cozystay_single_page_header_section_size":"","cozystay_single_page_header_background_color":"","cozystay_single_page_header_background_position_x":"center","cozystay_single_page_header_background_position_y":"center","cozystay_single_page_header_background_size":"cover","cozystay_single_page_header_background_repeat":"off","cozystay_single_page_header_background_scroll":"on","cozystay_single_page_header_text_color":"","cozystay_single_page_header_show_breadcrumb":"","cozystay_single_page_site_footer_hide_main":"","cozystay_single_custom_site_footer_main_source":"","cozystay_single_custom_site_footer_main":"0","cozystay_single_page_site_footer_hide_above":"","cozystay_single_custom_site_footer_above_source":"","cozystay_single_custom_site_footer_above":"0","cozystay_single_page_site_footer_hide_instagram":"","cozystay_single_page_site_footer_hide_bottom":"","cozystay_single_custom_mobile_menu_source":"","cozystay_single_custom_mobile_menu":"0","cozystay_single_custom_mobile_menu_animation":"","cozystay_single_custom_mobile_menu_width":"","cozystay_single_custom_mobile_menu_custom_width":375,"footnotes":""},"class_list":["post-4523","page","type-page","status-publish","hentry"],"aioseo_notices":[],"_hostinger_reach_plugin_has_subscription_block":false,"_hostinger_reach_plugin_is_elementor":false,"_links":{"self":[{"href":"https:\/\/hastal.rozklad.dev\/es\/wp-json\/wp\/v2\/pages\/4523","targetHints":{"allow":["GET"]}}],"collection":[{"href":"https:\/\/hastal.rozklad.dev\/es\/wp-json\/wp\/v2\/pages"}],"about":[{"href":"https:\/\/hastal.rozklad.dev\/es\/wp-json\/wp\/v2\/types\/page"}],"author":[{"embeddable":true,"href":"https:\/\/hastal.rozklad.dev\/es\/wp-json\/wp\/v2\/users\/1"}],"replies":[{"embeddable":true,"href":"https:\/\/hastal.rozklad.dev\/es\/wp-json\/wp\/v2\/comments?post=4523"}],"version-history":[{"count":1,"href":"https:\/\/hastal.rozklad.dev\/es\/wp-json\/wp\/v2\/pages\/4523\/revisions"}],"predecessor-version":[{"id":4524,"href":"https:\/\/hastal.rozklad.dev\/es\/wp-json\/wp\/v2\/pages\/4523\/revisions\/4524"}],"wp:attachment":[{"href":"https:\/\/hastal.rozklad.dev\/es\/wp-json\/wp\/v2\/media?parent=4523"}],"curies":[{"name":"wp","href":"https:\/\/api.w.org\/{rel}","templated":true}]}}