{"id":4496,"date":"2023-03-28T04:41:51","date_gmt":"2023-03-28T04:41:51","guid":{"rendered":"https:\/\/hastal.rozklad.dev\/ofertas-especiales\/"},"modified":"2026-03-17T22:35:08","modified_gmt":"2026-03-17T22:35:08","slug":"ofertas-especiales","status":"publish","type":"page","link":"https:\/\/hastal.rozklad.dev\/es\/ofertas-especiales\/","title":{"rendered":"Ofertas especiales"},"content":{"rendered":"\t\t<div data-elementor-type=\"wp-page\" data-elementor-id=\"4496\" class=\"elementor elementor-4496 elementor-271\" data-elementor-post-type=\"page\">\n\t\t\t\t\t\t<section class=\"elementor-section elementor-top-section elementor-element elementor-element-6e1c050c elementor-section-height-min-height cs-section-content-fullwidth cs-parallax-on-scroll cs_scroll_y_80 elementor-section-boxed elementor-section-height-default elementor-section-items-middle\" data-id=\"6e1c050c\" data-element_type=\"section\" data-settings=\"{&quot;background_background&quot;:&quot;classic&quot;}\" data-cs-parallax-y=\"80\" style=\"background-image: none;\" data-cs-background-image=\"https:\/\/hastal.rozklad.dev\/wp-content\/uploads\/2025\/10\/pexels-edocoledoco-3811515-scaled.jpg\" data-cs-background-image-alt-text=\"\">\n\t\t\t\t\t\t\t<div class=\"elementor-background-overlay\"><\/div>\n\t\t\t\t\t\t\t<div class=\"elementor-container elementor-column-gap-no\">\n\t\t\t\t\t<div class=\"elementor-column elementor-col-100 elementor-top-column elementor-element elementor-element-a3b7434 dark-color\" data-id=\"a3b7434\" data-element_type=\"column\">\n\t\t\t<div class=\"elementor-widget-wrap elementor-element-populated\">\n\t\t\t\t\t\t<div class=\"elementor-element elementor-element-fc08beb elementor-widget elementor-widget-cs_title\" data-id=\"fc08beb\" data-element_type=\"widget\" data-widget_type=\"cs_title.default\">\n\t\t\t\t<div class=\"elementor-widget-container\">\n\t\t\t\t\t\n        <div class=\"cs-title-wrap text-center\">\t            <div class=\"cs-subtitle-wrap\"><span class=\"cs-subtitle color-white\">\u00a1Reserva ahora con descuento!<\/span><\/div>\t            <h1 class=\"cs-title\">\n\t                Ofertas especiales\t            <\/h1>\t            <div class=\"cs-title-text\">\n\t                <p>Tanto si est\u00e1s planeando un fin de semana rom\u00e1ntico, unas vacaciones en familia o una escapada m\u00e1s larga, el Hotel Hastal premia las reservas anticipadas y las estancias prolongadas con ahorros insuperables. Reserva directamente a trav\u00e9s de nuestro sitio web para disfrutar de los mejores precios, ventajas especiales y el servicio personalizado de nuestro equipo familiar. <\/p>\t            <\/div>        <\/div>\t\t\t\t<\/div>\n\t\t\t\t<\/div>\n\t\t\t\t\t<\/div>\n\t\t<\/div>\n\t\t\t\t\t<\/div>\n\t\t<\/section>\n\t\t<div class=\"elementor-element elementor-element-2fa3871 e-grid e-con-boxed e-con e-parent\" data-id=\"2fa3871\" data-element_type=\"container\">\n\t\t\t\t\t<div class=\"e-con-inner\">\n\t\t\t\t<div class=\"elementor-element elementor-element-a83dbcb elementor-widget elementor-widget-cs_fancy_card\" data-id=\"a83dbcb\" data-element_type=\"widget\" data-widget_type=\"cs_fancy_card.default\">\n\t\t\t\t<div class=\"elementor-widget-container\">\n\t\t\t\t\t\n\t\t<div class=\"cs-fancy-card style-1 text-center cs-hover-img-zoom\">\n            <div class=\"cs-fc-wrap\">\t                <a class=\"cs-fc-link\" href=\"https:\/\/www.hastal.com\/booking\/\" aria-label=\"Fancy Card Link\"><\/a>\t               \t<div class=\"cs-fc-img\">\n\t                    <img fetchpriority=\"high\" decoding=\"async\" width=\"768\" height=\"576\" src=\"https:\/\/hastal.rozklad.dev\/wp-content\/uploads\/2025\/09\/15_17115479704627_768x576_ttt_90.webp\" class=\"attachment-full size-full wp-image-1838\" alt=\"\" srcset=\"https:\/\/hastal.rozklad.dev\/wp-content\/uploads\/2025\/09\/15_17115479704627_768x576_ttt_90.webp 768w, https:\/\/hastal.rozklad.dev\/wp-content\/uploads\/2025\/09\/15_17115479704627_768x576_ttt_90-150x113.webp 150w, https:\/\/hastal.rozklad.dev\/wp-content\/uploads\/2025\/09\/15_17115479704627_768x576_ttt_90-600x450.webp 600w, https:\/\/hastal.rozklad.dev\/wp-content\/uploads\/2025\/09\/15_17115479704627_768x576_ttt_90-300x225.webp 300w, https:\/\/hastal.rozklad.dev\/wp-content\/uploads\/2025\/09\/15_17115479704627_768x576_ttt_90-550x413.webp 550w, https:\/\/hastal.rozklad.dev\/wp-content\/uploads\/2025\/09\/15_17115479704627_768x576_ttt_90-370x278.webp 370w, https:\/\/hastal.rozklad.dev\/wp-content\/uploads\/2025\/09\/15_17115479704627_768x576_ttt_90-255x191.webp 255w\" sizes=\"(max-width: 768px) 100vw, 768px\" \/>\t                <\/div>\n                <div class=\"cs-fc-content\">\t\t\t\t\t\t<div class=\"cs-subtitle-wrap\"><span class=\"cs-subtitle\">\u00a1Reserva ahora con un 5% de descuento!<\/span><\/div>\t\t\t            <h4 class=\"cs-fc-title cs-title\">\n\t\t\t                Qu\u00e9date 2 noches y ahorra un 5%.\t\t\t            <\/h4>\t\t\t            <div class=\"cs-fc-text\">\n\t\t\t                <p data-start=\"283\" data-end=\"456\">Aprovecha al m\u00e1ximo tu estancia en el coraz\u00f3n del casco antiguo de Praga. Al reservar<strong> dos noches en el Hotel Hastal<\/strong>, disfrutar\u00e1s de un descuento <strong>exclusivo del 5%<\/strong> en tu estancia. <\/p>\t\t\t            <\/div>\t\t                <div class=\"cs-fc-btn\">\n\t\t                    <a class=\"button cs-btn-underline\" role=\"button\" href=\"https:\/\/www.hastal.com\/booking\/\">\n\t\t                        <span class=\"cs-btn-text\">Reserva ahora<\/span>\t\t                    <\/a>\n\t\t                <\/div>\t\t\t\t<\/div>\n            <\/div>\n        <\/div>\t\t\t\t<\/div>\n\t\t\t\t<\/div>\n\t\t\t\t<div class=\"elementor-element elementor-element-30fd210 elementor-widget elementor-widget-cs_fancy_card\" data-id=\"30fd210\" data-element_type=\"widget\" data-widget_type=\"cs_fancy_card.default\">\n\t\t\t\t<div class=\"elementor-widget-container\">\n\t\t\t\t\t\n\t\t<div class=\"cs-fancy-card style-1 text-center cs-hover-img-zoom\">\n            <div class=\"cs-fc-wrap\">\t                <a class=\"cs-fc-link\" href=\"https:\/\/www.hastal.com\/booking\/\" aria-label=\"Fancy Card Link\"><\/a>\t               \t<div class=\"cs-fc-img\">\n\t                    <img decoding=\"async\" width=\"768\" height=\"576\" src=\"https:\/\/hastal.rozklad.dev\/wp-content\/uploads\/2025\/09\/20_17115479683032_768x576_ttt_90.webp\" class=\"attachment-full size-full wp-image-1839\" alt=\"\" srcset=\"https:\/\/hastal.rozklad.dev\/wp-content\/uploads\/2025\/09\/20_17115479683032_768x576_ttt_90.webp 768w, https:\/\/hastal.rozklad.dev\/wp-content\/uploads\/2025\/09\/20_17115479683032_768x576_ttt_90-150x113.webp 150w, https:\/\/hastal.rozklad.dev\/wp-content\/uploads\/2025\/09\/20_17115479683032_768x576_ttt_90-600x450.webp 600w, https:\/\/hastal.rozklad.dev\/wp-content\/uploads\/2025\/09\/20_17115479683032_768x576_ttt_90-300x225.webp 300w, https:\/\/hastal.rozklad.dev\/wp-content\/uploads\/2025\/09\/20_17115479683032_768x576_ttt_90-550x413.webp 550w, https:\/\/hastal.rozklad.dev\/wp-content\/uploads\/2025\/09\/20_17115479683032_768x576_ttt_90-370x278.webp 370w, https:\/\/hastal.rozklad.dev\/wp-content\/uploads\/2025\/09\/20_17115479683032_768x576_ttt_90-255x191.webp 255w\" sizes=\"(max-width: 768px) 100vw, 768px\" \/>\t                <\/div>\n                <div class=\"cs-fc-content\">\t\t\t\t\t\t<div class=\"cs-subtitle-wrap\"><span class=\"cs-subtitle\">\u00a1Reserva ahora con un 13% de descuento!<\/span><\/div>\t\t\t            <h4 class=\"cs-fc-title cs-title\">\n\t\t\t                Qu\u00e9date 3 noches y ahorra un 13\n\t\t\t            <\/h4>\t\t\t            <div class=\"cs-fc-text\">\n\t\t\t                <p>Descubre m\u00e1s de Praga mientras disfrutas de un ahorro extra. Cuando te alojes <strong>tres noches en el Hotel Hastal<\/strong>, te obsequiaremos con un <strong>13% de descuento<\/strong> en toda tu estancia. <\/p>\t\t\t            <\/div>\t\t                <div class=\"cs-fc-btn\">\n\t\t                    <a class=\"button cs-btn-underline\" role=\"button\" href=\"https:\/\/www.hastal.com\/booking\/\">\n\t\t                        <span class=\"cs-btn-text\">Reserva ahora  <\/span>\t\t                    <\/a>\n\t\t                <\/div>\t\t\t\t<\/div>\n            <\/div>\n        <\/div>\t\t\t\t<\/div>\n\t\t\t\t<\/div>\n\t\t\t\t<div class=\"elementor-element elementor-element-da6ddab elementor-widget elementor-widget-cs_fancy_card\" data-id=\"da6ddab\" data-element_type=\"widget\" data-widget_type=\"cs_fancy_card.default\">\n\t\t\t\t<div class=\"elementor-widget-container\">\n\t\t\t\t\t\n\t\t<div class=\"cs-fancy-card style-1 text-center cs-hover-img-zoom\">\n            <div class=\"cs-fc-wrap\">\t                <a class=\"cs-fc-link\" href=\"https:\/\/www.hastal.com\/booking\/\" aria-label=\"Fancy Card Link\"><\/a>\t               \t<div class=\"cs-fc-img\">\n\t                    <img decoding=\"async\" width=\"768\" height=\"576\" src=\"https:\/\/hastal.rozklad.dev\/wp-content\/uploads\/2025\/09\/28-2_17115479700702_768x576_ttt_90.webp\" class=\"attachment-full size-full wp-image-1840\" alt=\"\" srcset=\"https:\/\/hastal.rozklad.dev\/wp-content\/uploads\/2025\/09\/28-2_17115479700702_768x576_ttt_90.webp 768w, https:\/\/hastal.rozklad.dev\/wp-content\/uploads\/2025\/09\/28-2_17115479700702_768x576_ttt_90-150x113.webp 150w, https:\/\/hastal.rozklad.dev\/wp-content\/uploads\/2025\/09\/28-2_17115479700702_768x576_ttt_90-600x450.webp 600w, https:\/\/hastal.rozklad.dev\/wp-content\/uploads\/2025\/09\/28-2_17115479700702_768x576_ttt_90-300x225.webp 300w, https:\/\/hastal.rozklad.dev\/wp-content\/uploads\/2025\/09\/28-2_17115479700702_768x576_ttt_90-550x413.webp 550w, https:\/\/hastal.rozklad.dev\/wp-content\/uploads\/2025\/09\/28-2_17115479700702_768x576_ttt_90-370x278.webp 370w, https:\/\/hastal.rozklad.dev\/wp-content\/uploads\/2025\/09\/28-2_17115479700702_768x576_ttt_90-255x191.webp 255w\" sizes=\"(max-width: 768px) 100vw, 768px\" \/>\t                <\/div>\n                <div class=\"cs-fc-content\">\t\t\t\t\t\t<div class=\"cs-subtitle-wrap\"><span class=\"cs-subtitle\">\u00a1Reserva ahora con un 15% de descuento!<\/span><\/div>\t\t\t            <h4 class=\"cs-fc-title cs-title\">\n\t\t\t                Qu\u00e9date 4 noches y ahorra un 15%.\t\t\t            <\/h4>\t\t\t            <div class=\"cs-fc-text\">\n\t\t\t                <p data-start=\"185\" data-end=\"345\">Convierte tu escapada a Praga en unas aut\u00e9nticas vacaciones. Si reservas al menos &nbsp;<strong>cuatro noches en el Hotel Hastal<\/strong>, recibir\u00e1s un <strong>descuento exclusivo del 15%<\/strong> en tu estancia.<\/p>\t\t\t            <\/div>\t\t                <div class=\"cs-fc-btn\">\n\t\t                    <a class=\"button cs-btn-underline\" role=\"button\" href=\"https:\/\/www.hastal.com\/booking\/\">\n\t\t                        <span class=\"cs-btn-text\">Reserva ahora<\/span>\t\t                    <\/a>\n\t\t                <\/div>\t\t\t\t<\/div>\n            <\/div>\n        <\/div>\t\t\t\t<\/div>\n\t\t\t\t<\/div>\n\t\t\t\t<div class=\"elementor-element elementor-element-4fd12a1 elementor-widget elementor-widget-cs_fancy_card\" data-id=\"4fd12a1\" data-element_type=\"widget\" data-widget_type=\"cs_fancy_card.default\">\n\t\t\t\t<div class=\"elementor-widget-container\">\n\t\t\t\t\t\n\t\t<div class=\"cs-fancy-card style-1 text-center cs-hover-img-zoom\">\n            <div class=\"cs-fc-wrap\">\t                <a class=\"cs-fc-link\" href=\"https:\/\/www.hastal.com\/booking\/\" aria-label=\"Fancy Card Link\"><\/a>\t               \t<div class=\"cs-fc-img\">\n\t                    <img loading=\"lazy\" decoding=\"async\" width=\"768\" height=\"576\" src=\"https:\/\/hastal.rozklad.dev\/wp-content\/uploads\/2025\/09\/sleva-5_1711547967504_768x576_ttt_90.webp\" class=\"attachment-full size-full wp-image-1841\" alt=\"\" srcset=\"https:\/\/hastal.rozklad.dev\/wp-content\/uploads\/2025\/09\/sleva-5_1711547967504_768x576_ttt_90.webp 768w, https:\/\/hastal.rozklad.dev\/wp-content\/uploads\/2025\/09\/sleva-5_1711547967504_768x576_ttt_90-150x113.webp 150w, https:\/\/hastal.rozklad.dev\/wp-content\/uploads\/2025\/09\/sleva-5_1711547967504_768x576_ttt_90-600x450.webp 600w, https:\/\/hastal.rozklad.dev\/wp-content\/uploads\/2025\/09\/sleva-5_1711547967504_768x576_ttt_90-300x225.webp 300w, https:\/\/hastal.rozklad.dev\/wp-content\/uploads\/2025\/09\/sleva-5_1711547967504_768x576_ttt_90-550x413.webp 550w, https:\/\/hastal.rozklad.dev\/wp-content\/uploads\/2025\/09\/sleva-5_1711547967504_768x576_ttt_90-370x278.webp 370w, https:\/\/hastal.rozklad.dev\/wp-content\/uploads\/2025\/09\/sleva-5_1711547967504_768x576_ttt_90-255x191.webp 255w\" sizes=\"(max-width: 768px) 100vw, 768px\" \/>\t                <\/div>\n                <div class=\"cs-fc-content\">\t\t\t\t\t\t<div class=\"cs-subtitle-wrap\"><span class=\"cs-subtitle\">\u00a1Reserva ahora con un 18% de descuento!<\/span><\/div>\t\t\t            <h4 class=\"cs-fc-title cs-title\">\n\t\t\t                M\u00edn. 5 noches ahorra 18\n\t\t\t            <\/h4>\t\t\t            <div class=\"cs-fc-text\">\n\t\t\t                <p>Reg\u00e1late tiempo en Praga. Al reservar un <strong data-start=\"222\" data-end=\"264\">m\u00ednimo de cinco noches en el Hotel Hastal<\/strong>, desbloquear\u00e1s un <strong data-start=\"283\" data-end=\"309\">descuento exclusivo del 18%<\/strong> en tu estancia. <\/p>\t\t\t            <\/div>\t\t                <div class=\"cs-fc-btn\">\n\t\t                    <a class=\"button cs-btn-underline\" role=\"button\" href=\"https:\/\/www.hastal.com\/booking\/\">\n\t\t                        <span class=\"cs-btn-text\">Reserva ahora  <\/span>\t\t                    <\/a>\n\t\t                <\/div>\t\t\t\t<\/div>\n            <\/div>\n        <\/div>\t\t\t\t<\/div>\n\t\t\t\t<\/div>\n\t\t\t\t\t<\/div>\n\t\t\t\t<\/div>\n\t\t\t\t<\/div>\n\t\t","protected":false},"excerpt":{"rendered":"<p>\u00a1Reserva ahora con descuento! Ofertas especiales Tanto si est\u00e1s planeando un fin de semana rom\u00e1ntico, unas vacaciones en familia o una escapada m\u00e1s larga, el Hotel Hastal premia las reservas anticipadas y las estancias prolongadas con ahorros insuperables. Reserva directamente a trav\u00e9s de nuestro sitio web para disfrutar de los mejores precios, ventajas especiales y &#8230;<\/p>\n","protected":false},"author":1,"featured_media":0,"parent":0,"menu_order":0,"comment_status":"closed","ping_status":"closed","template":"template-wide-content.php","meta":{"cozystay_single_page_hide_site_header":"","cozystay_single_page_site_header_source":"","cozystay_single_page_custom_site_header":"0","cozystay_single_page_custom_sticky_site_header":"0","cozystay_single_page_hide_page_title":"","cozystay_single_page_header_section_size":"","cozystay_single_page_header_background_color":"","cozystay_single_page_header_background_position_x":"center","cozystay_single_page_header_background_position_y":"center","cozystay_single_page_header_background_size":"cover","cozystay_single_page_header_background_repeat":"off","cozystay_single_page_header_background_scroll":"on","cozystay_single_page_header_text_color":"","cozystay_single_page_header_show_breadcrumb":"","cozystay_single_page_site_footer_hide_main":"","cozystay_single_custom_site_footer_main_source":"","cozystay_single_custom_site_footer_main":"0","cozystay_single_page_site_footer_hide_above":"","cozystay_single_custom_site_footer_above_source":"","cozystay_single_custom_site_footer_above":"0","cozystay_single_page_site_footer_hide_instagram":"","cozystay_single_page_site_footer_hide_bottom":"","cozystay_single_custom_mobile_menu_source":"","cozystay_single_custom_mobile_menu":"0","cozystay_single_custom_mobile_menu_animation":"","cozystay_single_custom_mobile_menu_width":"","cozystay_single_custom_mobile_menu_custom_width":375,"footnotes":""},"class_list":["post-4496","page","type-page","status-publish","hentry"],"aioseo_notices":[],"_hostinger_reach_plugin_has_subscription_block":false,"_hostinger_reach_plugin_is_elementor":false,"_links":{"self":[{"href":"https:\/\/hastal.rozklad.dev\/es\/wp-json\/wp\/v2\/pages\/4496","targetHints":{"allow":["GET"]}}],"collection":[{"href":"https:\/\/hastal.rozklad.dev\/es\/wp-json\/wp\/v2\/pages"}],"about":[{"href":"https:\/\/hastal.rozklad.dev\/es\/wp-json\/wp\/v2\/types\/page"}],"author":[{"embeddable":true,"href":"https:\/\/hastal.rozklad.dev\/es\/wp-json\/wp\/v2\/users\/1"}],"replies":[{"embeddable":true,"href":"https:\/\/hastal.rozklad.dev\/es\/wp-json\/wp\/v2\/comments?post=4496"}],"version-history":[{"count":6,"href":"https:\/\/hastal.rozklad.dev\/es\/wp-json\/wp\/v2\/pages\/4496\/revisions"}],"predecessor-version":[{"id":6567,"href":"https:\/\/hastal.rozklad.dev\/es\/wp-json\/wp\/v2\/pages\/4496\/revisions\/6567"}],"wp:attachment":[{"href":"https:\/\/hastal.rozklad.dev\/es\/wp-json\/wp\/v2\/media?parent=4496"}],"curies":[{"name":"wp","href":"https:\/\/api.w.org\/{rel}","templated":true}]}}