{"id":5108,"date":"2025-09-29T20:34:33","date_gmt":"2025-09-29T20:34:33","guid":{"rendered":"https:\/\/hastal.rozklad.dev\/bewertungen\/"},"modified":"2026-02-02T19:50:18","modified_gmt":"2026-02-02T19:50:18","slug":"bewertungen","status":"publish","type":"page","link":"https:\/\/hastal.rozklad.dev\/de\/bewertungen\/","title":{"rendered":"Bewertungen"},"content":{"rendered":"\t\t<div data-elementor-type=\"wp-page\" data-elementor-id=\"5108\" class=\"elementor elementor-5108 elementor-2241\" data-elementor-post-type=\"page\">\n\t\t\t\t<div class=\"elementor-element elementor-element-cb6163e e-flex e-con-boxed e-con e-parent\" data-id=\"cb6163e\" data-element_type=\"container\">\n\t\t\t\t\t<div class=\"e-con-inner\">\n\t\t\t\t<div class=\"elementor-element elementor-element-edf7f84 elementor-widget elementor-widget-cs_title\" data-id=\"edf7f84\" data-element_type=\"widget\" data-widget_type=\"cs_title.default\">\n\t\t\t\t<div class=\"elementor-widget-container\">\n\t\t\t\t\t\n        <div class=\"cs-title-wrap text-center\">\t            <div class=\"cs-subtitle-wrap\"><span class=\"cs-subtitle\">Was unsere Kunden \u00fcber uns sagen<\/span><\/div>\t            <h4 class=\"cs-title\">\n\t                Bewertungen  \t            <\/h4>        <\/div>\t\t\t\t<\/div>\n\t\t\t\t<\/div>\n\t\t\t\t\t<\/div>\n\t\t\t\t<\/div>\n\t\t<div class=\"elementor-element elementor-element-714fcf0 e-flex e-con-boxed e-con e-parent\" data-id=\"714fcf0\" data-element_type=\"container\">\n\t\t\t\t\t<div class=\"e-con-inner\">\n\t\t\t\t<div class=\"elementor-element elementor-element-84dcf3f elementor-widget elementor-widget-real_testimonial_Pro_shortcode\" data-id=\"84dcf3f\" data-element_type=\"widget\" data-widget_type=\"real_testimonial_Pro_shortcode.default\">\n\t\t\t\t<div class=\"elementor-widget-container\">\n\t\t\t\t\t<style id=\"sp_testimonial_dynamic_css3038\">#sp-testimonial-free-wrapper-3038 .sp-testimonial-free-section ul.sp-tfree-pagination li a, #sp-testimonial-free-wrapper-3038 .sp-testimonial-free-section ul.sp-tfree-pagination li span.current{color: #5e5e5e;background: #ffffff;border: 2px solid #bbbbbb;}#sp-testimonial-free-wrapper-3038 .sp-testimonial-free-section ul.sp-tfree-pagination li span.current, #sp-testimonial-free-wrapper-3038 .sp-testimonial-free-section ul.sp-tfree-pagination li a:hover{background: #b59e7a; color: #ffffff; border-color: #b59e7a;}#sp-testimonial-free-wrapper-3038 .sp-testimonial-free-section ul.sp-tfree-pagination {margin: 20px 0px 20px 0px;padding:0;}#sp-testimonial-free-wrapper-3038 .sp-testimonial-free-section .sp-tfree-pagination-area {text-align: left;margin:0;}#sp-testimonial-free-wrapper-3038 .sp-testimonial-free-section .sp-testimonial-client-image img {background: #ffffff;border: 0px solid #dddddd;padding: 0px;}#sp-testimonial-free-wrapper-3038 .sp-testimonial-free-section .sp-testimonial-client-image {text-align: center;}#sp-testimonial-free-wrapper-3038 .sp-testimonial-free-section .sp-testimonial-client-rating{ display: inline-flex; gap: 2px;}#sp-testimonial-free-wrapper-3038 .sp-testimonial-free-section .sp-testimonial-client-rating i.fa{ color: #bbc2c7; font-size: 19px;}#sp-testimonial-free-wrapper-3038 .sp-testimonial-free-section .sp-testimonial-client-rating i.fa-star{color: #ffb900;}#sp-testimonial-free-wrapper-3038 .sp-testimonial-free-section .sp-testimonial-client-designation{color: #ffffff;}#sp-testimonial-free-wrapper-3038 .sp-testimonial-free-section .sp-testimonial-client-name{color: #ffffff;}#sp-testimonial-free-wrapper-3038 .sp-testimonial-free-section .sp-testimonial-client-testimonial{color: #ffffff;}#sp-testimonial-free-wrapper-3038 .sp-testimonial-free-section .sp-testimonial-title .sp-testimonial-post-title{color: #ffffff;}#sp-testimonial-free-wrapper-3038 .sp-testimonial-free {background : transparent;border: 0px solid #e3e3e3;border-radius: 0px;}#sp-testimonial-free-wrapper-3038 .tfree-grid-items {margin-right: -10px;margin-left: -10px;width: calc(100% + 20px);}#sp-testimonial-free-wrapper-3038 .tfree-layout-grid .sp-testimonial-item {padding-right: 10px;padding-left: 10px;padding-bottom: 20px;}<\/style><div id=\"sp-testimonial-free-wrapper-3038\" class=\"sp-testimonial-free-wrapper\"><div id=\"sp-testimonial-free-3038\" class=\"sp-testimonial-free-section tfree-layout-grid tfree-style-theme-one-v2\" dir=\"ltr\" data-preloader=\"\" ><div class=\"tfree-grid-items\"><div class=\"sp-testimonial-item tfree-col-xl-4 tfree-col-lg-4 tfree-col-md-2 tfree-col-sm-1 tfree-col-xs-1 post-5108 page type-page status-publish hentry\"><div class=\"sp-testimonial-free\"><div class=\"sp-testimonial-details\"><div class=\"sp-testimonial-title\"><h3 class=\"sp-testimonial-post-title\">Sorin Sarla<\/h3><\/div><div class=\"sp-testimonial-client-testimonial\"><div class=\"sp-testimonial-content\"><p>Zimmer: 5<br \/>Service: 5<br \/>Lage: 5<\/p><\/div><\/div><\/div><\/div> <\/div> <div class=\"sp-testimonial-item tfree-col-xl-4 tfree-col-lg-4 tfree-col-md-2 tfree-col-sm-1 tfree-col-xs-1 post-5108 page type-page status-publish hentry\"><div class=\"sp-testimonial-free\"><div class=\"sp-testimonial-details\"><div class=\"sp-testimonial-title\"><h3 class=\"sp-testimonial-post-title\">veronikamF7277WE<\/h3><\/div><div class=\"sp-testimonial-client-testimonial\"><div class=\"sp-testimonial-content\"><p>Erstaunlicher Aufenthalt! Die Zimmer waren sch\u00f6n, sauber und authentisch eingerichtet. Jeden Morgen haben wir ein frisch zubereitetes, k\u00f6stliches Fr\u00fchst\u00fcck genossen. Das Personal war so einladend und freundlich, und die Lage k\u00f6nnte nicht besser sein &#8211; mitten im Herzen von Prag! Wir haben uns auch \u00fcber den hausgemachten Lik\u00f6r gefreut, der jeden Tag auf unser Zimmer geliefert wurde. Wir k\u00f6nnen es kaum erwarten, wiederzukommen! <\/p><\/div><\/div><\/div><\/div> <\/div> <div class=\"sp-testimonial-item tfree-col-xl-4 tfree-col-lg-4 tfree-col-md-2 tfree-col-sm-1 tfree-col-xs-1 post-5108 page type-page status-publish hentry\"><div class=\"sp-testimonial-free\"><div class=\"sp-testimonial-details\"><div class=\"sp-testimonial-title\"><h3 class=\"sp-testimonial-post-title\">Uriel Avron<\/h3><\/div><div class=\"sp-testimonial-client-testimonial\"><div class=\"sp-testimonial-content\"><p>Das Hotel Hastal Old Town Prague ist ein Boutique-Hotel im Zentrum der Altstadt. Aufgrund seiner Lage sind die Zimmer nat\u00fcrlich etwas kleiner als \u00fcblich.<br \/>Dieser Nachteil wird durch die ausgezeichnete Hilfsbereitschaft des Personals, das perfekte Fr\u00fchst\u00fcck und die hervorragende Lage ausgeglichen.<br \/>Reiseart &#8211; Urlaub<br \/>Reisegruppe &#8211; Paar<br \/>Zimmer: 3<br \/>Service: 5<br \/>Lage: 5 <\/p><\/div><\/div><\/div><\/div> <\/div> <div class=\"sp-testimonial-item tfree-col-xl-4 tfree-col-lg-4 tfree-col-md-2 tfree-col-sm-1 tfree-col-xs-1 post-5108 page type-page status-publish hentry\"><div class=\"sp-testimonial-free\"><div class=\"sp-testimonial-details\"><div class=\"sp-testimonial-title\"><h3 class=\"sp-testimonial-post-title\">T7146PUpaulat<\/h3><\/div><div class=\"sp-testimonial-client-testimonial\"><div class=\"sp-testimonial-content\"><p>Charmante Einrichtung, ausgezeichnetes und aufmerksames mehrsprachiges Personal, reichhaltiges Fr\u00fchst\u00fcck, tolle Lage. Ich w\u00fcrde auf jeden Fall wieder hier \u00fcbernachten. <\/p><\/div><\/div><\/div><\/div> <\/div> <div class=\"sp-testimonial-item tfree-col-xl-4 tfree-col-lg-4 tfree-col-md-2 tfree-col-sm-1 tfree-col-xs-1 post-5108 page type-page status-publish hentry\"><div class=\"sp-testimonial-free\"><div class=\"sp-testimonial-details\"><div class=\"sp-testimonial-title\"><h3 class=\"sp-testimonial-post-title\">Gretel<\/h3><\/div><div class=\"sp-testimonial-client-testimonial\"><div class=\"sp-testimonial-content\"><p>Meine Gruppe hat gerade drei N\u00e4chte in diesem Hotel verbracht (3Paare) und es h\u00e4tte nicht besser sein k\u00f6nnen. Ich liebte das Gef\u00fchl der alten Welt und die modernen Annehmlichkeiten. Ich habe mich wie zu Hause gef\u00fchlt. Die Lage war einfach perfekt. Wir sind zu Fu\u00df zu allem gelaufen, was wir machen wollten, oder haben die \u00f6ffentlichen Verkehrsmittel f\u00fcr weitere Orte genommen. Das Fr\u00fchst\u00fcck war hervorragend, ich werde die k\u00f6stliche Auswahl vermissen. Das Personal war so hilfsbereit und freundlich. Ich werde sicherlich wieder in dieses Ferment Boutique Hotel zur\u00fcckkehren.<br \/>Reiseart &#8211; Urlaub<br \/>Reisegruppe &#8211; Freunde<br \/>Zimmer: 5<br \/>Service: 5<br \/>Lage: 5 <\/p><\/div><\/div><\/div><\/div> <\/div> <div class=\"sp-testimonial-item tfree-col-xl-4 tfree-col-lg-4 tfree-col-md-2 tfree-col-sm-1 tfree-col-xs-1 post-5108 page type-page status-publish hentry\"><div class=\"sp-testimonial-free\"><div class=\"sp-testimonial-details\"><div class=\"sp-testimonial-title\"><h3 class=\"sp-testimonial-post-title\">Clement Jeyaraj<\/h3><\/div><div class=\"sp-testimonial-client-testimonial\"><div class=\"sp-testimonial-content\"><p>Wir sind eine vierk\u00f6pfige Familie und wohnten im Familienappartement im Hotel Hastal. F\u00fcr uns war es von Anfang bis Ende eine tolle Erfahrung. Das Hotel ist perfekt gepflegt und bietet ein authentisches und klassisches Ambiente. Die Lage war ausgezeichnet und wir haben die meisten Sehensw\u00fcrdigkeiten zu Fu\u00df erreicht, was die Erkundung Prags mit Kindern sehr erleichtert hat. <\/p><p>Das Personal an der Rezeption war durchweg freundlich und hilfsbereit. Das Familienzimmer im 6. Stock war ger\u00e4umig, komfortabel und ruhig. <\/p><p>Das Fr\u00fchst\u00fcck war sehr gut und bot eine gro\u00dfe Auswahl, aber es war das 24\/7 kostenlose Angebot an hei\u00dfen Getr\u00e4nken mit Kaffee und hei\u00dfer Schokolade, das wir besonders nach einem langen Tag sehr sch\u00e4tzten.<\/p><p>Insgesamt bietet das Hotel Hastal Prague ein hervorragendes Preis-Leistungs-Verh\u00e4ltnis im Herzen von Prag. Wir w\u00fcrden das Hotel Hastal f\u00fcr alle Arten von Reisenden empfehlen, insbesondere wenn Sie Charakter, Komfort und eine begehbare Basis suchen.<br \/>Reiseart &#8211; Urlaub<br \/>Reisegruppe &#8211; Familie<br \/>Zimmer: 5<br \/>Service: 5<br \/>Lage: 5 <\/p><\/div><\/div><\/div><\/div> <\/div> <div class=\"sp-testimonial-item tfree-col-xl-4 tfree-col-lg-4 tfree-col-md-2 tfree-col-sm-1 tfree-col-xs-1 post-5108 page type-page status-publish hentry\"><div class=\"sp-testimonial-free\"><div class=\"sp-testimonial-details\"><div class=\"sp-testimonial-title\"><h3 class=\"sp-testimonial-post-title\">John Foster<\/h3><\/div><div class=\"sp-testimonial-client-testimonial\"><div class=\"sp-testimonial-content\"><p>Tolles Personal an der Rezeption&#8230; Hilfreich und freundlich. Das Fr\u00fchst\u00fcck hatte eine riesige Auswahl an leckeren Sachen. Einer der besten Orte, an denen wir je \u00fcbernachtet haben.<br \/>Reiseart &#8211; Urlaub<br \/>Reisegruppe &#8211; Familie<br \/>Zimmer: 5<br \/>Service: 5<br \/>Lage: 5 <\/p><\/div><\/div><\/div><\/div> <\/div> <div class=\"sp-testimonial-item tfree-col-xl-4 tfree-col-lg-4 tfree-col-md-2 tfree-col-sm-1 tfree-col-xs-1 post-5108 page type-page status-publish hentry\"><div class=\"sp-testimonial-free\"><div class=\"sp-testimonial-details\"><div class=\"sp-testimonial-title\"><h3 class=\"sp-testimonial-post-title\">clemjey<\/h3><\/div><div class=\"sp-testimonial-client-testimonial\"><div class=\"sp-testimonial-content\"><p>Wir sind eine vierk\u00f6pfige Familie und wohnten im Familienappartement im Hotel Hastal. F\u00fcr uns war es von Anfang bis Ende eine tolle Erfahrung. Das Hotel ist perfekt gepflegt und bietet ein authentisches und klassisches Ambiente. Die Lage war ausgezeichnet und wir konnten die meisten Sehensw\u00fcrdigkeiten zu Fu\u00df erreichen, was die Erkundung Prags mit Kindern leicht machte. Das Familienappartement im 6. Stock war ger\u00e4umig, komfortabel und ruhig. Das Fr\u00fchst\u00fcck war sehr gut und bot eine gro\u00dfe Auswahl, aber die rund um die Uhr verf\u00fcgbaren Hei\u00dfgetr\u00e4nke mit Kaffee und hei\u00dfer Schokolade haben wir besonders nach einem langen Tag sehr gesch\u00e4tzt. Wir empfehlen das Hotel Hastal f\u00fcr alle Arten von Reisenden, vor allem, wenn Sie Charakter, Komfort und eine begehbare Basis suchen.<\/p><\/div><\/div><\/div><\/div> <\/div> <\/div><div class=\"tfree-col-xl-1 sp-tfree-pagination-area\"><ul class=\"sp-tfree-pagination\"><li><span aria-current=\"page\" class=\"page-numbers current\">1<\/span><\/li><li><a class=\"page-numbers\" href=\"https:\/\/hastal.rozklad.dev\/de\/wp-json\/wp\/v2\/pages\/5108\/?paged3038=2\">2<\/a><\/li><li><a class=\"next page-numbers\" href=\"https:\/\/hastal.rozklad.dev\/de\/wp-json\/wp\/v2\/pages\/5108\/?paged3038=2\"><i class=\"fa fa-angle-right\"><\/i><\/a><\/li><\/ul><\/div><\/div><\/div>\t\t\t\t<\/div>\n\t\t\t\t<\/div>\n\t\t\t\t\t<\/div>\n\t\t\t\t<\/div>\n\t\t<div class=\"elementor-element elementor-element-b58875f e-flex e-con-boxed e-con e-parent\" data-id=\"b58875f\" data-element_type=\"container\">\n\t\t\t\t\t<div class=\"e-con-inner\">\n\t\t\t\t\t<\/div>\n\t\t\t\t<\/div>\n\t\t\t\t<\/div>\n\t\t","protected":false},"excerpt":{"rendered":"<p>Was unsere Kunden \u00fcber uns sagen Bewertungen Sarah Trip type &#8211; VacationTravel group &#8211; Family Ferenczi Aniella Before Christmas, we spent four beautiful days in Prague and stayed in Hotel Hastal. The atmosphere of this unique hotel, the kindness and professionalism of the staff, and the great location (it is literally 5 minutes walking from &#8230;<\/p>\n","protected":false},"author":1,"featured_media":0,"parent":0,"menu_order":0,"comment_status":"closed","ping_status":"closed","template":"elementor_header_footer","meta":{"cozystay_single_page_hide_site_header":"","cozystay_single_page_site_header_source":"","cozystay_single_page_custom_site_header":"0","cozystay_single_page_custom_sticky_site_header":"0","cozystay_single_page_hide_page_title":"","cozystay_single_page_header_section_size":"","cozystay_single_page_header_background_color":"","cozystay_single_page_header_background_position_x":"center","cozystay_single_page_header_background_position_y":"center","cozystay_single_page_header_background_size":"cover","cozystay_single_page_header_background_repeat":"off","cozystay_single_page_header_background_scroll":"on","cozystay_single_page_header_text_color":"","cozystay_single_page_header_show_breadcrumb":"","cozystay_single_page_site_footer_hide_main":"","cozystay_single_custom_site_footer_main_source":"","cozystay_single_custom_site_footer_main":"0","cozystay_single_page_site_footer_hide_above":"","cozystay_single_custom_site_footer_above_source":"","cozystay_single_custom_site_footer_above":"0","cozystay_single_page_site_footer_hide_instagram":"","cozystay_single_page_site_footer_hide_bottom":"","cozystay_single_custom_mobile_menu_source":"","cozystay_single_custom_mobile_menu":"0","cozystay_single_custom_mobile_menu_animation":"","cozystay_single_custom_mobile_menu_width":"","cozystay_single_custom_mobile_menu_custom_width":375,"footnotes":""},"class_list":["post-5108","page","type-page","status-publish","hentry"],"aioseo_notices":[],"_hostinger_reach_plugin_has_subscription_block":false,"_hostinger_reach_plugin_is_elementor":false,"_links":{"self":[{"href":"https:\/\/hastal.rozklad.dev\/de\/wp-json\/wp\/v2\/pages\/5108","targetHints":{"allow":["GET"]}}],"collection":[{"href":"https:\/\/hastal.rozklad.dev\/de\/wp-json\/wp\/v2\/pages"}],"about":[{"href":"https:\/\/hastal.rozklad.dev\/de\/wp-json\/wp\/v2\/types\/page"}],"author":[{"embeddable":true,"href":"https:\/\/hastal.rozklad.dev\/de\/wp-json\/wp\/v2\/users\/1"}],"replies":[{"embeddable":true,"href":"https:\/\/hastal.rozklad.dev\/de\/wp-json\/wp\/v2\/comments?post=5108"}],"version-history":[{"count":1,"href":"https:\/\/hastal.rozklad.dev\/de\/wp-json\/wp\/v2\/pages\/5108\/revisions"}],"predecessor-version":[{"id":5110,"href":"https:\/\/hastal.rozklad.dev\/de\/wp-json\/wp\/v2\/pages\/5108\/revisions\/5110"}],"wp:attachment":[{"href":"https:\/\/hastal.rozklad.dev\/de\/wp-json\/wp\/v2\/media?parent=5108"}],"curies":[{"name":"wp","href":"https:\/\/api.w.org\/{rel}","templated":true}]}}