{"id":4632,"date":"2025-10-24T19:19:10","date_gmt":"2025-10-24T19:19:10","guid":{"rendered":"https:\/\/hastal.rozklad.dev\/datenschutzbestimmungen\/bedingungen-und-konditionen\/"},"modified":"2026-02-09T20:08:29","modified_gmt":"2026-02-09T20:08:29","slug":"bedingungen-und-konditionen","status":"publish","type":"page","link":"https:\/\/hastal.rozklad.dev\/de\/bedingungen-und-konditionen\/","title":{"rendered":"Bedingungen und Konditionen"},"content":{"rendered":"\t\t<div data-elementor-type=\"wp-page\" data-elementor-id=\"4632\" class=\"elementor elementor-4632 elementor-3472\" data-elementor-post-type=\"page\">\n\t\t\t\t<div class=\"elementor-element elementor-element-4242781 e-flex e-con-boxed e-con e-parent\" data-id=\"4242781\" data-element_type=\"container\">\n\t\t\t\t\t<div class=\"e-con-inner\">\n\t\t\t\t<div class=\"elementor-element elementor-element-596817d elementor-widget elementor-widget-text-editor\" data-id=\"596817d\" data-element_type=\"widget\" data-widget_type=\"text-editor.default\">\n\t\t\t\t\t\t\t\t\t<header class=\"elm_comp_head\"><\/header>\n<div class=\"part_ui_wsw\" data-controller=\"part_ui_wsw\">\n<div class=\"wrp_s_head mb-8\">\n<h5><span style=\"font-size: 16px;\"><span dir=\"auto\">1. Allgemeine Gesch\u00e4ftsbedingungen des Hotel Hastal<\/span><\/span><\/h5>\n<\/div>\n<div class=\"wrp_s_body\">\n<div class=\"ui-text\" data-controller=\"ui-text\">\n<p><span dir=\"auto\">1.1. Diese allgemeinen Gesch\u00e4ftsbedingungen gelten f\u00fcr Reservierungen \u00fcber die Hotel-Websites<\/span><br><span dir=\"auto\">von LH Hotels &amp; Resorts sro&#8230;..<\/span><\/p>\n<p><span dir=\"auto\">1.2. Indem Sie unsere Website besuchen und durchsuchen, sie nutzen und eine Reservierung vornehmen<\/span><br><span dir=\"auto\">best\u00e4tigen Sie, dass Sie gelesen und verstanden haben und<\/span><br><span dir=\"auto\">erkl\u00e4ren Sie sich mit den nachstehenden Bestimmungen und Bedingungen einverstanden.<\/span><\/p>\n<p><span dir=\"auto\">1.3. Hastal Hotel ist registriert in Hastalska&nbsp;<\/span><br><span dir=\"auto\">103\/12, 110 00 Prag 1. Jegliche Korrespondenz sollte an die oben genannte Adresse geschickt werden <\/span><br><span dir=\"auto\">Adresse.<\/span><\/p>\n<p><span dir=\"auto\">1.4. Indem Sie eine Reservierung \u00fcber die Website des Hastal Hotels vornehmen, gehen Sie einen direkten (rechtlich<\/span><br><span dir=\"auto\">verbindliches) Vertragsverh\u00e4ltnis. Aus diesem Grund best\u00e4tigen und erkl\u00e4ren Sie, dass Sie <\/span><br><span dir=\"auto\">gesch\u00e4ftsf\u00e4hig und \u00fcber 18 Jahre alt sind, dass Sie die Verantwortung f\u00fcr alle geleisteten Zahlungen \u00fcbernehmen<\/span><br><span dir=\"auto\">auf Ihren Namen oder per Kredit-\/Debitkarte, und best\u00e4tigen Sie, dass die von Ihnen angegebenen Informationen<\/span><br><span dir=\"auto\">wahr und korrekt ist.<\/span><\/p>\n<p><span dir=\"auto\">1.5. Alle von Ihnen aufgegebenen Bestellungen werden als Ausdruck Ihres freien Willens betrachtet<\/span><br><span dir=\"auto\">um die gew\u00fcnschten Dienstleistungen zu erwerben, die im Angebot des Hastal Hotels enthalten sind. Ihr <\/span><br><span dir=\"auto\">Die Bestellung ist erst dann vertraglich bindend, wenn sie vom Hotel best\u00e4tigt wird oder<\/span><br><span dir=\"auto\">die Verkaufsabteilung des Hastal-Hotels und bis zur Bezahlung der Vorausrechnung oder der Garantie f\u00fcr den Unterkunftsbedarf<\/span><br><span dir=\"auto\">per Kreditkarte.<\/span><\/p>\n<h3><span dir=\"auto\">2. Reservierungsarten<\/span><\/h3>\n<p><span dir=\"auto\">2.1. Es gibt zwei Arten von Reservierungen, die Sie auf Hotel-Websites vornehmen k\u00f6nnen:<\/span><\/p>\n<p><span dir=\"auto\">a) Standard-Reservierung mit der M\u00f6glichkeit der kostenlosen Stornierung 24 Stunden vor Ankunft<\/span><br><span dir=\"auto\">b) nicht erstattungsf\u00e4higer Tarif, sogenannte nicht erstattungsf\u00e4hige Reservierung ohne die M\u00f6glichkeit der Stornierung und Erstattung.<\/span><\/p>\n<p><span dir=\"auto\">2.2. Eine Standardbuchung mit Stornierungsm\u00f6glichkeit kann gem\u00e4\u00df den geltenden Stornierungsbedingungen ge\u00e4ndert oder storniert werden<\/span><br><span dir=\"auto\">je nach dem gew\u00e4hlten Datum.<\/span><\/p>\n<p><span dir=\"auto\">2.3. Bei nicht erstattungsf\u00e4higen Reservierungen k\u00f6nnen \u00c4nderungen oder Stornierungen vorgenommen werden, ohne dass die M\u00f6glichkeit<\/span><br><span dir=\"auto\">den bereits bezahlten Reservierungspreis zur\u00fcckzuerstatten. Diese Reservierungen sind immer <\/span><br><span dir=\"auto\">erm\u00e4\u00dfigt im Vergleich zu Standardreservierungen und der erm\u00e4\u00dfigte Preis unterliegt der sofortigen Vorauszahlung<\/span><br><span dir=\"auto\">von der Kredit-\/Debitkarte des Kunden und zum Zeitpunkt der Reservierung.<\/span><\/p>\n<h3><span dir=\"auto\">3. Eine Online-Reservierung vornehmen<\/span><\/h3>\n<p><span dir=\"auto\">3.1. Wenn Sie eine Online-Reservierung \u00fcber die Hastal-Hotel-Website vornehmen, m\u00fcssen Sie folgende Angaben machen<\/span><br><span dir=\"auto\">das Buchungsformular mit allen erforderlichen Angaben zur Unterkunft (Auswahl des gew\u00fcnschten<\/span><br><span dir=\"auto\">Hotel, Datum des Aufenthalts, Anzahl der Personen, Anzahl der Zimmer und eventuell Rabattcode) und klicken Sie dann auf<\/span><br><span dir=\"auto\">BUCHEN. Sie werden dann auf eine Seite weitergeleitet, auf der Sie einen bestimmten Zimmertyp reservieren k\u00f6nnen, <\/span><br><span dir=\"auto\">entsprechend dem Preis und den Zahlungsbedingungen. Im n\u00e4chsten Schritt werden Sie auf eine Seite weitergeleitet, auf der Sie Folgendes ausf\u00fcllen <\/span><br><span dir=\"auto\">das Reservierungsformular und Sie m\u00fcssen die Daten Ihrer Kredit-\/Debitkarte eingeben.<\/span><\/p>\n<p><span dir=\"auto\">Sie k\u00f6nnen zwischen zwei Zahlungsbedingungen w\u00e4hlen:<\/span><\/p>\n<p><span dir=\"auto\">a) einen erm\u00e4\u00dfigten Buchungspreis f\u00fcr nicht erstattungsf\u00e4hige Reservierungen<\/span><br><span dir=\"auto\">mit sofortiger Vorauszahlung \u00fcber Ihre Kredit-\/Debitkarte<\/span><\/p>\n<p><span dir=\"auto\">b) Standard-Reservierung &#8211; Zahlung an der Hotelrezeption und Angaben zur Kredit-\/Debitkarte in<\/span><br><span dir=\"auto\">das Formular nur zum Zweck der Unterkunftsgarantie. Nach der endg\u00fcltigen Genehmigung und Absendung <\/span><br><span dir=\"auto\">der Reservierung, erhalten Sie eine Reservierungsbest\u00e4tigung, die alle Details<\/span><br><span dir=\"auto\">Informationen \u00fcber Ihre Reservierung.<\/span><\/p>\n<p><span dir=\"auto\">3.2. Wenn Sie die sofortige Vorauszahlung \u00fcber<\/span><br><span dir=\"auto\">Kredit-\/Debitkarte als Zahlungsmethode angeben, wird das Hotel den Reservierungsbetrag auf<\/span><br><span dir=\"auto\">die in der Reservierung angegebene Kredit-\/Debitkarte bei Erhalt der Bestellung. Wenn die Reservierung bezahlt werden soll <\/span><br><span dir=\"auto\">durch eine Kredit-\/Debitkarte eines Dritten, d.h. die Kunden, die im Hotel \u00fcbernachten werden, haben keine Kredit-\/Debitkarte.<\/span><br><span dir=\"auto\">Karte, mit der die Zahlung erfolgen soll, kontaktieren Sie bitte die Rezeption des Hotels per E-Mail, damit wir<\/span><br><span dir=\"auto\">Ihnen einen Link zu dem sicheren Zahlungsportal schicken, \u00fcber das die Zahlung erfolgen wird.<\/span><\/p>\n<p><span dir=\"auto\">3.3. Wenn die Zahlungsautorisierung erfolgreich war, erhalten Sie eine Best\u00e4tigungs-E-Mail mit<\/span><br><span dir=\"auto\">Ihre Buchungsbest\u00e4tigung und Rechnung. Wenn Sie keine Best\u00e4tigungs-E-Mail erhalten oder Fragen haben, <\/span><br><span dir=\"auto\">wenden Sie sich bitte an unsere Reservierungsabteilung oder an die Rezeption unter der E-Mail-Adresse des jeweiligen Hotels.<\/span><br><span dir=\"auto\">Alle Kontaktinformationen finden Sie auf den Websites der einzelnen Hotels.<\/span><\/p>\n<h3><span dir=\"auto\">4. \u00c4nderungen an Reservierungen<\/span><\/h3>\n<p><span dir=\"auto\">4.1. Alle \u00c4nderungen der Reservierung (\u00c4nderung des Namens, des Reservierungsdatums, des Hotels, des Zimmertyps, usw.)<\/span><br><span dir=\"auto\">m\u00fcssen schriftlich an die E-Mail-Adresse der Hotelrezeption gerichtet werden. Die Kontaktdaten finden Sie auf den Websites<\/span><br><span dir=\"auto\">der einzelnen Hotels. Die gew\u00fcnschten \u00c4nderungen werden Ihnen im Gegenzug best\u00e4tigt. Wenn  <\/span><br><span dir=\"auto\">die beantragte \u00c4nderung nicht vorgenommen werden kann, werden Sie davon in Kenntnis gesetzt<\/span><br><span dir=\"auto\">per E-Mail.<\/span><\/p>\n<h3><span dir=\"auto\">5. Preise<\/span><\/h3>\n<p><span dir=\"auto\">5.1. Auf unserer Website geben wir immer den Durchschnittspreis pro Zimmer\/Nacht und den Gesamtpreis an<\/span><br><span dir=\"auto\">f\u00fcr den Aufenthalt. Wenn Sie eine Reservierung vornehmen, k\u00f6nnen Sie im Reservierungsformular die W\u00e4hrung bearbeiten, in der <\/span><br><span dir=\"auto\">die Sie bezahlen m\u00f6chten. Wir akzeptieren Zahlungen in CZK und EUR, f\u00fcr alle anderen W\u00e4hrungen wenden Sie sich bitte an <\/span><br><span dir=\"auto\">wenden Sie sich an die Hotelrezeption.<\/span><\/p>\n<p><span dir=\"auto\">5.2. Die Zahlung per Kredit-\/Debitkarte kann in CZK und EUR erfolgen, f\u00fcr andere<\/span><br><span dir=\"auto\">W\u00e4hrungen wenden Sie sich bitte an die Hotelrezeption.<\/span><\/p>\n<p><span dir=\"auto\">5.3. Die Wechselkurse werden t\u00e4glich festgelegt und basieren auf den Kursen der CNB. Informationen \u00fcber den Kurs und den Gesamtbetrag <\/span><br><span dir=\"auto\">Der Preis in CZK, mit dem Ihre Kredit-\/Debitkarte belastet wurde, ist immer in der Rechnung enthalten, die<\/span><br><span dir=\"auto\">die Sie als Anhang zur Best\u00e4tigungs-E-Mail erhalten.<\/span><\/p>\n<h3><span dir=\"auto\">6. Zahlungsbedingungen<\/span><\/h3>\n<p><span dir=\"auto\">6.1. Die Zahlungsmethode h\u00e4ngt von der Art der gew\u00e4hlten Reservierung ab und die Zahlungsbedingungen sind immer angegeben<\/span><br><span dir=\"auto\">in das Reservierungsformular ein.<\/span><\/p>\n<p><span dir=\"auto\">6.2. F\u00fcr Standard-Reservierungen mit der M\u00f6glichkeit der Stornierung 1 Tag vor der Ankunft, ist die Zahlungsmethode direkt<\/span><br><span dir=\"auto\">an der Hotelrezeption. Wenn Sie an der Hotelrezeption bezahlen, ben\u00f6tigen wir von unseren Kunden zum Zwecke der Garantie <\/span><br><span dir=\"auto\">Unterkunft, ihre Kredit-\/Debitkartennummer sowie die G\u00fcltigkeit der Karte. Wir \u00fcberpr\u00fcfen nur diese Karte <\/span><br><span dir=\"auto\">und f\u00fchren die sogenannte Vorautorisierung der Kredit-\/Debitkarte durch.  &nbsp;<\/span><\/p>\n<p><span dir=\"auto\">6.3. F\u00fcr Reservierungen ohne die M\u00f6glichkeit der Stornierung und R\u00fcckerstattung, die Bedingung der sofortigen Vorauszahlung<\/span><br><span dir=\"auto\">von der Kredit-\/Debitkarte des Kunden. Der Betrag f\u00fcr die Unterkunft wird von der angegebenen Kredit-\/Debitkarte abgebucht <\/span><br><span dir=\"auto\">in der Bestellung an der Rezeption des jeweiligen Hotels direkt am Zahlungsterminal des Hotels.<\/span><\/p>\n<h3><span dir=\"auto\">7. Stornierungspolitik<\/span><\/h3>\n<p><span dir=\"auto\">7.1. Wenn Sie eine Reservierung vornehmen, akzeptieren Sie die geltenden Stornierungsbedingungen f\u00fcr den Fall, dass Sie nicht erscheinen<\/span><br><span dir=\"auto\">oder eine versp\u00e4tete Stornierung der Reservierung.<\/span><\/p>\n<p><span dir=\"auto\">7.2. Alle Stornierungen oder \u00c4nderungen der Reservierung m\u00fcssen schriftlich per E-Mail erfolgen und<\/span><br><span dir=\"auto\">an die Adresse der Rezeption des betreffenden Hotels geschickt. Ihre Stornierung oder \u00c4nderung der Reservierung wird <\/span><br><span dir=\"auto\">schriftlich best\u00e4tigt. In dieser Best\u00e4tigung wird auch die m\u00f6gliche H\u00f6he der Vertragsstrafe angegeben, und zwar gem\u00e4\u00df <\/span><br><span dir=\"auto\">die g\u00fcltigen Stornierungsbedingungen.<\/span><\/p>\n<p><span dir=\"auto\">7.3. F\u00fcr Standard-Reservierungen mit der M\u00f6glichkeit der kostenlosen Stornierung 24 Stunden vor Ankunft und Zahlung<\/span><br><span dir=\"auto\">an der Hotelrezeption, wenn die Reservierung bis sp\u00e4testens 18:00 Uhr 24 Stunden vor dem Termin storniert wird.<\/span><br><span dir=\"auto\">Ankunft, wird Ihnen keine Vertragsstrafe in Rechnung gestellt. Im Falle einer Stornierung nach dieser Frist <\/span><br><span dir=\"auto\">oder bei Nichterscheinen wird Ihnen eine Vertragsstrafe in H\u00f6he von 100% des Unterkunftspreises berechnet und<\/span><br><span dir=\"auto\">alle anderen bestellten Dienstleistungen f\u00fcr die erste Nacht.<\/span><\/p>\n<p><span dir=\"auto\">7.4. F\u00fcr Reservierungen ohne die M\u00f6glichkeit der Stornierung und Erstattung und mit sofortiger Vorauszahlung am Tag<\/span><br><span dir=\"auto\">der Reservierung, im Falle einer \u00c4nderung, Stornierung der Reservierung oder bei Nichterscheinen, werden Sie<\/span><br><span dir=\"auto\">eine Vertragsstrafe in H\u00f6he von 100 % des gesamten Reservierungspreises zu zahlen.<\/span><\/p>\n<h4><span dir=\"auto\">STORNOBEDINGUNGEN:<\/span><\/h4>\n<p><span dir=\"auto\">&#8211; 1 Tag vor Ankunft &#8211; Vertragsstrafe in H\u00f6he von 100% des Gesamtpreises der ersten Nacht<\/span><br><span dir=\"auto\">&#8211; Nichterscheinen &#8211; Vertragsstrafe in H\u00f6he von 100% des Gesamtpreises der Reservierung<\/span><\/p>\n<h3><span dir=\"auto\">8. Reklamationen und Entsch\u00e4digung<\/span><\/h3>\n<p><span dir=\"auto\">8.1. Wenn Sie sich \u00fcber die Qualit\u00e4t der Unterkunft beschweren oder Vorbehalte gegen die angebotenen Dienstleistungen haben, versuchen Sie es mit<\/span><br><span dir=\"auto\">kl\u00e4ren Sie alles sofort vor Ort mit der Rezeption oder dem Hotelmanagement und lassen Sie sie<\/span><br><span dir=\"auto\">beheben Sie die Situation so schnell wie m\u00f6glich.<\/span><\/p>\n<p><span dir=\"auto\">8.2. Wenn es nicht m\u00f6glich ist, das Problem vor Ort zu l\u00f6sen, senden Sie uns bitte Ihre Beschwerde an<\/span><br><span dir=\"auto\">recepce@hastal.cz sp\u00e4testens 10 Tage nach dem Datum Ihrer R\u00fcckkehr. Ihre Beschwerde wird <\/span><br><span dir=\"auto\">untersucht, und jede Entsch\u00e4digung wird auf der Grundlage der geltenden Regeln vorgeschlagen, die<\/span><br><span dir=\"auto\">in den einschl\u00e4gigen gesetzlichen Bestimmungen.<\/span><\/p>\n<p><span dir=\"auto\">Hastal <\/span><strong><span dir=\"auto\">beh\u00e4lt sich das Recht vor, diese Bedingungen und Konditionen zu \u00e4ndern.<\/span><\/strong><span dir=\"auto\"> Es liegt<\/span><br><span dir=\"auto\">Es liegt in Ihrer Verantwortung, diese Bedingungen regelm\u00e4\u00dfig vor jeder Buchung zu \u00fcberpr\u00fcfen<\/span><br><span dir=\"auto\">und sich mit eventuellen \u00c4nderungen vertraut zu machen.<\/span><\/p>\n<p><span dir=\"auto\">In Prag am 17. Mai 2024<\/span><\/p>\n<\/div>\n<\/div>\n<\/div>\t\t\t\t\t\t\t\t<\/div>\n\t\t\t\t\t<\/div>\n\t\t\t\t<\/div>\n\t\t\t\t<\/div>\n\t\t","protected":false},"excerpt":{"rendered":"<p>1. Allgemeine Gesch\u00e4ftsbedingungen des Hotel Hastal 1.1. Diese allgemeinen Gesch\u00e4ftsbedingungen gelten f\u00fcr Reservierungen \u00fcber die Hotel-Websitesvon LH Hotels &amp; Resorts sro&#8230;.. 1.2. Indem Sie unsere Website besuchen und durchsuchen, sie nutzen und eine Reservierung vornehmenbest\u00e4tigen Sie, dass Sie gelesen und verstanden haben underkl\u00e4ren Sie sich mit den nachstehenden Bestimmungen und Bedingungen einverstanden. 1.3. Hastal Hotel &#8230;<\/p>\n","protected":false},"author":1,"featured_media":0,"parent":0,"menu_order":0,"comment_status":"closed","ping_status":"closed","template":"elementor_header_footer","meta":{"cozystay_single_page_hide_site_header":"","cozystay_single_page_site_header_source":"","cozystay_single_page_custom_site_header":"0","cozystay_single_page_custom_sticky_site_header":"0","cozystay_single_page_hide_page_title":"","cozystay_single_page_header_section_size":"","cozystay_single_page_header_background_color":"","cozystay_single_page_header_background_position_x":"center","cozystay_single_page_header_background_position_y":"center","cozystay_single_page_header_background_size":"cover","cozystay_single_page_header_background_repeat":"off","cozystay_single_page_header_background_scroll":"on","cozystay_single_page_header_text_color":"","cozystay_single_page_header_show_breadcrumb":"","cozystay_single_page_site_footer_hide_main":"","cozystay_single_custom_site_footer_main_source":"","cozystay_single_custom_site_footer_main":"0","cozystay_single_page_site_footer_hide_above":"","cozystay_single_custom_site_footer_above_source":"","cozystay_single_custom_site_footer_above":"0","cozystay_single_page_site_footer_hide_instagram":"","cozystay_single_page_site_footer_hide_bottom":"","cozystay_single_custom_mobile_menu_source":"","cozystay_single_custom_mobile_menu":"0","cozystay_single_custom_mobile_menu_animation":"","cozystay_single_custom_mobile_menu_width":"","cozystay_single_custom_mobile_menu_custom_width":375,"footnotes":""},"class_list":["post-4632","page","type-page","status-publish","hentry"],"aioseo_notices":[],"_hostinger_reach_plugin_has_subscription_block":false,"_hostinger_reach_plugin_is_elementor":false,"_links":{"self":[{"href":"https:\/\/hastal.rozklad.dev\/de\/wp-json\/wp\/v2\/pages\/4632","targetHints":{"allow":["GET"]}}],"collection":[{"href":"https:\/\/hastal.rozklad.dev\/de\/wp-json\/wp\/v2\/pages"}],"about":[{"href":"https:\/\/hastal.rozklad.dev\/de\/wp-json\/wp\/v2\/types\/page"}],"author":[{"embeddable":true,"href":"https:\/\/hastal.rozklad.dev\/de\/wp-json\/wp\/v2\/users\/1"}],"replies":[{"embeddable":true,"href":"https:\/\/hastal.rozklad.dev\/de\/wp-json\/wp\/v2\/comments?post=4632"}],"version-history":[{"count":1,"href":"https:\/\/hastal.rozklad.dev\/de\/wp-json\/wp\/v2\/pages\/4632\/revisions"}],"predecessor-version":[{"id":4633,"href":"https:\/\/hastal.rozklad.dev\/de\/wp-json\/wp\/v2\/pages\/4632\/revisions\/4633"}],"wp:attachment":[{"href":"https:\/\/hastal.rozklad.dev\/de\/wp-json\/wp\/v2\/media?parent=4632"}],"curies":[{"name":"wp","href":"https:\/\/api.w.org\/{rel}","templated":true}]}}