{"id":4379,"date":"2025-09-20T20:20:21","date_gmt":"2025-09-20T20:20:21","guid":{"rendered":"https:\/\/hastal.rozklad.dev\/datenschutzbestimmungen\/"},"modified":"2026-02-10T17:44:34","modified_gmt":"2026-02-10T17:44:34","slug":"datenschutzbestimmungen","status":"publish","type":"page","link":"https:\/\/hastal.rozklad.dev\/de\/datenschutzbestimmungen\/","title":{"rendered":"Datenschutzbestimmungen"},"content":{"rendered":"\t\t<div data-elementor-type=\"wp-page\" data-elementor-id=\"4379\" class=\"elementor elementor-4379 elementor-3\" data-elementor-post-type=\"page\">\n\t\t\t\t<div class=\"elementor-element elementor-element-77509c99 e-flex e-con-boxed e-con e-parent\" data-id=\"77509c99\" data-element_type=\"container\">\n\t\t\t\t\t<div class=\"e-con-inner\">\n\t\t\t\t<div class=\"elementor-element elementor-element-9348a0e elementor-widget elementor-widget-cs_title\" data-id=\"9348a0e\" data-element_type=\"widget\" data-widget_type=\"cs_title.default\">\n\t\t\t\t<div class=\"elementor-widget-container\">\n\t\t\t\t\t\n        <div class=\"cs-title-wrap text-center\">\t            <h4 class=\"cs-title\">\n\t                Datenschutzbestimmungen\t            <\/h4>        <\/div>\t\t\t\t<\/div>\n\t\t\t\t<\/div>\n\t\t\t\t<div class=\"elementor-element elementor-element-6868630e elementor-widget elementor-widget-text-editor\" data-id=\"6868630e\" data-element_type=\"widget\" data-widget_type=\"text-editor.default\">\n\t\t\t\t\t\t\t\t\t<p><em>Zuletzt aktualisiert: Mai 17, 2024<\/em><\/p><p>In dieser Datenschutzerkl\u00e4rung wird erl\u00e4utert, wie <strong>das Hotel Hastal<\/strong>, das von <strong>LH Hotels &amp; Resorts s.r.o.<\/strong> betrieben wird, Ihre pers\u00f6nlichen Daten erfasst, verwendet, speichert und sch\u00fctzt, wenn Sie unsere Website besuchen, eine Reservierung vornehmen oder unsere Dienstleistungen nutzen.<\/p><p>Indem Sie unsere Website nutzen oder Ihre Daten \u00fcbermitteln, best\u00e4tigen Sie, dass Sie diese Datenschutzrichtlinie gelesen und verstanden haben und mit ihren Bedingungen einverstanden sind.<\/p><h2 class=\"wp-block-heading\"><strong>1. Data Controller<\/strong><\/h2><p><strong>LH Hotels &amp; Resorts s.r.o.<\/strong><br>Eingetragene Adresse: Ha\u0161talsk\u00e1 103\/12, 110 00 Prag 1, Tschechische Republik<br>E-Mail: <strong><a>recepce@hastal.cz<\/a><\/strong><br>Telefon: [Rufnummer einf\u00fcgen]<\/p><p>LH Hotels &amp; Resorts s.r.o. (&#8222;Hotel Hastal&#8220;, &#8222;wir&#8220;, &#8222;unser&#8220; oder &#8222;uns&#8220;) ist der Datenverantwortliche, der f\u00fcr die Verarbeitung Ihrer personenbezogenen Daten gem\u00e4\u00df der <strong>Allgemeinen Datenschutzverordnung (EU) 2016\/679 (GDPR)<\/strong> und dem <strong>EU-Datenschutzgesetz (Verordnung (EU) 2023\/2854)<\/strong> verantwortlich ist.<\/p><h2 class=\"wp-block-heading\"><strong>2. Welche pers\u00f6nlichen Daten wir sammeln<\/strong><\/h2><p>Wir erheben und verarbeiten nur die personenbezogenen Daten, die f\u00fcr die Erbringung unserer Dienstleistungen erforderlich sind, einschlie\u00dflich:<\/p><ul class=\"wp-block-list\"><li><strong>Identifikations- und Kontaktdaten<\/strong> &#8211; Name, Nachname, Adresse, Telefonnummer, E-Mail-Adresse.<\/li><li><strong>Reservierungsinformationen<\/strong> &#8211; Aufenthaltsdaten, Zimmertyp, Anzahl der G\u00e4ste, Pr\u00e4ferenzen und Buchungskanal.<\/li><li><strong>Zahlungsdaten<\/strong> &#8211; Kredit-\/Debitkartendaten (werden \u00fcber ein sicheres Zahlungs-Gateway verarbeitet und nicht von uns gespeichert).<\/li><li><strong>Kommunikationsdaten<\/strong> &#8211; E-Mails, Nachrichten oder Anfragen, die an unser Team gesendet werden.<\/li><li><strong>Technische Informationen<\/strong> &#8211; IP-Adresse, Browsertyp, Ger\u00e4teinformationen und Nutzungsdaten, die \u00fcber Cookies gesammelt werden.<\/li><li><strong>Kontoinformationen<\/strong> (falls zutreffend) &#8211; Benutzername, Anmeldedaten und Buchungshistorie.<\/li><\/ul><p>Wir erheben <strong>keine<\/strong> sensiblen pers\u00f6nlichen Daten, es sei denn, sie werden freiwillig angegeben (z. B. Ern\u00e4hrungsbed\u00fcrfnisse oder Anforderungen an die Barrierefreiheit).<\/p><h2 class=\"wp-block-heading\"><strong>3. Wie wir Ihre Daten sammeln<\/strong><\/h2><p>Wir sammeln Ihre pers\u00f6nlichen Daten auf folgende Weise:<\/p><ul class=\"wp-block-list\"><li>Wenn Sie eine Buchung \u00fcber unsere Website oder unser Kontaktformular vornehmen.<\/li><li>Wenn Sie uns per E-Mail, Telefon oder pers\u00f6nlich kontaktieren.<\/li><li>Wenn Sie sich f\u00fcr Newsletter oder Werbeangebote anmelden.<\/li><li>Wenn Sie auf unserer Website surfen und Cookies akzeptieren.<\/li><\/ul><h2 class=\"wp-block-heading\"><strong>4. Rechtsgrundlage f\u00fcr die Verarbeitung<\/strong><\/h2><p>Wir verarbeiten Ihre Daten auf einer oder mehreren der folgenden Rechtsgrundlagen:<\/p><figure class=\"wp-block-table\"><table class=\"has-fixed-layout\"><thead><tr><th>Zweck<\/th><th>Rechtsgrundlage<\/th><\/tr><\/thead><tbody><tr><td>Zur Verwaltung und Best\u00e4tigung Ihrer Reservierung<\/td><td>Erf\u00fcllung eines Vertrags (Art. 6(1)(b) GDPR) <\/td><\/tr><tr><td>Um Zahlungen zu verarbeiten<\/td><td>Erf\u00fcllung eines Vertrags (Art. 6(1)(b) GDPR) <\/td><\/tr><tr><td>Um Buchungsbest\u00e4tigungen und damit verbundene Mitteilungen zu versenden<\/td><td>Berechtigtes Interesse (Art. 6(1)(f) GDPR) <\/td><\/tr><tr><td>Zur Erf\u00fcllung gesetzlicher und steuerlicher Verpflichtungen<\/td><td>Gesetzliche Verpflichtung (Art. 6(1)(c) GDPR) <\/td><\/tr><tr><td>Zur Verbesserung der Dienstleistungen und der Leistung der Website<\/td><td>Berechtigtes Interesse (Art. 6(1)(f) GDPR) <\/td><\/tr><tr><td>Zum Versenden von Newslettern oder Marketingangeboten<\/td><td>Einwilligung (Art. 6(1)(a) GDPR) <\/td><\/tr><\/tbody><\/table><\/figure><h2 class=\"wp-block-heading\"><strong>5. Wie wir Ihre Daten verwenden<\/strong><\/h2><p>Ihre pers\u00f6nlichen Daten werden ausschlie\u00dflich f\u00fcr folgende Zwecke verwendet:<\/p><ul class=\"wp-block-list\"><li>Verwalten und Best\u00e4tigen von Buchungen.<\/li><li>Sichere Zahlungsabwicklung.<\/li><li>Kommunikation \u00fcber Ihren Aufenthalt oder besondere W\u00fcnsche.<\/li><li>Erf\u00fcllung rechtlicher, buchhalterischer und steuerlicher Verpflichtungen.<\/li><li>Verbesserung unserer Website, Dienstleistungen und Kundenerfahrung.<\/li><li>Zusendung von Marketingangeboten und Aktualisierungen (nur wenn Sie sich daf\u00fcr entschieden haben).<\/li><\/ul><p>Wir verkaufen oder vermieten Ihre pers\u00f6nlichen Daten niemals.<\/p><h2 class=\"wp-block-heading\"><strong>6. Gemeinsame Nutzung von Daten<\/strong><\/h2><p>Wir geben Ihre Daten nur an vertrauensw\u00fcrdige Partner weiter, wenn dies f\u00fcr den Gesch\u00e4ftsbetrieb oder die Einhaltung von Vorschriften erforderlich ist:<\/p><ul class=\"wp-block-list\"><li><strong>Zahlungsabwickler und Banken<\/strong> &#8211; um Zahlungen sicher zu verarbeiten.<\/li><li><strong>IT- und Hosting-Anbieter<\/strong> &#8211; f\u00fcr den Betrieb unseres Buchungssystems und unserer Website.<\/li><li><strong>Rechts-, Steuer- und Buchhaltungsberater<\/strong> &#8211; zur Erf\u00fcllung gesetzlicher Verpflichtungen.<\/li><li><strong>Beh\u00f6rden<\/strong> &#8211; nur, wenn dies gesetzlich vorgeschrieben ist (z.B. Polizei, Zoll oder Finanz\u00e4mter).<\/li><\/ul><p>Alle Dritten verarbeiten Ihre Daten in \u00dcbereinstimmung mit der GDPR und unter strengen Vertraulichkeitsvereinbarungen.<br>Wir \u00fcbermitteln keine Daten au\u00dferhalb des <strong>Europ\u00e4ischen Wirtschaftsraums (EWR<\/strong> ), es sei denn, es bestehen angemessene Sicherheitsvorkehrungen (wie die EU-Standardvertragsklauseln).<\/p><h2 class=\"wp-block-heading\"><strong>7. Aufbewahrung von Daten<\/strong><\/h2><p>Ihre Daten werden nur so lange aufbewahrt, wie es f\u00fcr den Zweck, f\u00fcr den sie erhoben wurden, erforderlich ist:<\/p><ul class=\"wp-block-list\"><li>Reservierungs- und Rechnungsdaten &#8211; <strong>10 Jahre<\/strong> (wie vom tschechischen Steuergesetz vorgeschrieben).<\/li><li>Registrierungsformulare f\u00fcr G\u00e4ste &#8211; <strong>3 Jahre<\/strong> nach Ihrem Aufenthalt.<\/li><li>Marketing und Kommunikation &#8211; bis Sie Ihre Einwilligung widerrufen.<\/li><li>Website-Analysen und Cookies &#8211; f\u00fcr die festgelegte Dauer oder bis sie von Ihnen gel\u00f6scht werden.<\/li><\/ul><p>Sobald die Aufbewahrungsfrist abgelaufen ist, werden Ihre Daten sicher gel\u00f6scht oder anonymisiert.<\/p><h2 class=\"wp-block-heading\"><strong>8. Cookies<\/strong><\/h2><p>Unsere Website verwendet Cookies und \u00e4hnliche Technologien, um die Leistung zu verbessern, den Datenverkehr zu analysieren und Inhalte zu personalisieren.<\/p><p>Sie k\u00f6nnen Cookies jederzeit in den Einstellungen Ihres Browsers verwalten oder deaktivieren.<br>Weitere Informationen finden Sie in unserer <strong>Cookie-Richtlinie<\/strong>.<\/p><h2 class=\"wp-block-heading\"><strong>9. Ihre Rechte<\/strong><\/h2><p>Gem\u00e4\u00df GDPR haben Sie die folgenden Rechte:<\/p><ul class=\"wp-block-list\"><li><strong>Recht auf Zugang<\/strong> &#8211; um eine Kopie der pers\u00f6nlichen Daten anzufordern, die wir \u00fcber Sie gespeichert haben.<\/li><li><strong>Recht auf Berichtigung<\/strong> &#8211; um ungenaue oder unvollst\u00e4ndige Daten zu korrigieren.<\/li><li><strong>Recht auf L\u00f6schung<\/strong> &#8211; um die L\u00f6schung Ihrer Daten zu verlangen (&#8222;Recht auf Vergessenwerden&#8220;).<\/li><li><strong>Recht auf Einschr\u00e4nkung der Verarbeitung<\/strong> &#8211; um die Verwendung Ihrer Daten einzuschr\u00e4nken.<\/li><li><strong>Recht auf Daten\u00fcbertragbarkeit<\/strong> &#8211; um Ihre Daten in einem strukturierten, allgemein gebr\u00e4uchlichen Format zu erhalten.<\/li><li><strong>Widerspruchsrecht<\/strong> &#8211; um der Verarbeitung auf der Grundlage von berechtigten Interessen oder Direktmarketing zu widersprechen.<\/li><li><strong>Recht auf Widerruf der Einwilligung<\/strong> &#8211; jederzeit, wenn die Verarbeitung auf einer Einwilligung beruht.<\/li><\/ul><p>Um diese Rechte auszu\u00fcben, kontaktieren Sie uns bitte unter <strong><a>recepce@hastal.cz<\/a><\/strong>.<br>Wir werden innerhalb von <strong>30 Tagen<\/strong> antworten, wie es das Gesetz vorschreibt.<\/p><h3 class=\"wp-block-heading\"><strong>Datenexport und L\u00f6schungsantr\u00e4ge<\/strong><\/h3><p>Wenn Sie ein Konto auf unserer Website erstellt oder Informationen \u00fcbermittelt haben (z.B. \u00fcber ein Buchungs- oder Kontaktformular), k\u00f6nnen Sie eine exportierte Datei der personenbezogenen Daten anfordern, die wir \u00fcber Sie gespeichert haben, einschlie\u00dflich aller Daten, die Sie uns zur Verf\u00fcgung gestellt haben.<\/p><p>Sie k\u00f6nnen auch verlangen, dass wir alle personenbezogenen Daten, die wir \u00fcber Sie gespeichert haben, l\u00f6schen.<br>Dies gilt nicht f\u00fcr Daten, die wir aus administrativen, rechtlichen oder Sicherheitsgr\u00fcnden aufbewahren m\u00fcssen.<\/p><p>Um eine solche Anfrage zu stellen, wenden Sie sich bitte an: <strong><a>recepce@hastal.cz<\/a><\/strong><\/p><h2 class=\"wp-block-heading\"><strong>10. Datensicherheit<\/strong><\/h2><p>Wir wenden strenge technische und organisatorische Sicherheitsvorkehrungen zum Schutz Ihrer Daten an, einschlie\u00dflich:<\/p><ul class=\"wp-block-list\"><li>SSL-Verschl\u00fcsselung bei allen Daten\u00fcbertragungen (HTTPS).<\/li><li>Sichere Zahlungs-Gateways mit PCI-DSS-Konformit\u00e4t.<\/li><li>Eingeschr\u00e4nkter Zugriff der Mitarbeiter auf pers\u00f6nliche Daten.<\/li><li>Regelm\u00e4\u00dfige Audits, Backups und Cybersicherheitsma\u00dfnahmen.<\/li><\/ul><p>Im Falle eines Datenschutzversto\u00dfes werden wir die zust\u00e4ndige Aufsichtsbeh\u00f6rde und die betroffenen Personen benachrichtigen, wie es die DSGVO verlangt.<\/p><h2 class=\"wp-block-heading\"><strong>11. Einhaltung des EU-Datenschutzgesetzes<\/strong><\/h2><p>In \u00dcbereinstimmung mit dem <strong>EU-Datenschutzgesetz (Verordnung (EU) 2023\/2854)<\/strong> stellen wir sicher:<\/p><ul class=\"wp-block-list\"><li>Transparente und faire Praktiken im Umgang mit Daten.<\/li><li>Dass Benutzer die volle Kontrolle und den Zugriff auf ihre Daten haben.<\/li><li>Dass keine pers\u00f6nlichen Daten ohne Zustimmung weitergegeben oder zu Geld gemacht werden.<\/li><li>Dass Benutzer ihre Daten in einem strukturierten, maschinenlesbaren Format exportieren oder \u00fcbertragen k\u00f6nnen.<\/li><li>Dass kein Profiling oder automatisierte Entscheidungsfindung ohne ausdr\u00fcckliche Zustimmung erfolgt.<\/li><\/ul><h2 class=\"wp-block-heading\"><strong>12. Links von Drittanbietern<\/strong><\/h2><p>Unsere Website kann Links zu Websites Dritter enthalten.<br>Wir sind nicht verantwortlich f\u00fcr die Datenschutzpraktiken oder den Inhalt dieser Websites und empfehlen Ihnen, die jeweiligen Datenschutzrichtlinien zu lesen.<\/p><h2 class=\"wp-block-heading\"><strong>13. \u00c4nderungen an dieser Richtlinie<\/strong><\/h2><p>Wir k\u00f6nnen diese Datenschutzrichtlinie von Zeit zu Zeit aktualisieren, um gesetzlichen \u00c4nderungen zu entsprechen oder die Transparenz zu verbessern.<br>Die aktualisierte Version wird immer auf dieser Seite mit einem neuen &#8222;last updated&#8220; Datum ver\u00f6ffentlicht.<\/p><h2 class=\"wp-block-heading\"><strong>14. Kontakt<\/strong><\/h2><p>Wenn Sie Fragen, Bedenken oder W\u00fcnsche in Bezug auf diese Datenschutzrichtlinie oder Ihre pers\u00f6nlichen Daten haben, kontaktieren Sie uns bitte unter:<\/p><p><strong>Hotel Hastal &#8211; Datenschutzbeauftragter<\/strong><br>LH Hotels &amp; Resorts s.r.o.<br>Ha\u0161talsk\u00e1 103\/12, 110 00 Prag 1, Tschechische Republik<br>Email: <strong><a>recepce@hastal.cz<\/a><\/strong><\/p><p>Wenn Sie glauben, dass Ihre Datenrechte verletzt wurden, k\u00f6nnen Sie eine Beschwerde beim <strong>Amt f\u00fcr den Schutz personenbezogener Daten (\u00da\u0159ad pro ochranu osobn\u00edch \u00fadaj\u016f)<\/strong> einreichen &#8211; <a>www.uoou.cz.<\/a><\/p>\t\t\t\t\t\t\t\t<\/div>\n\t\t\t\t\t<\/div>\n\t\t\t\t<\/div>\n\t\t\t\t<\/div>\n\t\t","protected":false},"excerpt":{"rendered":"<p>Datenschutzbestimmungen Zuletzt aktualisiert: Mai 17, 2024 In dieser Datenschutzerkl\u00e4rung wird erl\u00e4utert, wie das Hotel Hastal, das von LH Hotels &amp; Resorts s.r.o. betrieben wird, Ihre pers\u00f6nlichen Daten erfasst, verwendet, speichert und sch\u00fctzt, wenn Sie unsere Website besuchen, eine Reservierung vornehmen oder unsere Dienstleistungen nutzen. Indem Sie unsere Website nutzen oder Ihre Daten \u00fcbermitteln, best\u00e4tigen Sie, &#8230;<\/p>\n","protected":false},"author":1,"featured_media":0,"parent":0,"menu_order":0,"comment_status":"closed","ping_status":"open","template":"elementor_header_footer","meta":{"cozystay_single_page_hide_site_header":"","cozystay_single_page_site_header_source":"","cozystay_single_page_custom_site_header":"0","cozystay_single_page_custom_sticky_site_header":"0","cozystay_single_page_hide_page_title":"","cozystay_single_page_header_section_size":"","cozystay_single_page_header_background_color":"","cozystay_single_page_header_background_position_x":"center","cozystay_single_page_header_background_position_y":"center","cozystay_single_page_header_background_size":"cover","cozystay_single_page_header_background_repeat":"off","cozystay_single_page_header_background_scroll":"on","cozystay_single_page_header_text_color":"","cozystay_single_page_header_show_breadcrumb":"","cozystay_single_page_site_footer_hide_main":"","cozystay_single_custom_site_footer_main_source":"","cozystay_single_custom_site_footer_main":"0","cozystay_single_page_site_footer_hide_above":"","cozystay_single_custom_site_footer_above_source":"","cozystay_single_custom_site_footer_above":"0","cozystay_single_page_site_footer_hide_instagram":"","cozystay_single_page_site_footer_hide_bottom":"","cozystay_single_custom_mobile_menu_source":"","cozystay_single_custom_mobile_menu":"0","cozystay_single_custom_mobile_menu_animation":"","cozystay_single_custom_mobile_menu_width":"","cozystay_single_custom_mobile_menu_custom_width":375,"footnotes":""},"class_list":["post-4379","page","type-page","status-publish","hentry"],"aioseo_notices":[],"_hostinger_reach_plugin_has_subscription_block":false,"_hostinger_reach_plugin_is_elementor":false,"_links":{"self":[{"href":"https:\/\/hastal.rozklad.dev\/de\/wp-json\/wp\/v2\/pages\/4379","targetHints":{"allow":["GET"]}}],"collection":[{"href":"https:\/\/hastal.rozklad.dev\/de\/wp-json\/wp\/v2\/pages"}],"about":[{"href":"https:\/\/hastal.rozklad.dev\/de\/wp-json\/wp\/v2\/types\/page"}],"author":[{"embeddable":true,"href":"https:\/\/hastal.rozklad.dev\/de\/wp-json\/wp\/v2\/users\/1"}],"replies":[{"embeddable":true,"href":"https:\/\/hastal.rozklad.dev\/de\/wp-json\/wp\/v2\/comments?post=4379"}],"version-history":[{"count":4,"href":"https:\/\/hastal.rozklad.dev\/de\/wp-json\/wp\/v2\/pages\/4379\/revisions"}],"predecessor-version":[{"id":5573,"href":"https:\/\/hastal.rozklad.dev\/de\/wp-json\/wp\/v2\/pages\/4379\/revisions\/5573"}],"wp:attachment":[{"href":"https:\/\/hastal.rozklad.dev\/de\/wp-json\/wp\/v2\/media?parent=4379"}],"curies":[{"name":"wp","href":"https:\/\/api.w.org\/{rel}","templated":true}]}}